{"id":321,"date":"2021-12-02T09:25:46","date_gmt":"2021-12-02T08:25:46","guid":{"rendered":"https:\/\/ecole.ac-nice.fr\/valbonne\/?page_id=321"},"modified":"2022-05-23T15:00:29","modified_gmt":"2022-05-23T13:00:29","slug":"documents-animations-pedagogiques-2021-22","status":"publish","type":"page","link":"https:\/\/ecole.ac-nice.fr\/valbonne\/documents-animations-pedagogiques-2021-22\/","title":{"rendered":"Documents animations p\u00e9dagogiques 2021-22"},"content":{"rendered":"<table style=\"height: 657px; width: 100%; border-collapse: collapse; background-color: #c5ebc6; border-style: solid;\">\n<tbody>\n<tr style=\"height: 28px; background-color: #f0cd30;\">\n<td style=\"width: 100%; height: 28px; text-align: left;\"><a href=\"http:\/\/ecole.ac-nice.fr\/valbonne\/wp-content\/uploads\/2021\/12\/Anim-stop-motion.pdf\"><span style=\"font-size: 14pt;\">Diaporama de l&rsquo;animation : Fran\u00e7ais et stopmotion<\/span><\/a><\/td>\n<\/tr>\n<tr style=\"background-color: #f0aff0;\">\n<td style=\"width: 100%; height: 37px; text-align: left;\"><a href=\"https:\/\/digipad.app\/p\/123504\/723a0a94bcc39\"><span style=\"font-size: 14pt;\"> <span style=\"font-family: Arial;\"> Le Visibil\u00e9o C2<\/span><\/span><\/a><\/td>\n<\/tr>\n<tr style=\"background-color: #f0aff0;\">\n<td style=\"width: 100%; height: 37px; text-align: left;\"><a href=\"https:\/\/digipad.app\/p\/123472\/1bf6877c96bbd\"><span style=\"font-size: 14pt;\"><span style=\"font-family: Arial;\">La fleur lexicale autour de la col\u00e8re C2<\/span><\/span><\/a><\/td>\n<\/tr>\n<tr style=\"background-color: #f0aff0;\">\n<td style=\"width: 100%; height: 37px; text-align: left;\"><span style=\"font-size: 14pt;\"><span style=\"font-family: Arial;\"><a href=\"https:\/\/digipad.app\/p\/118025\/2988c5a1bacb3\">La carte mentale autour d&rsquo;un album tr\u00e8s structur\u00e9 C2<\/a><\/span><\/span><\/td>\n<\/tr>\n<tr style=\"background-color: #f0aff0;\">\n<td style=\"width: 100%; height: 37px; text-align: left;\"><span style=\"font-size: 14pt;\"><span style=\"font-family: Arial;\"><a href=\"https:\/\/digipad.app\/p\/130788\/5bfcf769d3d87\"> La lecture pas-\u00e0-pas C2<\/a><br \/>\n<\/span><\/span><\/td>\n<\/tr>\n<tr style=\"background-color: #f0aff0;\">\n<td style=\"width: 100%; height: 37px; text-align: left;\"><span style=\"font-size: 14pt;\"><span style=\"font-family: Arial;\"><a href=\"https:\/\/digipad.app\/p\/132200\/9d91c7eb4d3ba\">Le verbe, marques de personne-marques de temps C3<\/a><\/span><\/span><\/td>\n<\/tr>\n<tr style=\"background-color: #f0aff0;\">\n<td style=\"width: 100%; height: 37px; text-align: left;\"><span style=\"font-size: 14pt;\"><span style=\"font-family: Arial;\"><a href=\"http:\/\/ecole.ac-nice.fr\/valbonne\/wp-content\/uploads\/2022\/01\/Nice-3-et-Valbonne-Des-cartes-didentite\u0301-des-verbes-Nathalie-Leblanc-2.pdf\">Cartes d&rsquo;identit\u00e9 des verbes par Nathalie Leblanc<\/a><\/span><\/span><\/td>\n<\/tr>\n<tr style=\"background-color: #81dbc0;\">\n<td style=\"width: 100%; text-align: left; height: 37px;\"><span style=\"font-size: 14pt;\"><span style=\"font-family: Arial;\"><a href=\"http:\/\/ecole.ac-nice.fr\/valbonne\/wp-content\/uploads\/2022\/05\/1-Introduction-FetG.pdf\">1 Introduction Formes et Grandeurs maternelle<\/a><br \/>\n<\/span><\/span><\/td>\n<\/tr>\n<tr style=\"background-color: #81dbc0;\">\n<td style=\"width: 100%; text-align: left; height: 37px;\"><span style=\"font-size: 14pt;\"><span style=\"font-family: Arial;\"><a href=\"http:\/\/ecole.ac-nice.fr\/valbonne\/wp-content\/uploads\/2022\/05\/2-Un-detour-dans-le-domaine-des-arts-FetG.pdf\">2 Un d\u00e9tour dans le domaine des arts Formes et Grandeurs maternelle<\/a><br \/>\n<\/span><\/span><\/td>\n<\/tr>\n<tr style=\"background-color: #81dbc0;\">\n<td style=\"width: 100%; text-align: left; height: 37px;\"><span style=\"font-size: 14pt;\"><span style=\"font-family: Arial;\"><a href=\"http:\/\/ecole.ac-nice.fr\/valbonne\/wp-content\/uploads\/2022\/05\/3-Du-vecu-a-la-representation-FetG.pdf\">3 Du v\u00e9cu \u00e0 la repr\u00e9sentation Formes et Grandeurs maternelle<\/a><br \/>\n<\/span><\/span><\/td>\n<\/tr>\n<tr style=\"background-color: #f2ec33;\">\n<td style=\"width: 100%; height: 37px;\"><a href=\"http:\/\/ecole.ac-nice.fr\/valbonne\/wp-content\/uploads\/2022\/05\/Les-Mathematiques-du-quotidien-C2.pdf\"><span style=\"font-size: 14pt;\"><span style=\"font-family: Arial;\">Les Math\u00e9matiques du quotidien C2<\/span><\/span><\/a><\/td>\n<\/tr>\n<tr style=\"background-color: #f2ec33;\">\n<td style=\"width: 100%; height: 37px;\"><a href=\"http:\/\/ecole.ac-nice.fr\/valbonne\/wp-content\/uploads\/2022\/05\/Les-Mathematiques-du-quotidien-C3.pdf\"><span style=\"font-size: 14pt;\"><span style=\"font-family: Arial;\">Les Math\u00e9matiques du quotidien C3<\/span><\/span><\/a><\/td>\n<\/tr>\n<tr style=\"background-color: #f2ec33;\">\n<td style=\"width: 100%; height: 37px;\"><span style=\"font-size: 14pt;\"><span style=\"font-family: Arial;\"><a href=\"http:\/\/ecole.ac-nice.fr\/valbonne\/wp-content\/uploads\/2022\/05\/Les-maths-du-quotidien-document-de-restitution.pdf\">Les maths du quotidien document de restitution (pdf)<\/a><br \/>\n<\/span><\/span><\/td>\n<\/tr>\n<tr style=\"background-color: #f2ec33;\">\n<td style=\"width: 100%; height: 37px;\"><span style=\"font-size: 14pt;\"><span style=\"font-family: Arial;\"><a href=\"http:\/\/ecole.ac-nice.fr\/valbonne\/wp-content\/uploads\/2022\/05\/Maths-du-quotidien-document-de-restitution.docx\">Les maths du quotidien document de restitution (word)<\/a><br \/>\n<\/span><\/span><\/td>\n<\/tr>\n<tr style=\"background-color: #f2ef3d;\">\n<td style=\"width: 100%; height: 37px;\"><a href=\"http:\/\/ecole.ac-nice.fr\/valbonne\/wp-content\/uploads\/2022\/05\/Les-mathematiques-du-quotidien-2eme-partie-Langevin-Gachon.pdf\"><span style=\"font-size: 14pt;\"><span style=\"font-family: Arial;\">Les math\u00e9matiques du quotidien 2\u00e8me partie Langevin Gachon<\/span><\/span><\/a><\/td>\n<\/tr>\n<tr style=\"background-color: #f2ef3d;\">\n<td style=\"width: 100%; height: 37px;\"><a href=\"http:\/\/ecole.ac-nice.fr\/valbonne\/wp-content\/uploads\/2022\/05\/Les-mathematiques-du-quotidien-2eme-partie-Mistral-Daudet.pdf\"><span style=\"font-size: 14pt;\"><span style=\"font-family: Arial;\">Les math\u00e9matiques du quotidien 2\u00e8me partie Mistral Daudet<\/span><\/span><\/a><\/td>\n<\/tr>\n<tr style=\"background-color: #f2ef3d;\">\n<td style=\"width: 100%; height: 37px;\"><span style=\"font-size: 14pt;\"><span style=\"font-family: Arial;\"><a href=\"http:\/\/ecole.ac-nice.fr\/valbonne\/wp-content\/uploads\/2022\/05\/formes.pdf\">Formes<\/a> et <a href=\"http:\/\/ecole.ac-nice.fr\/valbonne\/wp-content\/uploads\/2022\/05\/tableau-formes.pdf\">tableau de formes<\/a><br \/>\n<\/span><\/span><\/td>\n<\/tr>\n<\/tbody>\n<\/table>\n","protected":false},"excerpt":{"rendered":"<p>Diaporama de l&rsquo;animation : Fran\u00e7ais et stopmotion Le Visibil\u00e9o C2 La fleur lexicale autour de la col\u00e8re C2 La carte mentale autour d&rsquo;un album tr\u00e8s structur\u00e9 C2 La lecture pas-\u00e0-pas C2 Le verbe, marques de personne-marques de temps C3 Cartes d&rsquo;identit\u00e9 des verbes par Nathalie Leblanc 1 Introduction Formes et Grandeurs maternelle 2 Un d\u00e9tour &hellip; <a href=\"https:\/\/ecole.ac-nice.fr\/valbonne\/documents-animations-pedagogiques-2021-22\/\" class=\"more-link\">Continuer la lecture de <span class=\"screen-reader-text\">Documents animations p\u00e9dagogiques 2021-22<\/span> <span class=\"meta-nav\">&rarr;<\/span><\/a><\/p>\n","protected":false},"author":2,"featured_media":0,"parent":0,"menu_order":0,"comment_status":"closed","ping_status":"closed","template":"","meta":{"footnotes":""},"class_list":["post-321","page","type-page","status-publish","hentry"],"_links":{"self":[{"href":"https:\/\/ecole.ac-nice.fr\/valbonne\/wp-json\/wp\/v2\/pages\/321","targetHints":{"allow":["GET"]}}],"collection":[{"href":"https:\/\/ecole.ac-nice.fr\/valbonne\/wp-json\/wp\/v2\/pages"}],"about":[{"href":"https:\/\/ecole.ac-nice.fr\/valbonne\/wp-json\/wp\/v2\/types\/page"}],"author":[{"embeddable":true,"href":"https:\/\/ecole.ac-nice.fr\/valbonne\/wp-json\/wp\/v2\/users\/2"}],"replies":[{"embeddable":true,"href":"https:\/\/ecole.ac-nice.fr\/valbonne\/wp-json\/wp\/v2\/comments?post=321"}],"version-history":[{"count":8,"href":"https:\/\/ecole.ac-nice.fr\/valbonne\/wp-json\/wp\/v2\/pages\/321\/revisions"}],"predecessor-version":[{"id":383,"href":"https:\/\/ecole.ac-nice.fr\/valbonne\/wp-json\/wp\/v2\/pages\/321\/revisions\/383"}],"wp:attachment":[{"href":"https:\/\/ecole.ac-nice.fr\/valbonne\/wp-json\/wp\/v2\/media?parent=321"}],"curies":[{"name":"wp","href":"https:\/\/api.w.org\/{rel}","templated":true}]}}