{"id":7,"date":"2017-01-30T15:45:13","date_gmt":"2017-01-30T14:45:13","guid":{"rendered":"http:\/\/ecole.ac-nice.fr\/valbonne\/repvallauris\/?page_id=7"},"modified":"2022-12-02T16:11:31","modified_gmt":"2022-12-02T15:11:31","slug":"7-2","status":"publish","type":"page","link":"https:\/\/ecole.ac-nice.fr\/valbonne\/repvallauris\/","title":{"rendered":"ACCUEIL"},"content":{"rendered":"<h3 style=\"text-align: center\"><span style=\"color: #ff0000\"><span style=\"color: #ff9900\">BIENVENUE SUR LE SITE DU <\/span><\/span><span style=\"color: #ff0000\"><span style=\"color: #ff9900\">REP DE VALLAURIS<\/span><br \/>\n<\/span><\/h3>\n<p style=\"text-align: center\">Le<strong><span style=\"color: #ff9900\"> R<\/span><\/strong>\u00e9seau d\u2019<strong><span style=\"color: #ff9900\">\u00c9<\/span><\/strong>ducation <strong><span style=\"color: #ff9900\">P<\/span><\/strong>rioritaire des \u00e9coles et du coll\u00e8ge Pablo Picasso.<\/p>\n<p><em><span style=\"color: #3366ff\"><span style=\"font-family: tahoma, arial, helvetica, sans-serif;font-size: 12pt\">\u00c9l\u00e8ves, parents, enseignants, partenaires&#8230; vous trouverez sur ce site, <\/span><span style=\"font-family: tahoma, arial, helvetica, sans-serif;font-size: 12pt\">des informations pratiques et <\/span><\/span><\/em><span style=\"font-family: tahoma, arial, helvetica, sans-serif;font-size: 12pt\"><em><span style=\"color: #3366ff\">des souvenirs d&rsquo;\u00e9v\u00e8nements communs \u00e0 plusieurs \u00e9tablissements du REP.<\/span><\/em><br \/>\n<\/span><\/p>\n<p style=\"text-align: left\"><span style=\"color: #ff6600\"><strong>Derni\u00e8res informations :<br \/>\n<\/strong><\/span><\/p>\n<p>Le 15 novembre, les \u00e9l\u00e8ves se sont rendus salle du Minotaure pour assister au deuxi\u00e8me spectacle propos\u00e9 par la DAC dans le cadre de la programmation jeune public.\u00a0\u00a0\u00a0\u00a0\u00a0\u00a0\u00a0\u00a0\u00a0\u00a0\u00a0\u00a0\u00a0 <img loading=\"lazy\" decoding=\"async\" class=\"alignnone size-medium wp-image-742\" src=\"http:\/\/ecole.ac-nice.fr\/valbonne\/repvallauris\/wp-content\/uploads\/sites\/16\/2022\/12\/MllB-300x170.jpg\" alt=\"\" width=\"300\" height=\"170\" srcset=\"https:\/\/ecole.ac-nice.fr\/valbonne\/repvallauris\/wp-content\/uploads\/sites\/16\/2022\/12\/MllB-300x170.jpg 300w, https:\/\/ecole.ac-nice.fr\/valbonne\/repvallauris\/wp-content\/uploads\/sites\/16\/2022\/12\/MllB-768x436.jpg 768w, https:\/\/ecole.ac-nice.fr\/valbonne\/repvallauris\/wp-content\/uploads\/sites\/16\/2022\/12\/MllB.jpg 988w\" sizes=\"auto, (max-width: 300px) 100vw, 300px\" \/><\/p>\n<p>En amont de ce merveilleux spectacle, les \u00e9l\u00e8ves ont b\u00e9n\u00e9fici\u00e9 d&rsquo;ateliers qui leur ont permis de cr\u00e9er des personnages \u00e0 partir de leur \u00ab\u00a0pr\u00e9nom de lettres\u00a0\u00bb.<\/p>\n<p><img loading=\"lazy\" decoding=\"async\" class=\"alignnone size-full wp-image-743\" src=\"http:\/\/ecole.ac-nice.fr\/valbonne\/repvallauris\/wp-content\/uploads\/sites\/16\/2022\/12\/prenoms1.jpeg\" alt=\"\" width=\"283\" height=\"153\" \/> \u00a0 \u00a0 \u00a0\u00a0 \u00a0\u00a0 <img loading=\"lazy\" decoding=\"async\" class=\"alignnone size-medium wp-image-744\" src=\"http:\/\/ecole.ac-nice.fr\/valbonne\/repvallauris\/wp-content\/uploads\/sites\/16\/2022\/12\/prenoms2.jpeg\" alt=\"\" width=\"283\" height=\"116\" \/><\/p>\n<p>&nbsp;<\/p>\n","protected":false},"excerpt":{"rendered":"<p>BIENVENUE SUR LE SITE DU REP DE VALLAURIS Le R\u00e9seau d\u2019\u00c9ducation Prioritaire des \u00e9coles et du coll\u00e8ge Pablo Picasso. \u00c9l\u00e8ves, parents, enseignants, partenaires&#8230; vous trouverez sur ce site, des informations pratiques et des souvenirs d&rsquo;\u00e9v\u00e8nements communs \u00e0 plusieurs \u00e9tablissements du REP. Derni\u00e8res informations : Le 15 novembre, les \u00e9l\u00e8ves se sont rendus salle du Minotaure &hellip; <a href=\"https:\/\/ecole.ac-nice.fr\/valbonne\/repvallauris\/\" class=\"more-link\">Continuer la lecture de <span class=\"screen-reader-text\">ACCUEIL<\/span> <span class=\"meta-nav\">&rarr;<\/span><\/a><\/p>\n","protected":false},"author":2,"featured_media":0,"parent":0,"menu_order":0,"comment_status":"closed","ping_status":"closed","template":"","meta":{"footnotes":""},"class_list":["post-7","page","type-page","status-publish","hentry"],"_links":{"self":[{"href":"https:\/\/ecole.ac-nice.fr\/valbonne\/repvallauris\/wp-json\/wp\/v2\/pages\/7","targetHints":{"allow":["GET"]}}],"collection":[{"href":"https:\/\/ecole.ac-nice.fr\/valbonne\/repvallauris\/wp-json\/wp\/v2\/pages"}],"about":[{"href":"https:\/\/ecole.ac-nice.fr\/valbonne\/repvallauris\/wp-json\/wp\/v2\/types\/page"}],"author":[{"embeddable":true,"href":"https:\/\/ecole.ac-nice.fr\/valbonne\/repvallauris\/wp-json\/wp\/v2\/users\/2"}],"replies":[{"embeddable":true,"href":"https:\/\/ecole.ac-nice.fr\/valbonne\/repvallauris\/wp-json\/wp\/v2\/comments?post=7"}],"version-history":[{"count":86,"href":"https:\/\/ecole.ac-nice.fr\/valbonne\/repvallauris\/wp-json\/wp\/v2\/pages\/7\/revisions"}],"predecessor-version":[{"id":747,"href":"https:\/\/ecole.ac-nice.fr\/valbonne\/repvallauris\/wp-json\/wp\/v2\/pages\/7\/revisions\/747"}],"wp:attachment":[{"href":"https:\/\/ecole.ac-nice.fr\/valbonne\/repvallauris\/wp-json\/wp\/v2\/media?parent=7"}],"curies":[{"name":"wp","href":"https:\/\/api.w.org\/{rel}","templated":true}]}}