{"id":7,"date":"2017-01-30T15:45:13","date_gmt":"2017-01-30T14:45:13","guid":{"rendered":"http:\/\/ecole.ac-nice.fr\/valbonne\/matgarbejaire\/?page_id=7"},"modified":"2024-03-18T15:21:17","modified_gmt":"2024-03-18T14:21:17","slug":"7-2","status":"publish","type":"page","link":"https:\/\/ecole.ac-nice.fr\/valbonne\/matgarbejaire\/","title":{"rendered":"ACCUEIL"},"content":{"rendered":"<p><img loading=\"lazy\" decoding=\"async\" class=\"size-medium wp-image-3301 aligncenter\" src=\"http:\/\/ecole.ac-nice.fr\/valbonne\/matgarbejaire\/wp-content\/uploads\/sites\/6\/2020\/06\/entr\u00e9e-300x169.jpg\" alt=\"\" width=\"300\" height=\"169\" srcset=\"https:\/\/ecole.ac-nice.fr\/valbonne\/matgarbejaire\/wp-content\/uploads\/sites\/6\/2020\/06\/entr\u00e9e-300x169.jpg 300w, https:\/\/ecole.ac-nice.fr\/valbonne\/matgarbejaire\/wp-content\/uploads\/sites\/6\/2020\/06\/entr\u00e9e-1024x576.jpg 1024w, https:\/\/ecole.ac-nice.fr\/valbonne\/matgarbejaire\/wp-content\/uploads\/sites\/6\/2020\/06\/entr\u00e9e-768x432.jpg 768w, https:\/\/ecole.ac-nice.fr\/valbonne\/matgarbejaire\/wp-content\/uploads\/sites\/6\/2020\/06\/entr\u00e9e-1536x864.jpg 1536w, https:\/\/ecole.ac-nice.fr\/valbonne\/matgarbejaire\/wp-content\/uploads\/sites\/6\/2020\/06\/entr\u00e9e-2048x1152.jpg 2048w\" sizes=\"auto, (max-width: 300px) 100vw, 300px\" \/><\/p>\n<p style=\"text-align: center\"><span style=\"font-size: 24pt;color: #00ff00\"><strong>Bienvenue \u00e0 l&rsquo;\u00e9cole maternelle Garbeja\u00efre<\/strong><\/span><\/p>\n<p>Ce site internet pr\u00e9sente notre \u00e9cole et tous ses projets p\u00e9dagogiques. Il contient \u00e9galement des informations pratiques et des liens utiles: les modalit\u00e9s d&rsquo;inscription d&rsquo;un enfant, le calendrier scolaire, les coordonn\u00e9es des associations de parents d&rsquo;\u00e9l\u00e8ves, lien vers le portail de l&rsquo;application de communication de l&rsquo;\u00e9cole PRONOTE, etc&#8230;.<\/p>\n<p style=\"text-align: center\"><em>Mise \u00e0 jour: 18\/03\/2024<\/em><\/p>\n","protected":false},"excerpt":{"rendered":"<p>Bienvenue \u00e0 l&rsquo;\u00e9cole maternelle Garbeja\u00efre Ce site internet pr\u00e9sente notre \u00e9cole et tous ses projets p\u00e9dagogiques. Il contient \u00e9galement des informations pratiques et des liens utiles: les modalit\u00e9s d&rsquo;inscription d&rsquo;un enfant, le calendrier scolaire, les coordonn\u00e9es des associations de parents d&rsquo;\u00e9l\u00e8ves, lien vers le portail de l&rsquo;application de communication de l&rsquo;\u00e9cole PRONOTE, etc&#8230;. Mise \u00e0 &hellip; <a href=\"https:\/\/ecole.ac-nice.fr\/valbonne\/matgarbejaire\/\" class=\"more-link\">Continuer la lecture de <span class=\"screen-reader-text\">ACCUEIL<\/span> <span class=\"meta-nav\">&rarr;<\/span><\/a><\/p>\n","protected":false},"author":2,"featured_media":0,"parent":0,"menu_order":0,"comment_status":"closed","ping_status":"closed","template":"","meta":{"footnotes":""},"class_list":["post-7","page","type-page","status-publish","hentry"],"_links":{"self":[{"href":"https:\/\/ecole.ac-nice.fr\/valbonne\/matgarbejaire\/wp-json\/wp\/v2\/pages\/7","targetHints":{"allow":["GET"]}}],"collection":[{"href":"https:\/\/ecole.ac-nice.fr\/valbonne\/matgarbejaire\/wp-json\/wp\/v2\/pages"}],"about":[{"href":"https:\/\/ecole.ac-nice.fr\/valbonne\/matgarbejaire\/wp-json\/wp\/v2\/types\/page"}],"author":[{"embeddable":true,"href":"https:\/\/ecole.ac-nice.fr\/valbonne\/matgarbejaire\/wp-json\/wp\/v2\/users\/2"}],"replies":[{"embeddable":true,"href":"https:\/\/ecole.ac-nice.fr\/valbonne\/matgarbejaire\/wp-json\/wp\/v2\/comments?post=7"}],"version-history":[{"count":137,"href":"https:\/\/ecole.ac-nice.fr\/valbonne\/matgarbejaire\/wp-json\/wp\/v2\/pages\/7\/revisions"}],"predecessor-version":[{"id":3660,"href":"https:\/\/ecole.ac-nice.fr\/valbonne\/matgarbejaire\/wp-json\/wp\/v2\/pages\/7\/revisions\/3660"}],"wp:attachment":[{"href":"https:\/\/ecole.ac-nice.fr\/valbonne\/matgarbejaire\/wp-json\/wp\/v2\/media?parent=7"}],"curies":[{"name":"wp","href":"https:\/\/api.w.org\/{rel}","templated":true}]}}