{"id":96,"date":"2020-11-25T21:53:08","date_gmt":"2020-11-25T20:53:08","guid":{"rendered":"http:\/\/ecole.ac-nice.fr\/valbonne\/greoliere\/?page_id=96"},"modified":"2021-04-20T19:57:34","modified_gmt":"2021-04-20T17:57:34","slug":"presentation-de-lecole","status":"publish","type":"page","link":"https:\/\/ecole.ac-nice.fr\/valbonne\/greoliere\/7-2\/presentation-de-lecole\/","title":{"rendered":"Pr\u00e9sentation de l&rsquo;\u00e9cole"},"content":{"rendered":"<p>L&rsquo;\u00e9cole de Gr\u00e9oli\u00e8res-Cipi\u00e8res&#8230;.<\/p>\n<p>Les villages de Gr\u00e9oli\u00e8res et Cipi\u00e8res se sont rassembl\u00e9s pour maintenir leurs \u00e9coles respectives.<\/p>\n<p>Actuellement, Cipi\u00e8res comprend une classe de GS-CE2.<\/p>\n<p>L&rsquo;\u00e9cole de Gr\u00e9oli\u00e8res comprend quand \u00e0 elle 3 classes:<\/p>\n<ul>\n<li>1 classe de TPS\/PS\/MS<\/li>\n<li>1 classe de CP\/CE1<\/li>\n<li>1 classe de CM1\/CM2<\/li>\n<\/ul>\n","protected":false},"excerpt":{"rendered":"<p>L&rsquo;\u00e9cole de Gr\u00e9oli\u00e8res-Cipi\u00e8res&#8230;. Les villages de Gr\u00e9oli\u00e8res et Cipi\u00e8res se sont rassembl\u00e9s pour maintenir leurs \u00e9coles respectives. Actuellement, Cipi\u00e8res comprend une classe de GS-CE2. L&rsquo;\u00e9cole de Gr\u00e9oli\u00e8res comprend quand \u00e0 elle 3 classes: 1 classe de TPS\/PS\/MS 1 classe de CP\/CE1 1 classe de CM1\/CM2<\/p>\n","protected":false},"author":23,"featured_media":0,"parent":7,"menu_order":0,"comment_status":"closed","ping_status":"closed","template":"","meta":{"footnotes":""},"class_list":["post-96","page","type-page","status-publish","hentry"],"_links":{"self":[{"href":"https:\/\/ecole.ac-nice.fr\/valbonne\/greoliere\/wp-json\/wp\/v2\/pages\/96","targetHints":{"allow":["GET"]}}],"collection":[{"href":"https:\/\/ecole.ac-nice.fr\/valbonne\/greoliere\/wp-json\/wp\/v2\/pages"}],"about":[{"href":"https:\/\/ecole.ac-nice.fr\/valbonne\/greoliere\/wp-json\/wp\/v2\/types\/page"}],"author":[{"embeddable":true,"href":"https:\/\/ecole.ac-nice.fr\/valbonne\/greoliere\/wp-json\/wp\/v2\/users\/23"}],"replies":[{"embeddable":true,"href":"https:\/\/ecole.ac-nice.fr\/valbonne\/greoliere\/wp-json\/wp\/v2\/comments?post=96"}],"version-history":[{"count":3,"href":"https:\/\/ecole.ac-nice.fr\/valbonne\/greoliere\/wp-json\/wp\/v2\/pages\/96\/revisions"}],"predecessor-version":[{"id":161,"href":"https:\/\/ecole.ac-nice.fr\/valbonne\/greoliere\/wp-json\/wp\/v2\/pages\/96\/revisions\/161"}],"up":[{"embeddable":true,"href":"https:\/\/ecole.ac-nice.fr\/valbonne\/greoliere\/wp-json\/wp\/v2\/pages\/7"}],"wp:attachment":[{"href":"https:\/\/ecole.ac-nice.fr\/valbonne\/greoliere\/wp-json\/wp\/v2\/media?parent=96"}],"curies":[{"name":"wp","href":"https:\/\/api.w.org\/{rel}","templated":true}]}}