{"id":80,"date":"2020-11-25T21:36:28","date_gmt":"2020-11-25T20:36:28","guid":{"rendered":"http:\/\/ecole.ac-nice.fr\/valbonne\/greoliere\/?page_id=80"},"modified":"2020-11-25T22:00:30","modified_gmt":"2020-11-25T21:00:30","slug":"contacter-lecole","status":"publish","type":"page","link":"https:\/\/ecole.ac-nice.fr\/valbonne\/greoliere\/7-2\/contacter-lecole\/","title":{"rendered":"Contacter l&rsquo;\u00e9cole"},"content":{"rendered":"<p>Pour contacter l&rsquo;\u00e9cole:<\/p>\n<p>Adresse:<\/p>\n<p>T\u00e9l\u00e9phone:<\/p>\n<p>Email:<\/p>\n<p>&nbsp;<\/p>\n","protected":false},"excerpt":{"rendered":"<p>Pour contacter l&rsquo;\u00e9cole: Adresse: T\u00e9l\u00e9phone: Email: &nbsp;<\/p>\n","protected":false},"author":23,"featured_media":0,"parent":7,"menu_order":0,"comment_status":"closed","ping_status":"closed","template":"","meta":{"footnotes":""},"class_list":["post-80","page","type-page","status-publish","hentry"],"_links":{"self":[{"href":"https:\/\/ecole.ac-nice.fr\/valbonne\/greoliere\/wp-json\/wp\/v2\/pages\/80","targetHints":{"allow":["GET"]}}],"collection":[{"href":"https:\/\/ecole.ac-nice.fr\/valbonne\/greoliere\/wp-json\/wp\/v2\/pages"}],"about":[{"href":"https:\/\/ecole.ac-nice.fr\/valbonne\/greoliere\/wp-json\/wp\/v2\/types\/page"}],"author":[{"embeddable":true,"href":"https:\/\/ecole.ac-nice.fr\/valbonne\/greoliere\/wp-json\/wp\/v2\/users\/23"}],"replies":[{"embeddable":true,"href":"https:\/\/ecole.ac-nice.fr\/valbonne\/greoliere\/wp-json\/wp\/v2\/comments?post=80"}],"version-history":[{"count":1,"href":"https:\/\/ecole.ac-nice.fr\/valbonne\/greoliere\/wp-json\/wp\/v2\/pages\/80\/revisions"}],"predecessor-version":[{"id":82,"href":"https:\/\/ecole.ac-nice.fr\/valbonne\/greoliere\/wp-json\/wp\/v2\/pages\/80\/revisions\/82"}],"up":[{"embeddable":true,"href":"https:\/\/ecole.ac-nice.fr\/valbonne\/greoliere\/wp-json\/wp\/v2\/pages\/7"}],"wp:attachment":[{"href":"https:\/\/ecole.ac-nice.fr\/valbonne\/greoliere\/wp-json\/wp\/v2\/media?parent=80"}],"curies":[{"name":"wp","href":"https:\/\/api.w.org\/{rel}","templated":true}]}}