{"id":72,"date":"2020-11-25T21:29:46","date_gmt":"2020-11-25T20:29:46","guid":{"rendered":"http:\/\/ecole.ac-nice.fr\/valbonne\/greoliere\/?page_id=72"},"modified":"2021-04-20T20:32:40","modified_gmt":"2021-04-20T18:32:40","slug":"a-nous-les-explorateurs","status":"publish","type":"page","link":"https:\/\/ecole.ac-nice.fr\/valbonne\/greoliere\/cm1-cm2\/a-nous-les-explorateurs\/","title":{"rendered":"A nous les explorateurs!"},"content":{"rendered":"<p style=\"text-align: center\"><span style=\"color: #993366;font-family: 'comic sans ms', sans-serif;font-size: 18pt\">Cette ann\u00e9e, les CM de Gr\u00e9oli\u00e8res auront pour fil conducteur sur toute l&rsquo;ann\u00e9e les explorateurs \u00e0 travers les temps.<\/span><\/p>\n<p style=\"text-align: center\"><span style=\"color: #993366;font-family: 'comic sans ms', sans-serif;font-size: 18pt\">Des explorateurs dans l&rsquo;Histoire aux explorateurs modernes&#8230;.\u00e0 l&rsquo;aventure!<\/span><\/p>\n","protected":false},"excerpt":{"rendered":"<p>Cette ann\u00e9e, les CM de Gr\u00e9oli\u00e8res auront pour fil conducteur sur toute l&rsquo;ann\u00e9e les explorateurs \u00e0 travers les temps. Des explorateurs dans l&rsquo;Histoire aux explorateurs modernes&#8230;.\u00e0 l&rsquo;aventure!<\/p>\n","protected":false},"author":23,"featured_media":0,"parent":60,"menu_order":0,"comment_status":"closed","ping_status":"closed","template":"","meta":{"footnotes":""},"class_list":["post-72","page","type-page","status-publish","hentry"],"_links":{"self":[{"href":"https:\/\/ecole.ac-nice.fr\/valbonne\/greoliere\/wp-json\/wp\/v2\/pages\/72","targetHints":{"allow":["GET"]}}],"collection":[{"href":"https:\/\/ecole.ac-nice.fr\/valbonne\/greoliere\/wp-json\/wp\/v2\/pages"}],"about":[{"href":"https:\/\/ecole.ac-nice.fr\/valbonne\/greoliere\/wp-json\/wp\/v2\/types\/page"}],"author":[{"embeddable":true,"href":"https:\/\/ecole.ac-nice.fr\/valbonne\/greoliere\/wp-json\/wp\/v2\/users\/23"}],"replies":[{"embeddable":true,"href":"https:\/\/ecole.ac-nice.fr\/valbonne\/greoliere\/wp-json\/wp\/v2\/comments?post=72"}],"version-history":[{"count":4,"href":"https:\/\/ecole.ac-nice.fr\/valbonne\/greoliere\/wp-json\/wp\/v2\/pages\/72\/revisions"}],"predecessor-version":[{"id":171,"href":"https:\/\/ecole.ac-nice.fr\/valbonne\/greoliere\/wp-json\/wp\/v2\/pages\/72\/revisions\/171"}],"up":[{"embeddable":true,"href":"https:\/\/ecole.ac-nice.fr\/valbonne\/greoliere\/wp-json\/wp\/v2\/pages\/60"}],"wp:attachment":[{"href":"https:\/\/ecole.ac-nice.fr\/valbonne\/greoliere\/wp-json\/wp\/v2\/media?parent=72"}],"curies":[{"name":"wp","href":"https:\/\/api.w.org\/{rel}","templated":true}]}}