{"id":69,"date":"2020-11-25T21:27:56","date_gmt":"2020-11-25T20:27:56","guid":{"rendered":"http:\/\/ecole.ac-nice.fr\/valbonne\/greoliere\/?page_id=69"},"modified":"2021-04-20T20:40:06","modified_gmt":"2021-04-20T18:40:06","slug":"les-cm-suivent-le-vendee-globe-2020","status":"publish","type":"page","link":"https:\/\/ecole.ac-nice.fr\/valbonne\/greoliere\/cm1-cm2\/a-nous-les-explorateurs\/les-cm-suivent-le-vendee-globe-2020\/","title":{"rendered":"Les CM suivent le Vend\u00e9e Globe 2020"},"content":{"rendered":"<p><span style=\"font-family: 'comic sans ms', sans-serif;font-size: 14pt;color: #3366ff\">Depuis le 8 novembre 2020, nous suivons presque quotidiennement les skippers du Vend\u00e9e Globe.<\/span><\/p>\n<p><a href=\"https:\/\/www.vendeeglobe.org\/\" target=\"_blank\" rel=\"noopener\"><img loading=\"lazy\" decoding=\"async\" class=\"size-medium wp-image-126 aligncenter\" src=\"http:\/\/ecole.ac-nice.fr\/valbonne\/greoliere\/wp-content\/uploads\/sites\/22\/2020\/12\/logo-7346418825-300x259.png\" alt=\"\" width=\"300\" height=\"259\" srcset=\"https:\/\/ecole.ac-nice.fr\/valbonne\/greoliere\/wp-content\/uploads\/sites\/22\/2020\/12\/logo-7346418825-300x259.png 300w, https:\/\/ecole.ac-nice.fr\/valbonne\/greoliere\/wp-content\/uploads\/sites\/22\/2020\/12\/logo-7346418825.png 328w\" sizes=\"auto, (max-width: 300px) 100vw, 300px\" \/><\/a><\/p>\n<p><span style=\"font-family: 'comic sans ms', sans-serif;font-size: 14pt;color: #3366ff\">Nous avons choisi 5 skippers que nous suivons en particulier:<\/span><\/p>\n<p><span style=\"font-family: 'comic sans ms', sans-serif;font-size: 14pt;color: #3366ff\"><a style=\"color: #3366ff\" href=\"https:\/\/www.initiatives-coeur.fr\/skipper\" target=\"_blank\" rel=\"noopener\">Samantha Davies<\/a><\/span><\/p>\n<p><span style=\"font-family: 'comic sans ms', sans-serif;font-size: 14pt;color: #3366ff\"><a style=\"color: #3366ff\" href=\"https:\/\/isabellejoschke.com\/\" target=\"_blank\" rel=\"noopener\">Isabelle Joschke<\/a><\/span><\/p>\n<p><span style=\"font-family: 'comic sans ms', sans-serif;font-size: 14pt;color: #3366ff\"><a style=\"color: #3366ff\" href=\"https:\/\/louisburton.bureau-vallee.fr\/\" target=\"_blank\" rel=\"noopener\">Louis Burton<\/a><\/span><\/p>\n<p><span style=\"font-family: 'comic sans ms', sans-serif;font-size: 14pt;color: #3366ff\"><a style=\"color: #3366ff\" href=\"https:\/\/www.vendeeglobe.org\/fr\/skippers\/116\/jean-le-cam\" target=\"_blank\" rel=\"noopener\">Jean Le Cam<\/a><\/span><\/p>\n<p><span style=\"font-family: 'comic sans ms', sans-serif;font-size: 14pt;color: #3366ff\"><a style=\"color: #3366ff\" href=\"https:\/\/fabriceamedeo.com\/fr\/\" target=\"_blank\" rel=\"noopener\">Fabrice Am\u00e9d\u00e9o<\/a><\/span><\/p>\n<p><span style=\"font-family: 'comic sans ms', sans-serif;font-size: 14pt;color: #3366ff\">Le classement est disponible <a style=\"color: #3366ff\" href=\"https:\/\/www.vendeeglobe.org\/fr\/classement\" target=\"_blank\" rel=\"noopener\">ici<\/a>.<\/span><\/p>\n<p><span style=\"font-family: 'comic sans ms', sans-serif;font-size: 14pt;color: #3366ff\">Nous nous sommes aussi inscrit \u00e0 un jeu, Virutal Regatta pour les scolaires. Nous avons nous aussi un bateau qui participe \u00e0 la course&#8230;.de mani\u00e8re virtuelle.<\/span><\/p>\n<p><span style=\"font-family: 'comic sans ms', sans-serif;font-size: 14pt;color: #3366ff\">Nous apprenons beaucoup de choses notamment en g\u00e9ographie et en maths. L&rsquo;esprit des skippers et leur force de caract\u00e8re pour surmonter les difficult\u00e9s nous apprend \u00e9galement beaucoup de choses.<\/span><\/p>\n","protected":false},"excerpt":{"rendered":"<p>Depuis le 8 novembre 2020, nous suivons presque quotidiennement les skippers du Vend\u00e9e Globe. Nous avons choisi 5 skippers que nous suivons en particulier: Samantha Davies Isabelle Joschke Louis Burton Jean Le Cam Fabrice Am\u00e9d\u00e9o Le classement est disponible ici. Nous nous sommes aussi inscrit \u00e0 un jeu, Virutal Regatta pour les scolaires. Nous avons &hellip; <a href=\"https:\/\/ecole.ac-nice.fr\/valbonne\/greoliere\/cm1-cm2\/a-nous-les-explorateurs\/les-cm-suivent-le-vendee-globe-2020\/\" class=\"more-link\">Continuer la lecture de <span class=\"screen-reader-text\">Les CM suivent le Vend\u00e9e Globe 2020<\/span> <span class=\"meta-nav\">&rarr;<\/span><\/a><\/p>\n","protected":false},"author":23,"featured_media":0,"parent":72,"menu_order":0,"comment_status":"closed","ping_status":"closed","template":"","meta":{"footnotes":""},"class_list":["post-69","page","type-page","status-publish","hentry"],"_links":{"self":[{"href":"https:\/\/ecole.ac-nice.fr\/valbonne\/greoliere\/wp-json\/wp\/v2\/pages\/69","targetHints":{"allow":["GET"]}}],"collection":[{"href":"https:\/\/ecole.ac-nice.fr\/valbonne\/greoliere\/wp-json\/wp\/v2\/pages"}],"about":[{"href":"https:\/\/ecole.ac-nice.fr\/valbonne\/greoliere\/wp-json\/wp\/v2\/types\/page"}],"author":[{"embeddable":true,"href":"https:\/\/ecole.ac-nice.fr\/valbonne\/greoliere\/wp-json\/wp\/v2\/users\/23"}],"replies":[{"embeddable":true,"href":"https:\/\/ecole.ac-nice.fr\/valbonne\/greoliere\/wp-json\/wp\/v2\/comments?post=69"}],"version-history":[{"count":6,"href":"https:\/\/ecole.ac-nice.fr\/valbonne\/greoliere\/wp-json\/wp\/v2\/pages\/69\/revisions"}],"predecessor-version":[{"id":173,"href":"https:\/\/ecole.ac-nice.fr\/valbonne\/greoliere\/wp-json\/wp\/v2\/pages\/69\/revisions\/173"}],"up":[{"embeddable":true,"href":"https:\/\/ecole.ac-nice.fr\/valbonne\/greoliere\/wp-json\/wp\/v2\/pages\/72"}],"wp:attachment":[{"href":"https:\/\/ecole.ac-nice.fr\/valbonne\/greoliere\/wp-json\/wp\/v2\/media?parent=69"}],"curies":[{"name":"wp","href":"https:\/\/api.w.org\/{rel}","templated":true}]}}