{"id":133,"date":"2020-12-18T15:13:37","date_gmt":"2020-12-18T14:13:37","guid":{"rendered":"http:\/\/ecole.ac-nice.fr\/valbonne\/greoliere\/?page_id=133"},"modified":"2021-04-20T20:31:13","modified_gmt":"2021-04-20T18:31:13","slug":"le-ski-pour-les-eleves-de-greolieres-cipieres","status":"publish","type":"page","link":"https:\/\/ecole.ac-nice.fr\/valbonne\/greoliere\/7-2\/presentation-de-lecole\/le-ski-pour-les-eleves-de-greolieres-cipieres\/","title":{"rendered":"Le ski pour les \u00e9l\u00e8ves de Gr\u00e9oli\u00e8res-Cipi\u00e8res"},"content":{"rendered":"<p style=\"text-align: center\"><span style=\"color: #333399;font-family: 'comic sans ms', sans-serif;font-size: 14pt\">Les \u00e9l\u00e8ves de la GS au CM2 b\u00e9n\u00e9ficient de 6 jours de ski sur la station de Gr\u00e9oli\u00e8res-les-Neiges, situ\u00e9e \u00e0 15 min de l&rsquo;\u00e9cole.<\/span><\/p>\n<p><img loading=\"lazy\" decoding=\"async\" class=\" wp-image-138 aligncenter\" src=\"http:\/\/ecole.ac-nice.fr\/valbonne\/greoliere\/wp-content\/uploads\/sites\/22\/2020\/12\/20201206_111948-300x169.jpg\" alt=\"\" width=\"376\" height=\"212\" srcset=\"https:\/\/ecole.ac-nice.fr\/valbonne\/greoliere\/wp-content\/uploads\/sites\/22\/2020\/12\/20201206_111948-300x169.jpg 300w, https:\/\/ecole.ac-nice.fr\/valbonne\/greoliere\/wp-content\/uploads\/sites\/22\/2020\/12\/20201206_111948-1024x576.jpg 1024w, https:\/\/ecole.ac-nice.fr\/valbonne\/greoliere\/wp-content\/uploads\/sites\/22\/2020\/12\/20201206_111948-768x432.jpg 768w, https:\/\/ecole.ac-nice.fr\/valbonne\/greoliere\/wp-content\/uploads\/sites\/22\/2020\/12\/20201206_111948-1536x864.jpg 1536w, https:\/\/ecole.ac-nice.fr\/valbonne\/greoliere\/wp-content\/uploads\/sites\/22\/2020\/12\/20201206_111948-2048x1152.jpg 2048w\" sizes=\"auto, (max-width: 376px) 100vw, 376px\" \/><\/p>\n<p style=\"text-align: center\"><span style=\"font-family: 'comic sans ms', sans-serif;color: #333399;font-size: 14pt\">Cette ann\u00e9e, les conditions de neige ont \u00e9t\u00e9 exceptionnelles. Le travail fait par le personnel de la station a permis aux \u00e9l\u00e8ves de faire de belles s\u00e9ances et d&rsquo;avoir des cours avec des professeurs d&rsquo;ESF \u00e0 chaque journ\u00e9e.<\/span><\/p>\n<p><img loading=\"lazy\" decoding=\"async\" class=\"aligncenter size-medium wp-image-166\" src=\"http:\/\/ecole.ac-nice.fr\/valbonne\/greoliere\/wp-content\/uploads\/sites\/22\/2021\/04\/20210205_134220-300x225.jpg\" alt=\"\" width=\"300\" height=\"225\" srcset=\"https:\/\/ecole.ac-nice.fr\/valbonne\/greoliere\/wp-content\/uploads\/sites\/22\/2021\/04\/20210205_134220-300x225.jpg 300w, https:\/\/ecole.ac-nice.fr\/valbonne\/greoliere\/wp-content\/uploads\/sites\/22\/2021\/04\/20210205_134220-1024x768.jpg 1024w, https:\/\/ecole.ac-nice.fr\/valbonne\/greoliere\/wp-content\/uploads\/sites\/22\/2021\/04\/20210205_134220-768x576.jpg 768w, https:\/\/ecole.ac-nice.fr\/valbonne\/greoliere\/wp-content\/uploads\/sites\/22\/2021\/04\/20210205_134220-1536x1152.jpg 1536w, https:\/\/ecole.ac-nice.fr\/valbonne\/greoliere\/wp-content\/uploads\/sites\/22\/2021\/04\/20210205_134220-2048x1536.jpg 2048w\" sizes=\"auto, (max-width: 300px) 100vw, 300px\" \/> <img loading=\"lazy\" decoding=\"async\" class=\"aligncenter size-medium wp-image-165\" src=\"http:\/\/ecole.ac-nice.fr\/valbonne\/greoliere\/wp-content\/uploads\/sites\/22\/2021\/04\/20210205_104117-1-225x300.jpg\" alt=\"\" width=\"225\" height=\"300\" srcset=\"https:\/\/ecole.ac-nice.fr\/valbonne\/greoliere\/wp-content\/uploads\/sites\/22\/2021\/04\/20210205_104117-1-225x300.jpg 225w, https:\/\/ecole.ac-nice.fr\/valbonne\/greoliere\/wp-content\/uploads\/sites\/22\/2021\/04\/20210205_104117-1-768x1024.jpg 768w, https:\/\/ecole.ac-nice.fr\/valbonne\/greoliere\/wp-content\/uploads\/sites\/22\/2021\/04\/20210205_104117-1-1152x1536.jpg 1152w, https:\/\/ecole.ac-nice.fr\/valbonne\/greoliere\/wp-content\/uploads\/sites\/22\/2021\/04\/20210205_104117-1-1536x2048.jpg 1536w, https:\/\/ecole.ac-nice.fr\/valbonne\/greoliere\/wp-content\/uploads\/sites\/22\/2021\/04\/20210205_104117-1-scaled.jpg 1920w\" sizes=\"auto, (max-width: 225px) 100vw, 225px\" \/> <img loading=\"lazy\" decoding=\"async\" class=\"aligncenter size-medium wp-image-164\" src=\"http:\/\/ecole.ac-nice.fr\/valbonne\/greoliere\/wp-content\/uploads\/sites\/22\/2021\/04\/20210205_103022-1-300x225.jpg\" alt=\"\" width=\"300\" height=\"225\" srcset=\"https:\/\/ecole.ac-nice.fr\/valbonne\/greoliere\/wp-content\/uploads\/sites\/22\/2021\/04\/20210205_103022-1-300x225.jpg 300w, https:\/\/ecole.ac-nice.fr\/valbonne\/greoliere\/wp-content\/uploads\/sites\/22\/2021\/04\/20210205_103022-1-1024x768.jpg 1024w, https:\/\/ecole.ac-nice.fr\/valbonne\/greoliere\/wp-content\/uploads\/sites\/22\/2021\/04\/20210205_103022-1-768x576.jpg 768w, https:\/\/ecole.ac-nice.fr\/valbonne\/greoliere\/wp-content\/uploads\/sites\/22\/2021\/04\/20210205_103022-1-1536x1152.jpg 1536w, https:\/\/ecole.ac-nice.fr\/valbonne\/greoliere\/wp-content\/uploads\/sites\/22\/2021\/04\/20210205_103022-1-2048x1536.jpg 2048w\" sizes=\"auto, (max-width: 300px) 100vw, 300px\" \/><\/p>\n<p>&nbsp;<\/p>\n","protected":false},"excerpt":{"rendered":"<p>Les \u00e9l\u00e8ves de la GS au CM2 b\u00e9n\u00e9ficient de 6 jours de ski sur la station de Gr\u00e9oli\u00e8res-les-Neiges, situ\u00e9e \u00e0 15 min de l&rsquo;\u00e9cole. Cette ann\u00e9e, les conditions de neige ont \u00e9t\u00e9 exceptionnelles. Le travail fait par le personnel de la station a permis aux \u00e9l\u00e8ves de faire de belles s\u00e9ances et d&rsquo;avoir des cours &hellip; <a href=\"https:\/\/ecole.ac-nice.fr\/valbonne\/greoliere\/7-2\/presentation-de-lecole\/le-ski-pour-les-eleves-de-greolieres-cipieres\/\" class=\"more-link\">Continuer la lecture de <span class=\"screen-reader-text\">Le ski pour les \u00e9l\u00e8ves de Gr\u00e9oli\u00e8res-Cipi\u00e8res<\/span> <span class=\"meta-nav\">&rarr;<\/span><\/a><\/p>\n","protected":false},"author":23,"featured_media":0,"parent":96,"menu_order":0,"comment_status":"closed","ping_status":"closed","template":"","meta":{"footnotes":""},"class_list":["post-133","page","type-page","status-publish","hentry"],"_links":{"self":[{"href":"https:\/\/ecole.ac-nice.fr\/valbonne\/greoliere\/wp-json\/wp\/v2\/pages\/133","targetHints":{"allow":["GET"]}}],"collection":[{"href":"https:\/\/ecole.ac-nice.fr\/valbonne\/greoliere\/wp-json\/wp\/v2\/pages"}],"about":[{"href":"https:\/\/ecole.ac-nice.fr\/valbonne\/greoliere\/wp-json\/wp\/v2\/types\/page"}],"author":[{"embeddable":true,"href":"https:\/\/ecole.ac-nice.fr\/valbonne\/greoliere\/wp-json\/wp\/v2\/users\/23"}],"replies":[{"embeddable":true,"href":"https:\/\/ecole.ac-nice.fr\/valbonne\/greoliere\/wp-json\/wp\/v2\/comments?post=133"}],"version-history":[{"count":6,"href":"https:\/\/ecole.ac-nice.fr\/valbonne\/greoliere\/wp-json\/wp\/v2\/pages\/133\/revisions"}],"predecessor-version":[{"id":170,"href":"https:\/\/ecole.ac-nice.fr\/valbonne\/greoliere\/wp-json\/wp\/v2\/pages\/133\/revisions\/170"}],"up":[{"embeddable":true,"href":"https:\/\/ecole.ac-nice.fr\/valbonne\/greoliere\/wp-json\/wp\/v2\/pages\/96"}],"wp:attachment":[{"href":"https:\/\/ecole.ac-nice.fr\/valbonne\/greoliere\/wp-json\/wp\/v2\/media?parent=133"}],"curies":[{"name":"wp","href":"https:\/\/api.w.org\/{rel}","templated":true}]}}