{"id":128,"date":"2020-12-18T15:09:58","date_gmt":"2020-12-18T14:09:58","guid":{"rendered":"http:\/\/ecole.ac-nice.fr\/valbonne\/greoliere\/?page_id=128"},"modified":"2020-12-18T15:10:29","modified_gmt":"2020-12-18T14:10:29","slug":"ecole-et-bien-etre","status":"publish","type":"page","link":"https:\/\/ecole.ac-nice.fr\/valbonne\/greoliere\/7-2\/presentation-de-lecole\/ecole-et-bien-etre\/","title":{"rendered":"Ecole et bien-\u00eatre"},"content":{"rendered":"<p><span style=\"font-family: 'comic sans ms', sans-serif;color: #333399\">Le nouveau projet d&rsquo;\u00e9cole 2020-2023 comporte un axe orient\u00e9 sur le bien-\u00eatre des enfants \u00e0 l&rsquo;\u00e9cole. Pour ce faire, plusieurs choses sont ou seront mises en \u0153uvre au cours de l&rsquo;ann\u00e9e scolaire et des suivantes.<\/span><\/p>\n<p><span style=\"font-family: 'comic sans ms', sans-serif;color: #333399\">D\u00e9j\u00e0 en place:<\/span><\/p>\n<ul>\n<li><span style=\"font-family: 'comic sans ms', sans-serif;color: #333399\">Les jeux coop\u00e9ratifs: les cycle 1 travaillent sur ce type de jeux depuis le d\u00e9but de l&rsquo;ann\u00e9e pour les amener \u00e0 comprendre qu&rsquo;on a toujours besoin de l&rsquo;autre pour r\u00e9ussir.<\/span><\/li>\n<\/ul>\n<p>&nbsp;<\/p>\n<ul>\n<li><span style=\"font-family: 'comic sans ms', sans-serif;color: #333399\">Le conseil des \u00e9l\u00e8ves pour les classes de cycle 3: les \u00e9l\u00e8ves se r\u00e9unissent une fois par semaine et traitent en autonomie (avec l&rsquo;aide de l&rsquo;enseignant) diff\u00e9rents sujets. Le conseil d&rsquo;\u00e9l\u00e8ves est tr\u00e8s ritualis\u00e9: un temps de f\u00e9licitations, un temps sur les probl\u00e8mes et un temps de proposition d&rsquo;am\u00e9lioration de la vie de classe et d&rsquo;\u00e9cole.<\/span><\/li>\n<\/ul>\n<p>&nbsp;<\/p>\n<ul>\n<li><span style=\"font-family: 'comic sans ms', sans-serif;color: #333399\">La m\u00e9t\u00e9o de la semaine: chaque vendredi, les \u00e9l\u00e8ves cotent leur semaine. Sur un petit papier, ils indiquent un chiffre compris entre 1 et 4 (1: semaine top m\u00e9ga g\u00e9niale, 2: bien mais sans plus, 3: bof bof, 4: catastrophique!). Les enseignants ramassent les papiers et rentrent ces donn\u00e9es dans un fichier informatique afin d&rsquo;en garder une trace. Une discussion est engag\u00e9e d\u00e8s lors qu&rsquo;un enfant a inscrit 3 ou 4 sur son papier afin d&rsquo;en conna\u00eetre les raisons s&rsquo;il le souhaite.<\/span><\/li>\n<\/ul>\n<p>&nbsp;<\/p>\n<ul>\n<li><span style=\"font-family: 'comic sans ms', sans-serif;color: #333399\">Le cahier de r\u00e9ussites et de progr\u00e8s: les \u00e9l\u00e8ves de cycle 3 ont un cahier de r\u00e9ussites et de progr\u00e8s qu&rsquo;ils remplissent r\u00e9guli\u00e8rement tout au long de l&rsquo;ann\u00e9e.<\/span><\/li>\n<\/ul>\n<p>&nbsp;<\/p>\n<ul>\n<li><span style=\"font-family: 'comic sans ms', sans-serif;color: #333399\">L&rsquo;adaptation aux besoins de chacun afin de faire progresser tous les \u00e9l\u00e8ves, de les amener le plus loin possible et de s&rsquo;appuyer sur leurs forces.<\/span><\/li>\n<\/ul>\n<p>&nbsp;<\/p>\n<p><span style=\"font-family: 'comic sans ms', sans-serif;color: #333399\">A venir:<\/span><\/p>\n<ul>\n<li><span style=\"font-family: 'comic sans ms', sans-serif;color: #333399\">L&rsquo;utilisation des messages clairs afin de r\u00e9gler les conflits entre les enfants. Cette d\u00e9marche a pour but de d\u00e9velopper l&#8217;empathie afin de faire comprendre \u00e0 celui qui a bless\u00e9 l&rsquo;autre, ce qui peut \u00eatre ressenti et d&rsquo;engager une d\u00e9marche de r\u00e9paration.<\/span><\/li>\n<\/ul>\n<p>&nbsp;<\/p>\n<ul>\n<li><span style=\"font-family: 'comic sans ms', sans-serif;color: #333399\">L&rsquo;adaptation aux besoins de chacun: en EMC, les cycles 3 feront un travail sur le handicap et l&rsquo;\u00e9cole inclusive (+ une soci\u00e9t\u00e9 inclusive).<\/span><\/li>\n<\/ul>\n","protected":false},"excerpt":{"rendered":"<p>Le nouveau projet d&rsquo;\u00e9cole 2020-2023 comporte un axe orient\u00e9 sur le bien-\u00eatre des enfants \u00e0 l&rsquo;\u00e9cole. Pour ce faire, plusieurs choses sont ou seront mises en \u0153uvre au cours de l&rsquo;ann\u00e9e scolaire et des suivantes. D\u00e9j\u00e0 en place: Les jeux coop\u00e9ratifs: les cycle 1 travaillent sur ce type de jeux depuis le d\u00e9but de l&rsquo;ann\u00e9e &hellip; <a href=\"https:\/\/ecole.ac-nice.fr\/valbonne\/greoliere\/7-2\/presentation-de-lecole\/ecole-et-bien-etre\/\" class=\"more-link\">Continuer la lecture de <span class=\"screen-reader-text\">Ecole et bien-\u00eatre<\/span> <span class=\"meta-nav\">&rarr;<\/span><\/a><\/p>\n","protected":false},"author":23,"featured_media":0,"parent":96,"menu_order":0,"comment_status":"closed","ping_status":"closed","template":"","meta":{"footnotes":""},"class_list":["post-128","page","type-page","status-publish","hentry"],"_links":{"self":[{"href":"https:\/\/ecole.ac-nice.fr\/valbonne\/greoliere\/wp-json\/wp\/v2\/pages\/128","targetHints":{"allow":["GET"]}}],"collection":[{"href":"https:\/\/ecole.ac-nice.fr\/valbonne\/greoliere\/wp-json\/wp\/v2\/pages"}],"about":[{"href":"https:\/\/ecole.ac-nice.fr\/valbonne\/greoliere\/wp-json\/wp\/v2\/types\/page"}],"author":[{"embeddable":true,"href":"https:\/\/ecole.ac-nice.fr\/valbonne\/greoliere\/wp-json\/wp\/v2\/users\/23"}],"replies":[{"embeddable":true,"href":"https:\/\/ecole.ac-nice.fr\/valbonne\/greoliere\/wp-json\/wp\/v2\/comments?post=128"}],"version-history":[{"count":2,"href":"https:\/\/ecole.ac-nice.fr\/valbonne\/greoliere\/wp-json\/wp\/v2\/pages\/128\/revisions"}],"predecessor-version":[{"id":131,"href":"https:\/\/ecole.ac-nice.fr\/valbonne\/greoliere\/wp-json\/wp\/v2\/pages\/128\/revisions\/131"}],"up":[{"embeddable":true,"href":"https:\/\/ecole.ac-nice.fr\/valbonne\/greoliere\/wp-json\/wp\/v2\/pages\/96"}],"wp:attachment":[{"href":"https:\/\/ecole.ac-nice.fr\/valbonne\/greoliere\/wp-json\/wp\/v2\/media?parent=128"}],"curies":[{"name":"wp","href":"https:\/\/api.w.org\/{rel}","templated":true}]}}