{"id":119,"date":"2020-12-15T09:58:49","date_gmt":"2020-12-15T08:58:49","guid":{"rendered":"http:\/\/ecole.ac-nice.fr\/valbonne\/greoliere\/?page_id=119"},"modified":"2021-07-02T13:22:03","modified_gmt":"2021-07-02T11:22:03","slug":"lactu-de-greo-le-journal-des-cm1-cm2","status":"publish","type":"page","link":"https:\/\/ecole.ac-nice.fr\/valbonne\/greoliere\/cm1-cm2\/lactu-de-greo-le-journal-des-cm1-cm2\/","title":{"rendered":"L&rsquo;actu de Gr\u00e9o, le journal des CM1-CM2"},"content":{"rendered":"<p>Voici les 2 premiers num\u00e9ros de l&rsquo;Actu de Gr\u00e9o \u00e0 feuilleter en ligne (merci d&rsquo;\u00eatre indulgents, il y a des petits probl\u00e8mes de mises en page finale li\u00e9 \u00e0 l&rsquo;application utilis\u00e9e &#8211; Nous cherchons \u00e0 r\u00e9soudre le probl\u00e8me)<\/p>\n<p><a href=\"https:\/\/www.yumpu.com\/fr\/document\/read\/65740456\/journal1\" target=\"_blank\" rel=\"noopener\">Journal N\u00b01<\/a><\/p>\n<p><a href=\"https:\/\/www.yumpu.com\/fr\/document\/read\/65749057\/numero2\" target=\"_blank\" rel=\"noopener\">Journal N\u00b02<\/a><\/p>\n<p>&nbsp;<\/p>\n<p>&nbsp;<\/p>\n","protected":false},"excerpt":{"rendered":"<p>Voici les 2 premiers num\u00e9ros de l&rsquo;Actu de Gr\u00e9o \u00e0 feuilleter en ligne (merci d&rsquo;\u00eatre indulgents, il y a des petits probl\u00e8mes de mises en page finale li\u00e9 \u00e0 l&rsquo;application utilis\u00e9e &#8211; Nous cherchons \u00e0 r\u00e9soudre le probl\u00e8me) Journal N\u00b01 Journal N\u00b02 &nbsp; &nbsp;<\/p>\n","protected":false},"author":23,"featured_media":0,"parent":60,"menu_order":0,"comment_status":"closed","ping_status":"closed","template":"","meta":{"footnotes":""},"class_list":["post-119","page","type-page","status-publish","hentry"],"_links":{"self":[{"href":"https:\/\/ecole.ac-nice.fr\/valbonne\/greoliere\/wp-json\/wp\/v2\/pages\/119","targetHints":{"allow":["GET"]}}],"collection":[{"href":"https:\/\/ecole.ac-nice.fr\/valbonne\/greoliere\/wp-json\/wp\/v2\/pages"}],"about":[{"href":"https:\/\/ecole.ac-nice.fr\/valbonne\/greoliere\/wp-json\/wp\/v2\/types\/page"}],"author":[{"embeddable":true,"href":"https:\/\/ecole.ac-nice.fr\/valbonne\/greoliere\/wp-json\/wp\/v2\/users\/23"}],"replies":[{"embeddable":true,"href":"https:\/\/ecole.ac-nice.fr\/valbonne\/greoliere\/wp-json\/wp\/v2\/comments?post=119"}],"version-history":[{"count":5,"href":"https:\/\/ecole.ac-nice.fr\/valbonne\/greoliere\/wp-json\/wp\/v2\/pages\/119\/revisions"}],"predecessor-version":[{"id":178,"href":"https:\/\/ecole.ac-nice.fr\/valbonne\/greoliere\/wp-json\/wp\/v2\/pages\/119\/revisions\/178"}],"up":[{"embeddable":true,"href":"https:\/\/ecole.ac-nice.fr\/valbonne\/greoliere\/wp-json\/wp\/v2\/pages\/60"}],"wp:attachment":[{"href":"https:\/\/ecole.ac-nice.fr\/valbonne\/greoliere\/wp-json\/wp\/v2\/media?parent=119"}],"curies":[{"name":"wp","href":"https:\/\/api.w.org\/{rel}","templated":true}]}}