{"id":116,"date":"2020-12-15T09:58:13","date_gmt":"2020-12-15T08:58:13","guid":{"rendered":"http:\/\/ecole.ac-nice.fr\/valbonne\/greoliere\/?page_id=116"},"modified":"2020-12-15T09:58:13","modified_gmt":"2020-12-15T08:58:13","slug":"prevention-de-risques-de-cyber-dependances","status":"publish","type":"page","link":"https:\/\/ecole.ac-nice.fr\/valbonne\/greoliere\/cm1-cm2\/prevention-de-risques-de-cyber-dependances\/","title":{"rendered":"Pr\u00e9vention de risques de cyber d\u00e9pendances"},"content":{"rendered":"<p>Au printemps, Horizon Multim\u00e9dia fera une intervention pour travailler avec les \u00e9l\u00e8ves sur les risques li\u00e9s \u00e0 un usage non raisonn\u00e9 des \u00e9crans.<\/p>\n","protected":false},"excerpt":{"rendered":"<p>Au printemps, Horizon Multim\u00e9dia fera une intervention pour travailler avec les \u00e9l\u00e8ves sur les risques li\u00e9s \u00e0 un usage non raisonn\u00e9 des \u00e9crans.<\/p>\n","protected":false},"author":23,"featured_media":0,"parent":60,"menu_order":0,"comment_status":"closed","ping_status":"closed","template":"","meta":{"footnotes":""},"class_list":["post-116","page","type-page","status-publish","hentry"],"_links":{"self":[{"href":"https:\/\/ecole.ac-nice.fr\/valbonne\/greoliere\/wp-json\/wp\/v2\/pages\/116","targetHints":{"allow":["GET"]}}],"collection":[{"href":"https:\/\/ecole.ac-nice.fr\/valbonne\/greoliere\/wp-json\/wp\/v2\/pages"}],"about":[{"href":"https:\/\/ecole.ac-nice.fr\/valbonne\/greoliere\/wp-json\/wp\/v2\/types\/page"}],"author":[{"embeddable":true,"href":"https:\/\/ecole.ac-nice.fr\/valbonne\/greoliere\/wp-json\/wp\/v2\/users\/23"}],"replies":[{"embeddable":true,"href":"https:\/\/ecole.ac-nice.fr\/valbonne\/greoliere\/wp-json\/wp\/v2\/comments?post=116"}],"version-history":[{"count":1,"href":"https:\/\/ecole.ac-nice.fr\/valbonne\/greoliere\/wp-json\/wp\/v2\/pages\/116\/revisions"}],"predecessor-version":[{"id":118,"href":"https:\/\/ecole.ac-nice.fr\/valbonne\/greoliere\/wp-json\/wp\/v2\/pages\/116\/revisions\/118"}],"up":[{"embeddable":true,"href":"https:\/\/ecole.ac-nice.fr\/valbonne\/greoliere\/wp-json\/wp\/v2\/pages\/60"}],"wp:attachment":[{"href":"https:\/\/ecole.ac-nice.fr\/valbonne\/greoliere\/wp-json\/wp\/v2\/media?parent=116"}],"curies":[{"name":"wp","href":"https:\/\/api.w.org\/{rel}","templated":true}]}}