{"id":801,"date":"2023-01-10T09:27:12","date_gmt":"2023-01-10T08:27:12","guid":{"rendered":"https:\/\/ecole.ac-nice.fr\/valbonne\/elemsartoux\/?page_id=801"},"modified":"2023-01-10T09:27:31","modified_gmt":"2023-01-10T08:27:31","slug":"sac-de-noel","status":"publish","type":"page","link":"https:\/\/ecole.ac-nice.fr\/valbonne\/elemsartoux\/sac-de-noel\/","title":{"rendered":"sac de No\u00ebl"},"content":{"rendered":"<p><img loading=\"lazy\" decoding=\"async\" class=\"alignnone size-medium wp-image-771\" src=\"http:\/\/ecole.ac-nice.fr\/valbonne\/elemsartoux\/wp-content\/uploads\/sites\/2\/2022\/12\/img_20221213_083413-300x225.jpg\" alt=\"\" width=\"300\" height=\"225\" srcset=\"https:\/\/ecole.ac-nice.fr\/valbonne\/elemsartoux\/wp-content\/uploads\/sites\/2\/2022\/12\/img_20221213_083413-300x225.jpg 300w, https:\/\/ecole.ac-nice.fr\/valbonne\/elemsartoux\/wp-content\/uploads\/sites\/2\/2022\/12\/img_20221213_083413-1024x768.jpg 1024w, https:\/\/ecole.ac-nice.fr\/valbonne\/elemsartoux\/wp-content\/uploads\/sites\/2\/2022\/12\/img_20221213_083413-768x576.jpg 768w, https:\/\/ecole.ac-nice.fr\/valbonne\/elemsartoux\/wp-content\/uploads\/sites\/2\/2022\/12\/img_20221213_083413.jpg 1500w\" sizes=\"auto, (max-width: 300px) 100vw, 300px\" \/><br \/>\n<img loading=\"lazy\" decoding=\"async\" class=\"alignnone size-medium wp-image-770\" src=\"http:\/\/ecole.ac-nice.fr\/valbonne\/elemsartoux\/wp-content\/uploads\/sites\/2\/2022\/12\/img_20221213_085523-225x300.jpg\" alt=\"\" width=\"225\" height=\"300\" srcset=\"https:\/\/ecole.ac-nice.fr\/valbonne\/elemsartoux\/wp-content\/uploads\/sites\/2\/2022\/12\/img_20221213_085523-225x300.jpg 225w, https:\/\/ecole.ac-nice.fr\/valbonne\/elemsartoux\/wp-content\/uploads\/sites\/2\/2022\/12\/img_20221213_085523-768x1024.jpg 768w, https:\/\/ecole.ac-nice.fr\/valbonne\/elemsartoux\/wp-content\/uploads\/sites\/2\/2022\/12\/img_20221213_085523.jpg 1125w\" sizes=\"auto, (max-width: 225px) 100vw, 225px\" \/><br \/>\nToute l&rsquo;\u00e9quipe de l&rsquo;\u00e9cole tiens \u00e0 remercier les parents pour leur participation \u00e0 l&rsquo;op\u00e9ration \u00ab\u00a0Sac de No\u00ebl\u00a0\u00bb pour les \u00e9tudiants d\u00e9munis.<\/p>\n<p>Pr\u00e8s de 160 sacs ont \u00e9t\u00e9 ainsi confectionn\u00e9s par des classes des \u00e9coles \u00e9l\u00e9mentaires et maternelles<\/p>\n<p>Chaque sac contient des produits d&rsquo;hygi\u00e8ne, des bo\u00eetes de conserve, des bonbons, des livres, des p\u00e2tes et une lettre ou un petit message de joie et de r\u00e9confort..<\/p>\n<p>L&rsquo;association Esprit de partage, situ\u00e9e \u00e0 Antibes passera les r\u00e9cup\u00e9rer jeudi.<\/p>\n<p>Tr\u00e8s belle initiative ! Bravo aux enseignantes, aux enfants et aux familles !<\/p>\n<p>&nbsp;<\/p>\n<p>&nbsp;<\/p>\n<p>&nbsp;<\/p>\n<p>&nbsp;<\/p>\n<p>&nbsp;<\/p>\n<p style=\"text-align: center\">\n","protected":false},"excerpt":{"rendered":"<p>Toute l&rsquo;\u00e9quipe de l&rsquo;\u00e9cole tiens \u00e0 remercier les parents pour leur participation \u00e0 l&rsquo;op\u00e9ration \u00ab\u00a0Sac de No\u00ebl\u00a0\u00bb pour les \u00e9tudiants d\u00e9munis. Pr\u00e8s de 160 sacs ont \u00e9t\u00e9 ainsi confectionn\u00e9s par des classes des \u00e9coles \u00e9l\u00e9mentaires et maternelles Chaque sac contient des produits d&rsquo;hygi\u00e8ne, des bo\u00eetes de conserve, des bonbons, des livres, des p\u00e2tes et une &hellip; <a href=\"https:\/\/ecole.ac-nice.fr\/valbonne\/elemsartoux\/sac-de-noel\/\" class=\"more-link\">Continuer la lecture de <span class=\"screen-reader-text\">sac de No\u00ebl<\/span> <span class=\"meta-nav\">&rarr;<\/span><\/a><\/p>\n","protected":false},"author":4,"featured_media":0,"parent":0,"menu_order":0,"comment_status":"closed","ping_status":"closed","template":"","meta":{"footnotes":""},"class_list":["post-801","page","type-page","status-publish","hentry"],"_links":{"self":[{"href":"https:\/\/ecole.ac-nice.fr\/valbonne\/elemsartoux\/wp-json\/wp\/v2\/pages\/801","targetHints":{"allow":["GET"]}}],"collection":[{"href":"https:\/\/ecole.ac-nice.fr\/valbonne\/elemsartoux\/wp-json\/wp\/v2\/pages"}],"about":[{"href":"https:\/\/ecole.ac-nice.fr\/valbonne\/elemsartoux\/wp-json\/wp\/v2\/types\/page"}],"author":[{"embeddable":true,"href":"https:\/\/ecole.ac-nice.fr\/valbonne\/elemsartoux\/wp-json\/wp\/v2\/users\/4"}],"replies":[{"embeddable":true,"href":"https:\/\/ecole.ac-nice.fr\/valbonne\/elemsartoux\/wp-json\/wp\/v2\/comments?post=801"}],"version-history":[{"count":2,"href":"https:\/\/ecole.ac-nice.fr\/valbonne\/elemsartoux\/wp-json\/wp\/v2\/pages\/801\/revisions"}],"predecessor-version":[{"id":805,"href":"https:\/\/ecole.ac-nice.fr\/valbonne\/elemsartoux\/wp-json\/wp\/v2\/pages\/801\/revisions\/805"}],"wp:attachment":[{"href":"https:\/\/ecole.ac-nice.fr\/valbonne\/elemsartoux\/wp-json\/wp\/v2\/media?parent=801"}],"curies":[{"name":"wp","href":"https:\/\/api.w.org\/{rel}","templated":true}]}}