{"id":70,"date":"2017-03-27T21:30:10","date_gmt":"2017-03-27T19:30:10","guid":{"rendered":"http:\/\/ecole.ac-nice.fr\/valbonne\/elemgachon\/?page_id=70"},"modified":"2018-07-23T16:22:44","modified_gmt":"2018-07-23T14:22:44","slug":"inscriptions","status":"publish","type":"page","link":"https:\/\/ecole.ac-nice.fr\/valbonne\/elemgachon\/ecole\/inscriptions\/","title":{"rendered":"Inscriptions"},"content":{"rendered":"<p><strong>Pour inscrire votre enfant:<\/strong><\/p>\n<p>Vous devez aller \u00e0 la mairie avec votre livret de famille, le carnet de sant\u00e9 et le justificatif de domicile pour compl\u00e9ter un dossier unique. La mairie vous remettra le dossier d&rsquo;inscription \u00e0 <strong>rapporter<\/strong> \u00e0 la directrice de l&rsquo;\u00e9cole en prenant soin de prendre un rendez-vous au <a href=\"tel:+33493637797\"> 04.93.63.77.97<\/a><\/p>\n<p>Le jour du rendez-vous, prenez votre dossier d&rsquo;inscription, le carnet de sant\u00e9, le livret de famille et le certificat de radiation.<\/p>\n","protected":false},"excerpt":{"rendered":"<p>Pour inscrire votre enfant: Vous devez aller \u00e0 la mairie avec votre livret de famille, le carnet de sant\u00e9 et le justificatif de domicile pour compl\u00e9ter un dossier unique. La mairie vous remettra le dossier d&rsquo;inscription \u00e0 rapporter \u00e0 la directrice de l&rsquo;\u00e9cole en prenant soin de prendre un rendez-vous au 04.93.63.77.97 Le jour du &hellip; <a href=\"https:\/\/ecole.ac-nice.fr\/valbonne\/elemgachon\/ecole\/inscriptions\/\" class=\"more-link\">Continuer la lecture<span class=\"screen-reader-text\"> de &laquo;&nbsp;Inscriptions&nbsp;&raquo;<\/span><\/a><\/p>\n","protected":false},"author":12,"featured_media":0,"parent":145,"menu_order":1,"comment_status":"closed","ping_status":"closed","template":"","meta":{"footnotes":""},"class_list":["post-70","page","type-page","status-publish","hentry"],"_links":{"self":[{"href":"https:\/\/ecole.ac-nice.fr\/valbonne\/elemgachon\/wp-json\/wp\/v2\/pages\/70","targetHints":{"allow":["GET"]}}],"collection":[{"href":"https:\/\/ecole.ac-nice.fr\/valbonne\/elemgachon\/wp-json\/wp\/v2\/pages"}],"about":[{"href":"https:\/\/ecole.ac-nice.fr\/valbonne\/elemgachon\/wp-json\/wp\/v2\/types\/page"}],"author":[{"embeddable":true,"href":"https:\/\/ecole.ac-nice.fr\/valbonne\/elemgachon\/wp-json\/wp\/v2\/users\/12"}],"replies":[{"embeddable":true,"href":"https:\/\/ecole.ac-nice.fr\/valbonne\/elemgachon\/wp-json\/wp\/v2\/comments?post=70"}],"version-history":[{"count":4,"href":"https:\/\/ecole.ac-nice.fr\/valbonne\/elemgachon\/wp-json\/wp\/v2\/pages\/70\/revisions"}],"predecessor-version":[{"id":131,"href":"https:\/\/ecole.ac-nice.fr\/valbonne\/elemgachon\/wp-json\/wp\/v2\/pages\/70\/revisions\/131"}],"up":[{"embeddable":true,"href":"https:\/\/ecole.ac-nice.fr\/valbonne\/elemgachon\/wp-json\/wp\/v2\/pages\/145"}],"wp:attachment":[{"href":"https:\/\/ecole.ac-nice.fr\/valbonne\/elemgachon\/wp-json\/wp\/v2\/media?parent=70"}],"curies":[{"name":"wp","href":"https:\/\/api.w.org\/{rel}","templated":true}]}}