{"id":180,"date":"2021-07-29T08:00:54","date_gmt":"2021-07-29T06:00:54","guid":{"rendered":"http:\/\/ecole.ac-nice.fr\/valbonne\/elemgachon\/?page_id=180"},"modified":"2021-07-29T08:29:09","modified_gmt":"2021-07-29T06:29:09","slug":"horaires","status":"publish","type":"page","link":"https:\/\/ecole.ac-nice.fr\/valbonne\/elemgachon\/ecole\/horaires\/","title":{"rendered":"Horaires"},"content":{"rendered":"<p>Tous les matins (lundi, mardi, jeudi et vendredi) l&rsquo;\u00e9cole est ouverte de 8h20 \u00e0 12h et tous les apr\u00e8s-midis de 13h50 \u00e0 16h30.<\/p>\n<p>Les \u00e9l\u00e8ves montent en classe d\u00e8s 8h30 et 14h. Veillez \u00e0 \u00eatre \u00e0 l&rsquo;heure &#8230;<br \/>\nTout retard perturbe la classe !<\/p>\n<p>Veillez aussi \u00e0 \u00eatre \u00e0 l&rsquo;heure \u00e0 16h30 ou pr\u00e9venez imp\u00e9rativement l&rsquo;\u00e9cole en t\u00e9l\u00e9phonant au : <a href=\"tel:+33493637797\">Cliquez pour appeler 04 93 63 77 97 <\/a><\/p>\n","protected":false},"excerpt":{"rendered":"<p>Tous les matins (lundi, mardi, jeudi et vendredi) l&rsquo;\u00e9cole est ouverte de 8h20 \u00e0 12h et tous les apr\u00e8s-midis de 13h50 \u00e0 16h30. Les \u00e9l\u00e8ves montent en classe d\u00e8s 8h30 et 14h. Veillez \u00e0 \u00eatre \u00e0 l&rsquo;heure &#8230; Tout retard perturbe la classe ! Veillez aussi \u00e0 \u00eatre \u00e0 l&rsquo;heure \u00e0 16h30 ou pr\u00e9venez imp\u00e9rativement &hellip; <a href=\"https:\/\/ecole.ac-nice.fr\/valbonne\/elemgachon\/ecole\/horaires\/\" class=\"more-link\">Continuer la lecture<span class=\"screen-reader-text\"> de &laquo;&nbsp;Horaires&nbsp;&raquo;<\/span><\/a><\/p>\n","protected":false},"author":12,"featured_media":0,"parent":145,"menu_order":0,"comment_status":"closed","ping_status":"closed","template":"","meta":{"footnotes":""},"class_list":["post-180","page","type-page","status-publish","hentry"],"_links":{"self":[{"href":"https:\/\/ecole.ac-nice.fr\/valbonne\/elemgachon\/wp-json\/wp\/v2\/pages\/180","targetHints":{"allow":["GET"]}}],"collection":[{"href":"https:\/\/ecole.ac-nice.fr\/valbonne\/elemgachon\/wp-json\/wp\/v2\/pages"}],"about":[{"href":"https:\/\/ecole.ac-nice.fr\/valbonne\/elemgachon\/wp-json\/wp\/v2\/types\/page"}],"author":[{"embeddable":true,"href":"https:\/\/ecole.ac-nice.fr\/valbonne\/elemgachon\/wp-json\/wp\/v2\/users\/12"}],"replies":[{"embeddable":true,"href":"https:\/\/ecole.ac-nice.fr\/valbonne\/elemgachon\/wp-json\/wp\/v2\/comments?post=180"}],"version-history":[{"count":12,"href":"https:\/\/ecole.ac-nice.fr\/valbonne\/elemgachon\/wp-json\/wp\/v2\/pages\/180\/revisions"}],"predecessor-version":[{"id":233,"href":"https:\/\/ecole.ac-nice.fr\/valbonne\/elemgachon\/wp-json\/wp\/v2\/pages\/180\/revisions\/233"}],"up":[{"embeddable":true,"href":"https:\/\/ecole.ac-nice.fr\/valbonne\/elemgachon\/wp-json\/wp\/v2\/pages\/145"}],"wp:attachment":[{"href":"https:\/\/ecole.ac-nice.fr\/valbonne\/elemgachon\/wp-json\/wp\/v2\/media?parent=180"}],"curies":[{"name":"wp","href":"https:\/\/api.w.org\/{rel}","templated":true}]}}