{"id":165,"date":"2018-07-23T16:30:13","date_gmt":"2018-07-23T14:30:13","guid":{"rendered":"http:\/\/ecole.ac-nice.fr\/valbonne\/elemgachon\/?page_id=165"},"modified":"2018-07-23T17:00:51","modified_gmt":"2018-07-23T15:00:51","slug":"presentation","status":"publish","type":"page","link":"https:\/\/ecole.ac-nice.fr\/valbonne\/elemgachon\/ecole\/presentation\/","title":{"rendered":"Pr\u00e9sentation"},"content":{"rendered":"<p>Ecole \u00e9l\u00e9mentaire avec 13 classes + 1 classe d&rsquo;adaptation et 1 biblioth\u00e8que.<\/p>\n<p>&nbsp;<\/p>\n<p>&nbsp;<\/p>\n","protected":false},"excerpt":{"rendered":"<p>Ecole \u00e9l\u00e9mentaire avec 13 classes + 1 classe d&rsquo;adaptation et 1 biblioth\u00e8que. &nbsp; &nbsp;<\/p>\n","protected":false},"author":12,"featured_media":0,"parent":145,"menu_order":0,"comment_status":"closed","ping_status":"closed","template":"","meta":{"footnotes":""},"class_list":["post-165","page","type-page","status-publish","hentry"],"_links":{"self":[{"href":"https:\/\/ecole.ac-nice.fr\/valbonne\/elemgachon\/wp-json\/wp\/v2\/pages\/165","targetHints":{"allow":["GET"]}}],"collection":[{"href":"https:\/\/ecole.ac-nice.fr\/valbonne\/elemgachon\/wp-json\/wp\/v2\/pages"}],"about":[{"href":"https:\/\/ecole.ac-nice.fr\/valbonne\/elemgachon\/wp-json\/wp\/v2\/types\/page"}],"author":[{"embeddable":true,"href":"https:\/\/ecole.ac-nice.fr\/valbonne\/elemgachon\/wp-json\/wp\/v2\/users\/12"}],"replies":[{"embeddable":true,"href":"https:\/\/ecole.ac-nice.fr\/valbonne\/elemgachon\/wp-json\/wp\/v2\/comments?post=165"}],"version-history":[{"count":2,"href":"https:\/\/ecole.ac-nice.fr\/valbonne\/elemgachon\/wp-json\/wp\/v2\/pages\/165\/revisions"}],"predecessor-version":[{"id":191,"href":"https:\/\/ecole.ac-nice.fr\/valbonne\/elemgachon\/wp-json\/wp\/v2\/pages\/165\/revisions\/191"}],"up":[{"embeddable":true,"href":"https:\/\/ecole.ac-nice.fr\/valbonne\/elemgachon\/wp-json\/wp\/v2\/pages\/145"}],"wp:attachment":[{"href":"https:\/\/ecole.ac-nice.fr\/valbonne\/elemgachon\/wp-json\/wp\/v2\/media?parent=165"}],"curies":[{"name":"wp","href":"https:\/\/api.w.org\/{rel}","templated":true}]}}