{"id":158,"date":"2021-07-23T08:00:47","date_gmt":"2021-07-23T06:00:47","guid":{"rendered":"http:\/\/ecole.ac-nice.fr\/valbonne\/elemgachon\/?page_id=158"},"modified":"2021-07-29T08:30:51","modified_gmt":"2021-07-29T06:30:51","slug":"numeros-utiles","status":"publish","type":"page","link":"https:\/\/ecole.ac-nice.fr\/valbonne\/elemgachon\/ecole\/numeros-utiles\/","title":{"rendered":"Num\u00e9ros utiles"},"content":{"rendered":"<p><strong>Quelques num\u00e9ros utiles:<\/strong><\/p>\n<ul>\n<li>\u00e9cole \u00e9l\u00e9mentaire Gachon: 04.93.63.77.99<\/li>\n<li>adresse mail: ecole.0061095h@ac-nice.fr<\/li>\n<li>la psychologue scolaire: Mme Gefflot: 04.93.64.38.93<\/li>\n<li>les assistantes sociales: la MSD: 04.89.04.35.80<\/li>\n<li>ADRET: pour signaler un enfant en danger: 0.805.40.06.06<\/li>\n<\/ul>\n","protected":false},"excerpt":{"rendered":"<p>Quelques num\u00e9ros utiles: \u00e9cole \u00e9l\u00e9mentaire Gachon: 04.93.63.77.99 adresse mail: ecole.0061095h@ac-nice.fr la psychologue scolaire: Mme Gefflot: 04.93.64.38.93 les assistantes sociales: la MSD: 04.89.04.35.80 ADRET: pour signaler un enfant en danger: 0.805.40.06.06<\/p>\n","protected":false},"author":12,"featured_media":0,"parent":145,"menu_order":0,"comment_status":"closed","ping_status":"closed","template":"","meta":{"footnotes":""},"class_list":["post-158","page","type-page","status-publish","hentry"],"_links":{"self":[{"href":"https:\/\/ecole.ac-nice.fr\/valbonne\/elemgachon\/wp-json\/wp\/v2\/pages\/158","targetHints":{"allow":["GET"]}}],"collection":[{"href":"https:\/\/ecole.ac-nice.fr\/valbonne\/elemgachon\/wp-json\/wp\/v2\/pages"}],"about":[{"href":"https:\/\/ecole.ac-nice.fr\/valbonne\/elemgachon\/wp-json\/wp\/v2\/types\/page"}],"author":[{"embeddable":true,"href":"https:\/\/ecole.ac-nice.fr\/valbonne\/elemgachon\/wp-json\/wp\/v2\/users\/12"}],"replies":[{"embeddable":true,"href":"https:\/\/ecole.ac-nice.fr\/valbonne\/elemgachon\/wp-json\/wp\/v2\/comments?post=158"}],"version-history":[{"count":3,"href":"https:\/\/ecole.ac-nice.fr\/valbonne\/elemgachon\/wp-json\/wp\/v2\/pages\/158\/revisions"}],"predecessor-version":[{"id":234,"href":"https:\/\/ecole.ac-nice.fr\/valbonne\/elemgachon\/wp-json\/wp\/v2\/pages\/158\/revisions\/234"}],"up":[{"embeddable":true,"href":"https:\/\/ecole.ac-nice.fr\/valbonne\/elemgachon\/wp-json\/wp\/v2\/pages\/145"}],"wp:attachment":[{"href":"https:\/\/ecole.ac-nice.fr\/valbonne\/elemgachon\/wp-json\/wp\/v2\/media?parent=158"}],"curies":[{"name":"wp","href":"https:\/\/api.w.org\/{rel}","templated":true}]}}