{"id":155,"date":"2018-07-23T16:25:55","date_gmt":"2018-07-23T14:25:55","guid":{"rendered":"http:\/\/ecole.ac-nice.fr\/valbonne\/elemgachon\/?page_id=155"},"modified":"2018-07-23T16:26:09","modified_gmt":"2018-07-23T14:26:09","slug":"suivis-exterieurs","status":"publish","type":"page","link":"https:\/\/ecole.ac-nice.fr\/valbonne\/elemgachon\/ecole\/suivis-exterieurs\/","title":{"rendered":"Suivis ext\u00e9rieurs"},"content":{"rendered":"<p><strong>Suivis chez les orthophonistes, psychologues, CMP,&#8230;.<\/strong><\/p>\n<p>Si votre enfant a des suivis, veuillez en informer l&rsquo;enseignant.<\/p>\n<p>Sachez que certains de ces suivis peuvent avoir lieu durant les horaires scolaires: si cela est le cas l&rsquo;enseignant vous remettra une autorisation de sortie \u00e0 compl\u00e9ter et \u00e0 lui rendre avec la prescription m\u00e9dicale du suivi.<\/p>\n","protected":false},"excerpt":{"rendered":"<p>Suivis chez les orthophonistes, psychologues, CMP,&#8230;. Si votre enfant a des suivis, veuillez en informer l&rsquo;enseignant. Sachez que certains de ces suivis peuvent avoir lieu durant les horaires scolaires: si cela est le cas l&rsquo;enseignant vous remettra une autorisation de sortie \u00e0 compl\u00e9ter et \u00e0 lui rendre avec la prescription m\u00e9dicale du suivi.<\/p>\n","protected":false},"author":12,"featured_media":0,"parent":145,"menu_order":0,"comment_status":"closed","ping_status":"closed","template":"","meta":{"footnotes":""},"class_list":["post-155","page","type-page","status-publish","hentry"],"_links":{"self":[{"href":"https:\/\/ecole.ac-nice.fr\/valbonne\/elemgachon\/wp-json\/wp\/v2\/pages\/155","targetHints":{"allow":["GET"]}}],"collection":[{"href":"https:\/\/ecole.ac-nice.fr\/valbonne\/elemgachon\/wp-json\/wp\/v2\/pages"}],"about":[{"href":"https:\/\/ecole.ac-nice.fr\/valbonne\/elemgachon\/wp-json\/wp\/v2\/types\/page"}],"author":[{"embeddable":true,"href":"https:\/\/ecole.ac-nice.fr\/valbonne\/elemgachon\/wp-json\/wp\/v2\/users\/12"}],"replies":[{"embeddable":true,"href":"https:\/\/ecole.ac-nice.fr\/valbonne\/elemgachon\/wp-json\/wp\/v2\/comments?post=155"}],"version-history":[{"count":1,"href":"https:\/\/ecole.ac-nice.fr\/valbonne\/elemgachon\/wp-json\/wp\/v2\/pages\/155\/revisions"}],"predecessor-version":[{"id":157,"href":"https:\/\/ecole.ac-nice.fr\/valbonne\/elemgachon\/wp-json\/wp\/v2\/pages\/155\/revisions\/157"}],"up":[{"embeddable":true,"href":"https:\/\/ecole.ac-nice.fr\/valbonne\/elemgachon\/wp-json\/wp\/v2\/pages\/145"}],"wp:attachment":[{"href":"https:\/\/ecole.ac-nice.fr\/valbonne\/elemgachon\/wp-json\/wp\/v2\/media?parent=155"}],"curies":[{"name":"wp","href":"https:\/\/api.w.org\/{rel}","templated":true}]}}