{"id":142,"date":"2021-07-29T09:21:07","date_gmt":"2021-07-29T07:21:07","guid":{"rendered":"http:\/\/ecole.ac-nice.fr\/valbonne\/elemgachon\/?page_id=142"},"modified":"2021-07-29T09:37:17","modified_gmt":"2021-07-29T07:37:17","slug":"absence-de-votre-enfant","status":"publish","type":"page","link":"https:\/\/ecole.ac-nice.fr\/valbonne\/elemgachon\/ecole\/absence-de-votre-enfant\/","title":{"rendered":"Absence de votre enfant"},"content":{"rendered":"<p>Pensez \u00e0 signaler toute absence en t\u00e9l\u00e9phonant \u00e0 la directrice ou en envoyant un message \u00e0 son enseignante via EDUCARTABLE.<\/p>\n<p>Toute absence de plus de 24 heures devra \u00eatre justifi\u00e9e par un certificat m\u00e9dical.<\/p>\n","protected":false},"excerpt":{"rendered":"<p>Pensez \u00e0 signaler toute absence en t\u00e9l\u00e9phonant \u00e0 la directrice ou en envoyant un message \u00e0 son enseignante via EDUCARTABLE. Toute absence de plus de 24 heures devra \u00eatre justifi\u00e9e par un certificat m\u00e9dical.<\/p>\n","protected":false},"author":12,"featured_media":0,"parent":145,"menu_order":0,"comment_status":"closed","ping_status":"closed","template":"","meta":{"footnotes":""},"class_list":["post-142","page","type-page","status-publish","hentry"],"_links":{"self":[{"href":"https:\/\/ecole.ac-nice.fr\/valbonne\/elemgachon\/wp-json\/wp\/v2\/pages\/142","targetHints":{"allow":["GET"]}}],"collection":[{"href":"https:\/\/ecole.ac-nice.fr\/valbonne\/elemgachon\/wp-json\/wp\/v2\/pages"}],"about":[{"href":"https:\/\/ecole.ac-nice.fr\/valbonne\/elemgachon\/wp-json\/wp\/v2\/types\/page"}],"author":[{"embeddable":true,"href":"https:\/\/ecole.ac-nice.fr\/valbonne\/elemgachon\/wp-json\/wp\/v2\/users\/12"}],"replies":[{"embeddable":true,"href":"https:\/\/ecole.ac-nice.fr\/valbonne\/elemgachon\/wp-json\/wp\/v2\/comments?post=142"}],"version-history":[{"count":5,"href":"https:\/\/ecole.ac-nice.fr\/valbonne\/elemgachon\/wp-json\/wp\/v2\/pages\/142\/revisions"}],"predecessor-version":[{"id":237,"href":"https:\/\/ecole.ac-nice.fr\/valbonne\/elemgachon\/wp-json\/wp\/v2\/pages\/142\/revisions\/237"}],"up":[{"embeddable":true,"href":"https:\/\/ecole.ac-nice.fr\/valbonne\/elemgachon\/wp-json\/wp\/v2\/pages\/145"}],"wp:attachment":[{"href":"https:\/\/ecole.ac-nice.fr\/valbonne\/elemgachon\/wp-json\/wp\/v2\/media?parent=142"}],"curies":[{"name":"wp","href":"https:\/\/api.w.org\/{rel}","templated":true}]}}