{"id":139,"date":"2018-07-23T16:20:41","date_gmt":"2018-07-23T14:20:41","guid":{"rendered":"http:\/\/ecole.ac-nice.fr\/valbonne\/elemgachon\/?page_id=139"},"modified":"2018-07-23T16:22:09","modified_gmt":"2018-07-23T14:22:09","slug":"changement-decole","status":"publish","type":"page","link":"https:\/\/ecole.ac-nice.fr\/valbonne\/elemgachon\/ecole\/changement-decole\/","title":{"rendered":"Changement d&rsquo;\u00e9cole"},"content":{"rendered":"<p><strong>Pour changer d&rsquo;\u00e9cole:<\/strong><\/p>\n<p>Si vous d\u00e9m\u00e9nager dans le courant de l&rsquo;ann\u00e9e, demander un certificat de radiation \u00e0 la directrice: celui-ci peut \u00eatre fait plusieurs semaines \u00e0 l&rsquo;avance.<\/p>\n","protected":false},"excerpt":{"rendered":"<p>Pour changer d&rsquo;\u00e9cole: Si vous d\u00e9m\u00e9nager dans le courant de l&rsquo;ann\u00e9e, demander un certificat de radiation \u00e0 la directrice: celui-ci peut \u00eatre fait plusieurs semaines \u00e0 l&rsquo;avance.<\/p>\n","protected":false},"author":12,"featured_media":0,"parent":145,"menu_order":0,"comment_status":"closed","ping_status":"closed","template":"","meta":{"footnotes":""},"class_list":["post-139","page","type-page","status-publish","hentry"],"_links":{"self":[{"href":"https:\/\/ecole.ac-nice.fr\/valbonne\/elemgachon\/wp-json\/wp\/v2\/pages\/139","targetHints":{"allow":["GET"]}}],"collection":[{"href":"https:\/\/ecole.ac-nice.fr\/valbonne\/elemgachon\/wp-json\/wp\/v2\/pages"}],"about":[{"href":"https:\/\/ecole.ac-nice.fr\/valbonne\/elemgachon\/wp-json\/wp\/v2\/types\/page"}],"author":[{"embeddable":true,"href":"https:\/\/ecole.ac-nice.fr\/valbonne\/elemgachon\/wp-json\/wp\/v2\/users\/12"}],"replies":[{"embeddable":true,"href":"https:\/\/ecole.ac-nice.fr\/valbonne\/elemgachon\/wp-json\/wp\/v2\/comments?post=139"}],"version-history":[{"count":1,"href":"https:\/\/ecole.ac-nice.fr\/valbonne\/elemgachon\/wp-json\/wp\/v2\/pages\/139\/revisions"}],"predecessor-version":[{"id":141,"href":"https:\/\/ecole.ac-nice.fr\/valbonne\/elemgachon\/wp-json\/wp\/v2\/pages\/139\/revisions\/141"}],"up":[{"embeddable":true,"href":"https:\/\/ecole.ac-nice.fr\/valbonne\/elemgachon\/wp-json\/wp\/v2\/pages\/145"}],"wp:attachment":[{"href":"https:\/\/ecole.ac-nice.fr\/valbonne\/elemgachon\/wp-json\/wp\/v2\/media?parent=139"}],"curies":[{"name":"wp","href":"https:\/\/api.w.org\/{rel}","templated":true}]}}