{"id":601,"date":"2018-09-17T15:49:19","date_gmt":"2018-09-17T13:49:19","guid":{"rendered":"http:\/\/ecole.ac-nice.fr\/val-siagne\/?page_id=601"},"modified":"2021-09-10T13:58:04","modified_gmt":"2021-09-10T11:58:04","slug":"ecoles-de-peymeinade","status":"publish","type":"page","link":"https:\/\/ecole.ac-nice.fr\/val-siagne\/circo\/ecoles-par-commune\/ecoles-de-peymeinade\/","title":{"rendered":"Ecoles de Peymeinade"},"content":{"rendered":"<p>Les \u00e9coles de Peymeinade :<\/p>\n<p><em>(en cliquant sur l\u2019adresse ou la photo de l\u2019\u00e9cole, vous pourrez visualiser son emplacement sur une carte dynamique \u2013 google maps -)<\/em><\/p>\n<p><span style=\"color: #ff9900;\">2 \u00e9coles maternelles<\/span>, <span style=\"color: #800080;\">2 \u00e9coles \u00e9l\u00e9mentaires<\/span> et <span style=\"color: #99cc00;\">1 \u00e9cole primaire<\/span> (maternelle + \u00e9l\u00e9mentaire )\u00a0:<\/p>\n<ul>\n<li><span style=\"color: #ff9900;\"><strong>Ecole maternelle Fragonard<\/strong> :<\/span><\/li>\n<\/ul>\n<p><a href=\"https:\/\/goo.gl\/maps\/S6GdtwMKVdn\" target=\"_blank\" rel=\"noopener noreferrer\"><img loading=\"lazy\" decoding=\"async\" class=\"size-full wp-image-602 alignleft\" src=\"http:\/\/ecole.ac-nice.fr\/val-siagne\/wp-content\/uploads\/2017\/12\/FragMat.jpg\" alt=\"\" width=\"200\" height=\"107\" \/><\/a><a href=\"https:\/\/goo.gl\/maps\/S6GdtwMKVdn\" target=\"_blank\" rel=\"noopener noreferrer\">Chemin du clos, 06530 Peymeinade<\/a><\/p>\n<p>M\u00e9l : <a href=\"mailto:ecole.0060936K@ac-nice.fr\" target=\"_blank\" rel=\"noopener noreferrer\">ecole.0060936K@ac-nice.fr<\/a><\/p>\n<p>&nbsp;<\/p>\n<p>Directrice : Mme Sabine DURAND \u00a0\u00a0\u00a0\u00a0\u00a0\u00a0\u00a0 T\u00e9l : 04 93 66 19 63<\/p>\n<p>Site internet :<\/p>\n<p>&nbsp;<\/p>\n<ul>\n<li><span style=\"color: #ff9900;\"><strong>Ecole maternelle Saint Exup\u00e9ry <\/strong>:<\/span><\/li>\n<\/ul>\n<p><a href=\"https:\/\/goo.gl\/maps\/s9Lo9akCZ7w\" target=\"_blank\" rel=\"noopener noreferrer\"><img loading=\"lazy\" decoding=\"async\" class=\"size-full wp-image-603 alignleft\" src=\"http:\/\/ecole.ac-nice.fr\/val-siagne\/wp-content\/uploads\/2017\/12\/St-ex-mat.jpg\" alt=\"\" width=\"250\" height=\"86\" \/><\/a><a href=\"https:\/\/goo.gl\/maps\/s9Lo9akCZ7w\" target=\"_blank\" rel=\"noopener noreferrer\">250 avenue de Peygros, 06530 Peymeinade<\/a><\/p>\n<p>M\u00e9l :\u00a0 <a href=\"mailto:ecole.0061711C@ac-nice.fr\" target=\"_blank\" rel=\"noopener noreferrer\">ecole.0061711C@ac-nice.fr<\/a><\/p>\n<p>&nbsp;<\/p>\n<p>Directeur : Mme Serafina FLORENS \u00a0\u00a0\u00a0\u00a0\u00a0\u00a0\u00a0 T\u00e9l : 04 93 66 24 85<\/p>\n<p>Site internet :<\/p>\n<p>&nbsp;<\/p>\n<ul>\n<li><span style=\"color: #800080;\"><strong>Ecole \u00e9l\u00e9mentaire Fragonard<\/strong> :<\/span><\/li>\n<\/ul>\n<p>2 impasse du G\u00e9n\u00e9ral De Gaulle, 06530 Peymeinade \/ <a href=\"https:\/\/goo.gl\/maps\/BvAtdFkTHaG2\">5 rue Mirabeau, 06530 Peymeinade<\/a><\/p>\n<p>M\u00e9l :\u00a0<a href=\"mailto:ecole.0060955F@ac-nice.fr\">ecole.0060955F@ac-nice.fr<\/a><\/p>\n<p>Directrice : Mme Alexandra MICHEL \u00a0\u00a0\u00a0\u00a0\u00a0\u00a0\u00a0\u00a0 T\u00e9l : 04 93 66 13 65 \/ 04 93 09 35 91<\/p>\n<p>Site internet :<\/p>\n<p>&nbsp;<\/p>\n<ul>\n<li><span style=\"color: #800080;\"><strong>Ecole \u00e9l\u00e9mentaire Saint Exup\u00e9ry<\/strong> :<\/span><\/li>\n<\/ul>\n<p><a href=\"https:\/\/goo.gl\/maps\/s9Lo9akCZ7w\" target=\"_blank\" rel=\"noopener noreferrer\">250 avenue de Peygros,\u00a0 06530 Peymeinade<\/a><\/p>\n<p>M\u00e9l :\u00a0<a href=\"mailto:ecole.0060326X@ac-nice.fr\">ecole.0061589V@ac-nice.fr<\/a><\/p>\n<p>Directrice : Mme Catherine LENGRAND \u00a0\u00a0\u00a0\u00a0\u00a0\u00a0\u00a0\u00a0 T\u00e9l : 04 93 66 08 43<\/p>\n<p>Site internet :<\/p>\n<p>&nbsp;<\/p>\n<ul>\n<li><span style=\"color: #99cc00;\"><strong>Ecole primaire Mistral<\/strong> :<\/span><\/li>\n<\/ul>\n<p><a href=\"https:\/\/goo.gl\/maps\/wRCRZLBczKp\" target=\"_blank\" rel=\"noopener noreferrer\">165 avenue de Boutigny, 06 530 Peymeinade<\/a><\/p>\n<p>M\u00e9l :\u00a0\u00a0<a href=\"mailto:ecole.0061778A@ac-nice.fr\" target=\"_blank\" rel=\"noopener noreferrer\">ecole.0061801A@ac-nice.fr<\/a><\/p>\n<p>Directrice : Mme Isabelle JACQUES \u00a0\u00a0\u00a0\u00a0\u00a0\u00a0\u00a0\u00a0 T\u00e9l : 04 93 66 01 12<\/p>\n<p>Site internet :<\/p>\n","protected":false},"excerpt":{"rendered":"<p>Les \u00e9coles de Peymeinade : (en cliquant sur l\u2019adresse ou la photo de l\u2019\u00e9cole, vous pourrez visualiser son emplacement sur une carte dynamique \u2013 google maps -) 2 \u00e9coles maternelles, 2 \u00e9coles \u00e9l\u00e9mentaires et 1 \u00e9cole primaire (maternelle + \u00e9l\u00e9mentaire )\u00a0: Ecole maternelle Fragonard : Chemin du clos, 06530 Peymeinade M\u00e9l : ecole.0060936K@ac-nice.fr &nbsp; Directrice &hellip; <a href=\"https:\/\/ecole.ac-nice.fr\/val-siagne\/circo\/ecoles-par-commune\/ecoles-de-peymeinade\/\" class=\"more-link\">Continuer la lecture de <span class=\"screen-reader-text\">Ecoles de Peymeinade<\/span> <span class=\"meta-nav\">&rarr;<\/span><\/a><\/p>\n","protected":false},"author":2,"featured_media":0,"parent":160,"menu_order":0,"comment_status":"closed","ping_status":"closed","template":"","meta":{"footnotes":""},"class_list":["post-601","page","type-page","status-publish","hentry"],"_links":{"self":[{"href":"https:\/\/ecole.ac-nice.fr\/val-siagne\/wp-json\/wp\/v2\/pages\/601","targetHints":{"allow":["GET"]}}],"collection":[{"href":"https:\/\/ecole.ac-nice.fr\/val-siagne\/wp-json\/wp\/v2\/pages"}],"about":[{"href":"https:\/\/ecole.ac-nice.fr\/val-siagne\/wp-json\/wp\/v2\/types\/page"}],"author":[{"embeddable":true,"href":"https:\/\/ecole.ac-nice.fr\/val-siagne\/wp-json\/wp\/v2\/users\/2"}],"replies":[{"embeddable":true,"href":"https:\/\/ecole.ac-nice.fr\/val-siagne\/wp-json\/wp\/v2\/comments?post=601"}],"version-history":[{"count":5,"href":"https:\/\/ecole.ac-nice.fr\/val-siagne\/wp-json\/wp\/v2\/pages\/601\/revisions"}],"predecessor-version":[{"id":1082,"href":"https:\/\/ecole.ac-nice.fr\/val-siagne\/wp-json\/wp\/v2\/pages\/601\/revisions\/1082"}],"up":[{"embeddable":true,"href":"https:\/\/ecole.ac-nice.fr\/val-siagne\/wp-json\/wp\/v2\/pages\/160"}],"wp:attachment":[{"href":"https:\/\/ecole.ac-nice.fr\/val-siagne\/wp-json\/wp\/v2\/media?parent=601"}],"curies":[{"name":"wp","href":"https:\/\/api.w.org\/{rel}","templated":true}]}}