{"id":599,"date":"2017-12-08T15:27:49","date_gmt":"2017-12-08T14:27:49","guid":{"rendered":"http:\/\/ecole.ac-nice.fr\/val-siagne\/?page_id=599"},"modified":"2023-07-03T13:23:38","modified_gmt":"2023-07-03T11:23:38","slug":"ecole-de-sperade-speracedes","status":"publish","type":"page","link":"https:\/\/ecole.ac-nice.fr\/val-siagne\/circo\/ecoles-par-commune\/ecole-de-sperade-speracedes\/","title":{"rendered":"Ecole de Sp\u00e9rac\u00e8des"},"content":{"rendered":"<p>L&rsquo;\u00e9cole de Sp\u00e9rac\u00e8des :<\/p>\n<p><em>(en cliquant sur l\u2019adresse ou la photo de l\u2019\u00e9cole, vous pourrez visualiser son emplacement sur une carte dynamique \u2013 google maps -)<\/em><\/p>\n<ul>\n<li><span style=\"color: #99cc00;\"><strong>E<\/strong><\/span><span style=\"color: #99cc00;\"><strong>cole primaire de Sp\u00e9rac\u00e8des :<\/strong><\/span><\/li>\n<\/ul>\n<p><a href=\"https:\/\/goo.gl\/maps\/6wxnQShhmnS2\" target=\"_blank\" rel=\"noopener noreferrer\">12 rue Dr Belletrud,\u00a0 06530\u00a0<em>Sp\u00e9rac\u00e8des<\/em>\u00a0<\/a><\/p>\n<p>M\u00e9l :\u00a0<a href=\"mailto:ecole.0060572P@ac-nice.fr\" target=\"_blank\" rel=\"noopener noreferrer\">ecole.0060572P@ac-nice.fr<\/a><\/p>\n<p>Directeur :\u00a0 M. Fran\u00e7ois BOUFFAULT \u00a0\u00a0\u00a0\u00a0\u00a0\u00a0\u00a0\u00a0 T\u00e9l : 04 93 60 58 43<\/p>\n<p>Site internet : <a href=\"https:\/\/ecole.ac-nice.fr\/val-siagne\/speracedes\/\">https:\/\/ecole.ac-nice.fr\/val-siagne\/speracedes\/<\/a><\/p>\n<p>&nbsp;<\/p>\n","protected":false},"excerpt":{"rendered":"<p>L&rsquo;\u00e9cole de Sp\u00e9rac\u00e8des : (en cliquant sur l\u2019adresse ou la photo de l\u2019\u00e9cole, vous pourrez visualiser son emplacement sur une carte dynamique \u2013 google maps -) Ecole primaire de Sp\u00e9rac\u00e8des : 12 rue Dr Belletrud,\u00a0 06530\u00a0Sp\u00e9rac\u00e8des\u00a0 M\u00e9l :\u00a0ecole.0060572P@ac-nice.fr Directeur :\u00a0 M. Fran\u00e7ois BOUFFAULT \u00a0\u00a0\u00a0\u00a0\u00a0\u00a0\u00a0\u00a0 T\u00e9l : 04 93 60 58 43 Site internet : https:\/\/ecole.ac-nice.fr\/val-siagne\/speracedes\/ &hellip; <a href=\"https:\/\/ecole.ac-nice.fr\/val-siagne\/circo\/ecoles-par-commune\/ecole-de-sperade-speracedes\/\" class=\"more-link\">Continuer la lecture de <span class=\"screen-reader-text\">Ecole de Sp\u00e9rac\u00e8des<\/span> <span class=\"meta-nav\">&rarr;<\/span><\/a><\/p>\n","protected":false},"author":2,"featured_media":0,"parent":160,"menu_order":0,"comment_status":"closed","ping_status":"closed","template":"","meta":{"footnotes":""},"class_list":["post-599","page","type-page","status-publish","hentry"],"_links":{"self":[{"href":"https:\/\/ecole.ac-nice.fr\/val-siagne\/wp-json\/wp\/v2\/pages\/599","targetHints":{"allow":["GET"]}}],"collection":[{"href":"https:\/\/ecole.ac-nice.fr\/val-siagne\/wp-json\/wp\/v2\/pages"}],"about":[{"href":"https:\/\/ecole.ac-nice.fr\/val-siagne\/wp-json\/wp\/v2\/types\/page"}],"author":[{"embeddable":true,"href":"https:\/\/ecole.ac-nice.fr\/val-siagne\/wp-json\/wp\/v2\/users\/2"}],"replies":[{"embeddable":true,"href":"https:\/\/ecole.ac-nice.fr\/val-siagne\/wp-json\/wp\/v2\/comments?post=599"}],"version-history":[{"count":8,"href":"https:\/\/ecole.ac-nice.fr\/val-siagne\/wp-json\/wp\/v2\/pages\/599\/revisions"}],"predecessor-version":[{"id":1118,"href":"https:\/\/ecole.ac-nice.fr\/val-siagne\/wp-json\/wp\/v2\/pages\/599\/revisions\/1118"}],"up":[{"embeddable":true,"href":"https:\/\/ecole.ac-nice.fr\/val-siagne\/wp-json\/wp\/v2\/pages\/160"}],"wp:attachment":[{"href":"https:\/\/ecole.ac-nice.fr\/val-siagne\/wp-json\/wp\/v2\/media?parent=599"}],"curies":[{"name":"wp","href":"https:\/\/api.w.org\/{rel}","templated":true}]}}