{"id":53,"date":"2020-08-01T08:00:51","date_gmt":"2020-08-01T06:00:51","guid":{"rendered":"http:\/\/ecole.ac-nice.fr\/val-siagne\/?page_id=53"},"modified":"2024-12-09T15:02:06","modified_gmt":"2024-12-09T14:02:06","slug":"lequipe-de-circonscription","status":"publish","type":"page","link":"https:\/\/ecole.ac-nice.fr\/val-siagne\/circo\/lequipe-de-circonscription\/","title":{"rendered":"L&rsquo;Inspection de circonscription"},"content":{"rendered":"<p><span style=\"color: #800000;\"><strong>L&rsquo;\u00e9quipe de circonscription :<\/strong><\/span><\/p>\n<p>est \u00e0 votre disposition pour r\u00e9pondre, dans la mesure du possible, \u00e0 vos questions.<\/p>\n<p>N&rsquo;h\u00e9sitez pas \u00e0 nous contacter.<\/p>\n<hr \/>\n<p><strong>Adresse courrier :<\/strong><\/p>\n<p><a href=\"https:\/\/goo.gl\/maps\/bCKm2tdLAzt\" target=\"_blank\" rel=\"noopener noreferrer\"><img loading=\"lazy\" decoding=\"async\" class=\"alignleft wp-image-458 size-full\" src=\"http:\/\/ecole.ac-nice.fr\/val-siagne\/wp-content\/uploads\/2017\/03\/inspection.jpg\" alt=\"\" width=\"200\" height=\"90\" \/><\/a>Inspection de l&rsquo;Education Nationale<\/p>\n<p>Circonscription du Val de Siagne<\/p>\n<p>&nbsp;<\/p>\n<p><a href=\"https:\/\/goo.gl\/maps\/bCKm2tdLAzt\" target=\"_blank\" rel=\"noopener noreferrer\">241, Avenue Paul ROBERT<\/a><\/p>\n<p>06 250 MOUGINS<\/p>\n<p><strong>Horaires d&rsquo;ouverture :<\/strong><\/p>\n<p>Lundi &#8211; Mardi &#8211; Jeudi &#8211; Vendredi : de 8 h 00 \u00e0 12 h 30 et de 13 H 15 \u00e0 17 h 00<\/p>\n<p>Mercredi : de 8 h 00 \u00e0 11 h 30<\/p>\n<hr \/>\n<p>Elle est compos\u00e9e de :<!--more--><\/p>\n<hr \/>\n<ul>\n<li>l&rsquo;IEN (Inspectrice de l&rsquo;Education Nationale):<\/li>\n<\/ul>\n<p style=\"text-align: center;\"><strong>Mme Pascale FAMELART<br \/>\n<\/strong><\/p>\n<p>T\u00e9l : 04 92 92 89 52\u00a0\u00a0\u00a0\u00a0\u00a0\u00a0\u00a0\u00a0\u00a0 Fax : 04 92 92 15 73\u00a0\u00a0\u00a0\u00a0\u00a0\u00a0\u00a0\u00a0\u00a0\u00a0 M\u00e9l :<a href=\"mailto:ien-06.siagne@ac-nice.fr\"> ien-06.siagne@ac-nice.fr<\/a><\/p>\n<hr \/>\n<ul>\n<li>La secr\u00e9taire :\u00a0 <strong>Mme Odile GROBEN<\/strong><\/li>\n<\/ul>\n<p>T\u00e9l : 04 92 92 89 52\u00a0\u00a0\u00a0\u00a0\u00a0\u00a0\u00a0\u00a0\u00a0 Fax : 04 92 92 15 73\u00a0\u00a0\u00a0\u00a0\u00a0\u00a0\u00a0\u00a0\u00a0\u00a0 M\u00e9l : <a href=\"mailto:ien-06.siagne@ac-nice.fr\">ien-06.siagne@ac-nice.fr<\/a><\/p>\n<hr \/>\n<ul>\n<li>3 Conseillers P\u00e9dagogiques de Circonscription (CPC) :<\/li>\n<\/ul>\n<p><strong>Mme BOUISSOU<\/strong> \u00a0\u00a0\u00a0\u00a0\u00a0\u00a0\u00a0\u00a0\u00a0\u00a0\u00a0\u00a0\u00a0\u00a0 M\u00e9l : <a href=\"mailto:camille.bouissou@ac-nice.fr\" target=\"_blank\" rel=\"noopener noreferrer\">camille.bouissou@ac-nice.fr<\/a><\/p>\n<p><strong>Mme LIXON<\/strong> \u00a0\u00a0\u00a0\u00a0\u00a0\u00a0\u00a0\u00a0\u00a0\u00a0\u00a0\u00a0\u00a0\u00a0\u00a0\u00a0\u00a0\u00a0\u00a0\u00a0\u00a0\u00a0\u00a0 M\u00e9l : sophie.lixon@ac-nice.fr<\/p>\n<p><strong>M. TIPA (APC: Assistant pr\u00e9vention de circonscription)<\/strong>M\u00e9l : cpc-val-num.siagne@ac-nice.fr<\/p>\n<p>T\u00e9l : 04 92 92 89 52\u00a0\u00a0\u00a0\u00a0\u00a0\u00a0\u00a0\u00a0\u00a0 Fax : 04 92 92 15 73<\/p>\n<hr \/>\n<ul>\n<li>1 ERUN <strong>de zone<\/strong> intervenant sur les 6 circonscriptions de l&rsquo;ouest du d\u00e9partement:<\/li>\n<\/ul>\n<p><strong>M. Anthony GASTE \u00a0\u00a0\u00a0\u00a0\u00a0\u00a0\u00a0\u00a0\u00a0\u00a0\u00a0\u00a0\u00a0\u00a0\u00a0\u00a0\u00a0\u00a0\u00a0\u00a0\u00a0\u00a0 <\/strong>M\u00e9l : <a href=\"mailto:erun-zone.ouest@ac-nice.fr\">erun-zone.ouest@ac-nice.fr<\/a><strong><br \/>\n<\/strong><\/p>\n<p>T\u00e9l :<\/p>\n<hr \/>\n<ul>\n<li>3 Enseignants R\u00e9f\u00e9rent Handicap (ERSH) :<\/li>\n<\/ul>\n<p>Secteur 1 <span style=\"font-size: 10pt;\">(La Roquette &#8211; Mouans Sartoux &#8211; Mougins)<\/span>:<strong> M. Bruno VILLAR<br \/>\n<\/strong><\/p>\n<p>T\u00e9l : 04 93 75 82 59\u00a0\u00a0\u00a0\u00a0\u00a0\u00a0\u00a0 Portable : 06 29 28 45 72<\/p>\n<p>M\u00e9l :\u00a0<a href=\"mailto:ersh.21@ac-nice.fr\"> ersh.21@ac-nice.fr<\/a><\/p>\n<p style=\"text-align: center;\"><span style=\"font-size: 10pt; color: #808080;\">&#8230;&#8230;&#8230;&#8230;&#8230;&#8230;&#8230;&#8230;&#8230;&#8230;&#8230;&#8230;&#8230;..<\/span><\/p>\n<p>Secteur 2 <span style=\"font-size: 10pt;\">(Auribeau &#8211; Le Tignet &#8211; Pegomas (Rostand) &#8211; Peymeinade &#8211; Sp\u00e9rac\u00e8des)<\/span>:<strong> M. Jean-Michel GERMAIN<br \/>\n<\/strong><\/p>\n<p>T\u00e9l : 04 93 70 39 29 \u00a0\u00a0\u00a0\u00a0\u00a0 Portable : 06 10 11 50 06<\/p>\n<p>M\u00e9l : <a href=\"mailto:ersh.23@ac-nice.fr\" target=\"_blank\" rel=\"noopener\">ersh.23@ac-nice.fr<\/a><\/p>\n<p style=\"text-align: center;\">&#8230;&#8230;&#8230;&#8230;&#8230;&#8230;&#8230;&#8230;&#8230;&#8230;&#8230;&#8230;&#8230;..<\/p>\n<p>Secteur 3 (<span style=\"font-size: 10pt;\">P\u00e9gomas (hors Rostand)<\/span>): <strong>M. Laurent VALLEE<\/strong><\/p>\n<p>Portable : 06 10 39 89 43<\/p>\n<p>M\u00e9l : <a href=\"mailto:ersh.30@ac-nice.fr\" target=\"_blank\" rel=\"noopener\">ersh.30@ac-nice.fr<\/a><\/p>\n<hr \/>\n<p>&nbsp;<\/p>\n","protected":false},"excerpt":{"rendered":"<p>L&rsquo;\u00e9quipe de circonscription : est \u00e0 votre disposition pour r\u00e9pondre, dans la mesure du possible, \u00e0 vos questions. N&rsquo;h\u00e9sitez pas \u00e0 nous contacter. Adresse courrier : Inspection de l&rsquo;Education Nationale Circonscription du Val de Siagne &nbsp; 241, Avenue Paul ROBERT 06 250 MOUGINS Horaires d&rsquo;ouverture : Lundi &#8211; Mardi &#8211; Jeudi &#8211; Vendredi : de &hellip; <a href=\"https:\/\/ecole.ac-nice.fr\/val-siagne\/circo\/lequipe-de-circonscription\/\" class=\"more-link\">Continuer la lecture de <span class=\"screen-reader-text\">L&rsquo;Inspection de circonscription<\/span> <span class=\"meta-nav\">&rarr;<\/span><\/a><\/p>\n","protected":false},"author":2,"featured_media":0,"parent":115,"menu_order":1,"comment_status":"closed","ping_status":"closed","template":"","meta":{"footnotes":""},"class_list":["post-53","page","type-page","status-publish","hentry"],"_links":{"self":[{"href":"https:\/\/ecole.ac-nice.fr\/val-siagne\/wp-json\/wp\/v2\/pages\/53","targetHints":{"allow":["GET"]}}],"collection":[{"href":"https:\/\/ecole.ac-nice.fr\/val-siagne\/wp-json\/wp\/v2\/pages"}],"about":[{"href":"https:\/\/ecole.ac-nice.fr\/val-siagne\/wp-json\/wp\/v2\/types\/page"}],"author":[{"embeddable":true,"href":"https:\/\/ecole.ac-nice.fr\/val-siagne\/wp-json\/wp\/v2\/users\/2"}],"replies":[{"embeddable":true,"href":"https:\/\/ecole.ac-nice.fr\/val-siagne\/wp-json\/wp\/v2\/comments?post=53"}],"version-history":[{"count":46,"href":"https:\/\/ecole.ac-nice.fr\/val-siagne\/wp-json\/wp\/v2\/pages\/53\/revisions"}],"predecessor-version":[{"id":1134,"href":"https:\/\/ecole.ac-nice.fr\/val-siagne\/wp-json\/wp\/v2\/pages\/53\/revisions\/1134"}],"up":[{"embeddable":true,"href":"https:\/\/ecole.ac-nice.fr\/val-siagne\/wp-json\/wp\/v2\/pages\/115"}],"wp:attachment":[{"href":"https:\/\/ecole.ac-nice.fr\/val-siagne\/wp-json\/wp\/v2\/media?parent=53"}],"curies":[{"name":"wp","href":"https:\/\/api.w.org\/{rel}","templated":true}]}}