{"id":498,"date":"2017-04-02T11:41:30","date_gmt":"2017-04-02T09:41:30","guid":{"rendered":"http:\/\/ecole.ac-nice.fr\/val-siagne\/?page_id=498"},"modified":"2022-09-07T11:07:22","modified_gmt":"2022-09-07T09:07:22","slug":"ecoles-de-mouans-sartoux","status":"publish","type":"page","link":"https:\/\/ecole.ac-nice.fr\/val-siagne\/circo\/ecoles-par-commune\/ecoles-de-mouans-sartoux\/","title":{"rendered":"Ecoles de Mouans-Sartoux"},"content":{"rendered":"<p><span style=\"color: #3366ff;\">Les \u00e9coles de Mouans-Sartoux :<\/span><\/p>\n<p><em>(en cliquant sur l\u2019adresse ou la photo de l\u2019\u00e9cole, vous pourrez visualiser son emplacement sur une carte dynamique \u2013 google maps -)<\/em><\/p>\n<p><span style=\"color: #ff6600;\">1 \u00e9cole maternelle<\/span>,<span style=\"color: #800080;\"> 1 \u00e9cole \u00e9l\u00e9mentaire<\/span> et <span style=\"color: #99cc00;\">2 \u00e9coles primaires (maternelle + \u00e9l\u00e9mentaire)<\/span> :<\/p>\n<ul>\n<li><span style=\"color: #ff6600;\"><strong>Ecole maternelle A. LEGALL<\/strong><\/span> :<\/li>\n<\/ul>\n<p><a href=\"https:\/\/goo.gl\/maps\/XCZVLttekpG2\" target=\"_blank\" rel=\"noopener noreferrer\">All\u00e9e des \u00e9coles,\u00a0\u00a0\u00a0\u00a0 06370 MOUANS-SARTOUX<\/a><\/p>\n<p>M\u00e9l : <a href=\"mailto:ecole.0061152V@ac-nice.fr\">ecole.0061152V@ac-nice.fr<\/a><\/p>\n<p>Directrice : Mme St\u00e9phanie CARLINO \u00a0\u00a0\u00a0\u00a0\u00a0\u00a0\u00a0\u00a0 T\u00e9l : 04 92 92 43 88<\/p>\n<p>Site internet :<\/p>\n<ul>\n<li><strong><span style=\"color: #800080;\">Ecole \u00e9l\u00e9mentaire A. LEGALL<\/span> <\/strong>:<\/li>\n<\/ul>\n<p><a href=\"https:\/\/goo.gl\/maps\/XCZVLttekpG2\" target=\"_blank\" rel=\"noopener noreferrer\"><img loading=\"lazy\" decoding=\"async\" class=\" wp-image-499 alignleft\" src=\"http:\/\/ecole.ac-nice.fr\/val-siagne\/wp-content\/uploads\/2017\/04\/legall.jpg\" alt=\"\" width=\"195\" height=\"82\" \/>All\u00e9e des \u00e9coles,\u00a0\u00a0\u00a0\u00a0 06370 MOUANS-SARTOUX<\/a><\/p>\n<p>M\u00e9l :\u00a0 <a href=\"mailto:ecole.0060326X@ac-nice.fr\">ecole.0060326X@ac-nice.fr<\/a><\/p>\n<p>Directeur : M. Bruno RAJKOVIC \u00a0\u00a0\u00a0\u00a0\u00a0\u00a0\u00a0\u00a0 T\u00e9l : 04 92 92 43 54<\/p>\n<p>Site internet :<\/p>\n<ul>\n<li><span style=\"color: #99cc00;\"><strong>Ecole primaire Fran\u00e7ois JACOB<\/strong><\/span> :<\/li>\n<\/ul>\n<p><a href=\"https:\/\/goo.gl\/maps\/4wxzi9xfpbR2\" target=\"_blank\" rel=\"noopener noreferrer\"><img loading=\"lazy\" decoding=\"async\" class=\" wp-image-505 alignleft\" src=\"http:\/\/ecole.ac-nice.fr\/val-siagne\/wp-content\/uploads\/2017\/04\/Jacob.jpg\" alt=\"\" width=\"241\" height=\"81\" \/>1896 route de P\u00e9gomas,\u00a0\u00a0\u00a0\u00a0 06 370 Mouans-Sartoux<\/a><\/p>\n<p>M\u00e9l : <a href=\"mailto:ecole.0061657U@ac-nice.fr\">ecole.0061657U@ac-nice.fr<\/a><\/p>\n<p>Directrice : Mme Sandra VENTRE \u00a0\u00a0\u00a0\u00a0\u00a0\u00a0\u00a0\u00a0 T\u00e9l : 04 92 92 43 54<\/p>\n<p>Site internet :<\/p>\n<ul>\n<li><span style=\"color: #99cc00;\"><strong>Ecole primaire Or\u00e9e du bois<\/strong> <\/span>:<\/li>\n<\/ul>\n<p><a href=\"https:\/\/goo.gl\/maps\/A3KQk1DM1V22\" target=\"_blank\" rel=\"noopener noreferrer\"><img loading=\"lazy\" decoding=\"async\" class=\"size-full wp-image-506 alignleft\" src=\"http:\/\/ecole.ac-nice.fr\/val-siagne\/wp-content\/uploads\/2017\/04\/Oree.jpg\" alt=\"\" width=\"250\" height=\"79\" \/>120 route de Tiragon,\u00a0\u00a0\u00a0\u00a0\u00a0 06 370 Mouans-Sartoux<\/a><\/p>\n<p>M\u00e9l :\u00a0 <a href=\"mailto:ecole.0061778A@ac-nice.fr\" target=\"_blank\" rel=\"noopener noreferrer\">ecole.0061778A@ac-nice.fr<\/a><\/p>\n<p>Directrice : M. Patrick ROMANCANT \u00a0\u00a0\u00a0\u00a0\u00a0\u00a0\u00a0\u00a0 T\u00e9l : 04 22 10 50 30<\/p>\n<p>Visite de l&rsquo;\u00e9cole (en vid\u00e9o) : <a href=\"https:\/\/www.dropbox.com\/s\/7cigcclrqkpotwb\/Oree%20du%20bois%20HD.MOV?dl=0\">Ecole l&rsquo;Or\u00e9e du bois<\/a><\/p>\n","protected":false},"excerpt":{"rendered":"<p>Les \u00e9coles de Mouans-Sartoux : (en cliquant sur l\u2019adresse ou la photo de l\u2019\u00e9cole, vous pourrez visualiser son emplacement sur une carte dynamique \u2013 google maps -) 1 \u00e9cole maternelle, 1 \u00e9cole \u00e9l\u00e9mentaire et 2 \u00e9coles primaires (maternelle + \u00e9l\u00e9mentaire) : Ecole maternelle A. LEGALL : All\u00e9e des \u00e9coles,\u00a0\u00a0\u00a0\u00a0 06370 MOUANS-SARTOUX M\u00e9l : ecole.0061152V@ac-nice.fr Directrice &hellip; <a href=\"https:\/\/ecole.ac-nice.fr\/val-siagne\/circo\/ecoles-par-commune\/ecoles-de-mouans-sartoux\/\" class=\"more-link\">Continuer la lecture de <span class=\"screen-reader-text\">Ecoles de Mouans-Sartoux<\/span> <span class=\"meta-nav\">&rarr;<\/span><\/a><\/p>\n","protected":false},"author":2,"featured_media":0,"parent":160,"menu_order":4,"comment_status":"closed","ping_status":"closed","template":"","meta":{"footnotes":""},"class_list":["post-498","page","type-page","status-publish","hentry"],"_links":{"self":[{"href":"https:\/\/ecole.ac-nice.fr\/val-siagne\/wp-json\/wp\/v2\/pages\/498","targetHints":{"allow":["GET"]}}],"collection":[{"href":"https:\/\/ecole.ac-nice.fr\/val-siagne\/wp-json\/wp\/v2\/pages"}],"about":[{"href":"https:\/\/ecole.ac-nice.fr\/val-siagne\/wp-json\/wp\/v2\/types\/page"}],"author":[{"embeddable":true,"href":"https:\/\/ecole.ac-nice.fr\/val-siagne\/wp-json\/wp\/v2\/users\/2"}],"replies":[{"embeddable":true,"href":"https:\/\/ecole.ac-nice.fr\/val-siagne\/wp-json\/wp\/v2\/comments?post=498"}],"version-history":[{"count":16,"href":"https:\/\/ecole.ac-nice.fr\/val-siagne\/wp-json\/wp\/v2\/pages\/498\/revisions"}],"predecessor-version":[{"id":1093,"href":"https:\/\/ecole.ac-nice.fr\/val-siagne\/wp-json\/wp\/v2\/pages\/498\/revisions\/1093"}],"up":[{"embeddable":true,"href":"https:\/\/ecole.ac-nice.fr\/val-siagne\/wp-json\/wp\/v2\/pages\/160"}],"wp:attachment":[{"href":"https:\/\/ecole.ac-nice.fr\/val-siagne\/wp-json\/wp\/v2\/media?parent=498"}],"curies":[{"name":"wp","href":"https:\/\/api.w.org\/{rel}","templated":true}]}}