{"id":493,"date":"2017-04-02T11:22:38","date_gmt":"2017-04-02T09:22:38","guid":{"rendered":"http:\/\/ecole.ac-nice.fr\/val-siagne\/?page_id=493"},"modified":"2022-09-07T11:13:13","modified_gmt":"2022-09-07T09:13:13","slug":"ecoles-du-val-de-tignet","status":"publish","type":"page","link":"https:\/\/ecole.ac-nice.fr\/val-siagne\/circo\/ecoles-par-commune\/ecoles-du-val-de-tignet\/","title":{"rendered":"Ecoles du Tignet"},"content":{"rendered":"<p><span style=\"color: #3366ff;\">Les \u00e9coles du Tignet :<\/span><\/p>\n<p><em>(en cliquant sur l\u2019adresse ou la photo de l\u2019\u00e9cole, vous pourrez visualiser son emplacement sur une carte dynamique \u2013 google maps -)<\/em><\/p>\n<p><span style=\"color: #ff6600;\">1 \u00e9cole maternelle<\/span> et <span style=\"color: #800080;\">1 \u00e9cole \u00e9l\u00e9mentaire<\/span> :<\/p>\n<ul>\n<li><strong><span style=\"color: #ff6600;\">Ecole maternelle Marius CAMPAGNO<\/span> :<\/strong><\/li>\n<\/ul>\n<p><a href=\"https:\/\/www.google.fr\/maps\/@43.6303257,6.8433441,136a,35y,180h\/data=!3m1!1e3?hl=fr\" target=\"_blank\" rel=\"noopener noreferrer\"><img loading=\"lazy\" decoding=\"async\" class=\" wp-image-494 alignleft\" src=\"http:\/\/ecole.ac-nice.fr\/val-siagne\/wp-content\/uploads\/2017\/04\/MAt-tignet.jpg\" alt=\"\" width=\"198\" height=\"85\" \/>Quartier de l&rsquo;Istre, 06 530\u00a0 le Tignet<\/a><\/p>\n<p>M\u00e9l : <a href=\"mailto:ecole.0061775X@ac-nice.fr\" target=\"_blank\" rel=\"noopener noreferrer\">ecole.0061775X@ac-nice.fr<\/a><\/p>\n<p>Directrice : Mme Val\u00e9rie FLEURIOT \u00a0\u00a0\u00a0\u00a0\u00a0\u00a0\u00a0\u00a0 T\u00e9l : 04 93 66 43 09<\/p>\n<p>Site internet :<\/p>\n<p>&nbsp;<\/p>\n<ul>\n<li><strong><span style=\"color: #800080;\">Ecole \u00e9l\u00e9mentaire M. CAMPAGNO<\/span><\/strong> :<\/li>\n<\/ul>\n<p><a href=\"https:\/\/www.google.fr\/maps\/@43.6303257,6.8433441,136a,35y,180h\/data=!3m1!1e3?hl=fr\" target=\"_blank\" rel=\"noopener noreferrer\"><img loading=\"lazy\" decoding=\"async\" class=\" wp-image-495 alignleft\" src=\"http:\/\/ecole.ac-nice.fr\/val-siagne\/wp-content\/uploads\/2017\/04\/Campagno.jpg\" alt=\"\" width=\"174\" height=\"83\" \/><\/a>\u00a0 <a href=\"https:\/\/www.google.fr\/maps\/@43.6303257,6.8433441,136a,35y,180h\/data=%213m1%211e3?hl=fr\" target=\"_blank\" rel=\"noopener noreferrer\">Quartier de l&rsquo;Istre, 06 530\u00a0 le Tignet<\/a><\/p>\n<p>M\u00e9l : <a href=\"mailto:ecole.0061620D@ac-nice.fr\" target=\"_blank\" rel=\"noopener noreferrer\">ecole.0061620D@ac-nice.fr<\/a><\/p>\n<p>Directeur : M. Jean-Patrick PILLONE \u00a0\u00a0\u00a0\u00a0\u00a0\u00a0\u00a0\u00a0 T\u00e9l: 04 93 09 94 01<\/p>\n<p>Site internet :<\/p>\n<p>&nbsp;<\/p>\n","protected":false},"excerpt":{"rendered":"<p>Les \u00e9coles du Tignet : (en cliquant sur l\u2019adresse ou la photo de l\u2019\u00e9cole, vous pourrez visualiser son emplacement sur une carte dynamique \u2013 google maps -) 1 \u00e9cole maternelle et 1 \u00e9cole \u00e9l\u00e9mentaire : Ecole maternelle Marius CAMPAGNO : Quartier de l&rsquo;Istre, 06 530\u00a0 le Tignet M\u00e9l : ecole.0061775X@ac-nice.fr Directrice : Mme Val\u00e9rie FLEURIOT &hellip; <a href=\"https:\/\/ecole.ac-nice.fr\/val-siagne\/circo\/ecoles-par-commune\/ecoles-du-val-de-tignet\/\" class=\"more-link\">Continuer la lecture de <span class=\"screen-reader-text\">Ecoles du Tignet<\/span> <span class=\"meta-nav\">&rarr;<\/span><\/a><\/p>\n","protected":false},"author":2,"featured_media":0,"parent":160,"menu_order":3,"comment_status":"closed","ping_status":"closed","template":"","meta":{"footnotes":""},"class_list":["post-493","page","type-page","status-publish","hentry"],"_links":{"self":[{"href":"https:\/\/ecole.ac-nice.fr\/val-siagne\/wp-json\/wp\/v2\/pages\/493","targetHints":{"allow":["GET"]}}],"collection":[{"href":"https:\/\/ecole.ac-nice.fr\/val-siagne\/wp-json\/wp\/v2\/pages"}],"about":[{"href":"https:\/\/ecole.ac-nice.fr\/val-siagne\/wp-json\/wp\/v2\/types\/page"}],"author":[{"embeddable":true,"href":"https:\/\/ecole.ac-nice.fr\/val-siagne\/wp-json\/wp\/v2\/users\/2"}],"replies":[{"embeddable":true,"href":"https:\/\/ecole.ac-nice.fr\/val-siagne\/wp-json\/wp\/v2\/comments?post=493"}],"version-history":[{"count":10,"href":"https:\/\/ecole.ac-nice.fr\/val-siagne\/wp-json\/wp\/v2\/pages\/493\/revisions"}],"predecessor-version":[{"id":1097,"href":"https:\/\/ecole.ac-nice.fr\/val-siagne\/wp-json\/wp\/v2\/pages\/493\/revisions\/1097"}],"up":[{"embeddable":true,"href":"https:\/\/ecole.ac-nice.fr\/val-siagne\/wp-json\/wp\/v2\/pages\/160"}],"wp:attachment":[{"href":"https:\/\/ecole.ac-nice.fr\/val-siagne\/wp-json\/wp\/v2\/media?parent=493"}],"curies":[{"name":"wp","href":"https:\/\/api.w.org\/{rel}","templated":true}]}}