{"id":164,"date":"2017-03-26T16:06:52","date_gmt":"2017-03-26T14:06:52","guid":{"rendered":"http:\/\/ecole.ac-nice.fr\/val-siagne\/?page_id=164"},"modified":"2026-01-27T14:24:16","modified_gmt":"2026-01-27T13:24:16","slug":"ecoles-de-la-roquette","status":"publish","type":"page","link":"https:\/\/ecole.ac-nice.fr\/val-siagne\/circo\/ecoles-par-commune\/ecoles-de-la-roquette\/","title":{"rendered":"Ecoles de la Roquette"},"content":{"rendered":"<p><span style=\"color: #0000ff;\">Les \u00e9coles de la Roquette sur Siagne :<\/span><\/p>\n<p><em><span style=\"color: #000000;\">(en cliquant sur l&rsquo;adresse ou la photo de l&rsquo;\u00e9cole, vous pourrez visualiser son emplacement sur une carte dynamique &#8211; google maps -)<\/span><\/em><\/p>\n<p><strong><span style=\"color: #99cc00;\">3 \u00e9coles primaires (maternelle + \u00e9l\u00e9mentaire) :<\/span><\/strong><\/p>\n<ul>\n<li><span style=\"color: #99cc00;\"><strong>Ecole St Jean les vignasses :<\/strong><\/span><\/li>\n<\/ul>\n<p><a href=\"https:\/\/goo.gl\/maps\/Q3iJwSmfm8J2\" target=\"_blank\" rel=\"noopener noreferrer\"><img loading=\"lazy\" decoding=\"async\" class=\"alignleft wp-image-476\" src=\"http:\/\/ecole.ac-nice.fr\/val-siagne\/wp-content\/uploads\/2017\/03\/stJean.jpg\" alt=\"\" width=\"328\" height=\"80\" \/><\/a><a href=\"https:\/\/goo.gl\/maps\/Q3iJwSmfm8J2\" target=\"_blank\" rel=\"noopener noreferrer\">Chemin de la commune, 06 550 La Roquette Saint Jean<\/a><\/p>\n<p>M\u00e9l :<a href=\"mailto:ecole.0060517E@ac-nice.fr\" target=\"_blank\" rel=\"noopener noreferrer\">\u00a0ecole.0060517E@ac-nice.fr<\/a><\/p>\n<p>T\u00e9l : 04 92 19 06 85<\/p>\n<p>Site internet :<\/p>\n<p>&nbsp;<\/p>\n<ul>\n<li><strong><span style=\"color: #99cc00;\">Ecole les oliviers :<\/span> <\/strong><\/li>\n<\/ul>\n<p><a href=\"https:\/\/www.google.fr\/maps\/dir\/\/1975+Avenue+de+la+R%C3%A9publique,+06550+La+Roquette-sur-Siagne\/@43.5869367,6.8698339,12z\/data=!3m1!4b1!4m8!4m7!1m0!1m5!1m1!1s0x12cc281902a03d0d:0xf0caff0abd0f7f2!2m2!1d6.9398741!2d43.5869581\" target=\"_blank\" rel=\"noopener noreferrer\"><img loading=\"lazy\" decoding=\"async\" class=\" wp-image-467 alignleft\" src=\"http:\/\/ecole.ac-nice.fr\/val-siagne\/wp-content\/uploads\/2017\/03\/oliviers.jpg\" alt=\"\" width=\"223\" height=\"77\" \/>Avenue de la r\u00e9publique , 06 550 La Roquette sur Siagne<\/a><\/p>\n<p>M\u00e9l :\u00a0 <a href=\"mailto:ecole.0062117U@ac-nice.fr\" target=\"_blank\" rel=\"noopener noreferrer\">ecole.0062117U@ac-nice.fr<\/a><\/p>\n<p>T\u00e9l : 04 93 48 02 73<\/p>\n<p>Site internet :<\/p>\n<p>&nbsp;<\/p>\n<ul>\n<li><span style=\"color: #99cc00;\"><strong>Ecole de la Roquette village :<\/strong> <\/span><\/li>\n<\/ul>\n<p><a href=\"https:\/\/goo.gl\/maps\/imd27x6Bmfk\" target=\"_blank\" rel=\"noopener noreferrer\"><img loading=\"lazy\" decoding=\"async\" class=\"alignleft wp-image-468\" src=\"http:\/\/ecole.ac-nice.fr\/val-siagne\/wp-content\/uploads\/2017\/03\/village.jpg\" alt=\"\" width=\"222\" height=\"76\" \/><\/a><a href=\"https:\/\/goo.gl\/maps\/imd27x6Bmfk\" target=\"_blank\" rel=\"noopener noreferrer\">380 Bd du\u00a0 8 mai ,\u00a0 06 550 La Roquette sur Siagne\u00a0\u00a0\u00a0\u00a0\u00a0<\/a><\/p>\n<p>M\u00e9l : <a href=\"mailto:ecole.0060515C@ac-nice.fr\" target=\"_blank\" rel=\"noopener noreferrer\">ecole.0060515C@ac-nice.fr<\/a><\/p>\n<p>T\u00e9l : 04 92 19 16 68<\/p>\n<p>Site internet : <a href=\"https:\/\/ecole.ac-nice.fr\/val-siagne\/Roquette_village\/\">https:\/\/ecole.ac-nice.fr\/val-siagne\/Roquette_village\/<\/a><\/p>\n","protected":false},"excerpt":{"rendered":"<p>Les \u00e9coles de la Roquette sur Siagne : (en cliquant sur l&rsquo;adresse ou la photo de l&rsquo;\u00e9cole, vous pourrez visualiser son emplacement sur une carte dynamique &#8211; google maps -) 3 \u00e9coles primaires (maternelle + \u00e9l\u00e9mentaire) : Ecole St Jean les vignasses : Chemin de la commune, 06 550 La Roquette Saint Jean M\u00e9l :\u00a0ecole.0060517E@ac-nice.fr &hellip; <a href=\"https:\/\/ecole.ac-nice.fr\/val-siagne\/circo\/ecoles-par-commune\/ecoles-de-la-roquette\/\" class=\"more-link\">Continuer la lecture de <span class=\"screen-reader-text\">Ecoles de la Roquette<\/span> <span class=\"meta-nav\">&rarr;<\/span><\/a><\/p>\n","protected":false},"author":2,"featured_media":0,"parent":160,"menu_order":2,"comment_status":"closed","ping_status":"closed","template":"","meta":{"footnotes":""},"class_list":["post-164","page","type-page","status-publish","hentry"],"_links":{"self":[{"href":"https:\/\/ecole.ac-nice.fr\/val-siagne\/wp-json\/wp\/v2\/pages\/164","targetHints":{"allow":["GET"]}}],"collection":[{"href":"https:\/\/ecole.ac-nice.fr\/val-siagne\/wp-json\/wp\/v2\/pages"}],"about":[{"href":"https:\/\/ecole.ac-nice.fr\/val-siagne\/wp-json\/wp\/v2\/types\/page"}],"author":[{"embeddable":true,"href":"https:\/\/ecole.ac-nice.fr\/val-siagne\/wp-json\/wp\/v2\/users\/2"}],"replies":[{"embeddable":true,"href":"https:\/\/ecole.ac-nice.fr\/val-siagne\/wp-json\/wp\/v2\/comments?post=164"}],"version-history":[{"count":19,"href":"https:\/\/ecole.ac-nice.fr\/val-siagne\/wp-json\/wp\/v2\/pages\/164\/revisions"}],"predecessor-version":[{"id":1143,"href":"https:\/\/ecole.ac-nice.fr\/val-siagne\/wp-json\/wp\/v2\/pages\/164\/revisions\/1143"}],"up":[{"embeddable":true,"href":"https:\/\/ecole.ac-nice.fr\/val-siagne\/wp-json\/wp\/v2\/pages\/160"}],"wp:attachment":[{"href":"https:\/\/ecole.ac-nice.fr\/val-siagne\/wp-json\/wp\/v2\/media?parent=164"}],"curies":[{"name":"wp","href":"https:\/\/api.w.org\/{rel}","templated":true}]}}