{"id":115,"date":"2017-03-26T15:01:44","date_gmt":"2017-03-26T13:01:44","guid":{"rendered":"http:\/\/ecole.ac-nice.fr\/val-siagne\/?page_id=115"},"modified":"2017-04-01T18:29:59","modified_gmt":"2017-04-01T16:29:59","slug":"circo","status":"publish","type":"page","link":"https:\/\/ecole.ac-nice.fr\/val-siagne\/circo\/","title":{"rendered":"La circonscription"},"content":{"rendered":"<p>Via ce menu vous retrouverez :<\/p>\n<ul>\n<li><a href=\"http:\/\/ecole.ac-nice.fr\/val-siagne\/circo\/lequipe-de-circonscription\/\">les informations concernant l&rsquo;Inspection du Val de Siagne<\/a> (contacts, horaires d&rsquo;ouvertures &#8230;) et l&rsquo;\u00e9quipe de circonscription<\/li>\n<li><a href=\"http:\/\/ecole.ac-nice.fr\/val-siagne\/circo\/ecoles-par-commune\/\">Les \u00e9coles de la circonscription class\u00e9es par commune<\/a><\/li>\n<li>le dispositif Rased<\/li>\n<\/ul>\n","protected":false},"excerpt":{"rendered":"<p>Via ce menu vous retrouverez : les informations concernant l&rsquo;Inspection du Val de Siagne (contacts, horaires d&rsquo;ouvertures &#8230;) et l&rsquo;\u00e9quipe de circonscription Les \u00e9coles de la circonscription class\u00e9es par commune le dispositif Rased<\/p>\n","protected":false},"author":2,"featured_media":0,"parent":0,"menu_order":0,"comment_status":"closed","ping_status":"closed","template":"","meta":{"footnotes":""},"class_list":["post-115","page","type-page","status-publish","hentry"],"_links":{"self":[{"href":"https:\/\/ecole.ac-nice.fr\/val-siagne\/wp-json\/wp\/v2\/pages\/115","targetHints":{"allow":["GET"]}}],"collection":[{"href":"https:\/\/ecole.ac-nice.fr\/val-siagne\/wp-json\/wp\/v2\/pages"}],"about":[{"href":"https:\/\/ecole.ac-nice.fr\/val-siagne\/wp-json\/wp\/v2\/types\/page"}],"author":[{"embeddable":true,"href":"https:\/\/ecole.ac-nice.fr\/val-siagne\/wp-json\/wp\/v2\/users\/2"}],"replies":[{"embeddable":true,"href":"https:\/\/ecole.ac-nice.fr\/val-siagne\/wp-json\/wp\/v2\/comments?post=115"}],"version-history":[{"count":8,"href":"https:\/\/ecole.ac-nice.fr\/val-siagne\/wp-json\/wp\/v2\/pages\/115\/revisions"}],"predecessor-version":[{"id":454,"href":"https:\/\/ecole.ac-nice.fr\/val-siagne\/wp-json\/wp\/v2\/pages\/115\/revisions\/454"}],"wp:attachment":[{"href":"https:\/\/ecole.ac-nice.fr\/val-siagne\/wp-json\/wp\/v2\/media?parent=115"}],"curies":[{"name":"wp","href":"https:\/\/api.w.org\/{rel}","templated":true}]}}