{"id":10,"date":"2017-01-27T08:29:32","date_gmt":"2017-01-27T07:29:32","guid":{"rendered":"http:\/\/ecole.ac-nice.fr\/val-siagne\/?page_id=10"},"modified":"2020-09-02T15:00:18","modified_gmt":"2020-09-02T13:00:18","slug":"10-2","status":"publish","type":"page","link":"https:\/\/ecole.ac-nice.fr\/val-siagne\/","title":{"rendered":"Accueil"},"content":{"rendered":"<p style=\"text-align: center;\"><img loading=\"lazy\" decoding=\"async\" class=\"alignnone size-medium wp-image-44\" src=\"http:\/\/ecole.ac-nice.fr\/val-siagne\/wp-content\/uploads\/2017\/01\/val_siagne-300x220.jpg\" alt=\"\" width=\"300\" height=\"220\" srcset=\"https:\/\/ecole.ac-nice.fr\/val-siagne\/wp-content\/uploads\/2017\/01\/val_siagne-300x220.jpg 300w, https:\/\/ecole.ac-nice.fr\/val-siagne\/wp-content\/uploads\/2017\/01\/val_siagne.jpg 700w\" sizes=\"auto, (max-width: 300px) 100vw, 300px\" \/><\/p>\n<p style=\"text-align: center;\"><span style=\"color: #000080;\"><strong>Bonjour et bienvenue sur le site de <\/strong><\/span><\/p>\n<p style=\"text-align: center;\"><span style=\"color: #000080;\"><strong>la circonscription du Val de Siagne<\/strong><\/span><\/p>\n<p>Cet espace est ouvert \u00e0 tout public.<\/p>\n<p>Vous y trouverez\u00a0 diff\u00e9rents informations et documents concernant :<\/p>\n<p>*<a href=\"http:\/\/ecole.ac-nice.fr\/val-siagne\/circo\/ecoles-par-commune\/\"> les 31 \u00e9coles des 8 communes<\/a> que nous g\u00e9rons (<a href=\"http:\/\/ecole.ac-nice.fr\/val-siagne\/circo\/ecoles-par-commune\/ecoles-dauribeau-sur-siagne\/\">Auribeau sur Siagne<\/a>,<a href=\"http:\/\/ecole.ac-nice.fr\/val-siagne\/circo\/ecoles-par-commune\/ecoles-de-mouans-sartoux\/\"> Mouans-Sartoux<\/a>, <a href=\"http:\/\/ecole.ac-nice.fr\/val-siagne\/circo\/ecoles-par-commune\/ecoles-de-mougins\/\">Mougins<\/a>, <a href=\"https:\/\/ecole.ac-nice.fr\/val-siagne\/circo\/ecoles-par-commune\/ecoles-de-pegomas\/\">P\u00e9gomas<\/a>, <a href=\"https:\/\/ecole.ac-nice.fr\/val-siagne\/circo\/ecoles-par-commune\/ecoles-de-peymeinade\/\">Peymeinade<\/a>, <a href=\"http:\/\/ecole.ac-nice.fr\/val-siagne\/circo\/ecoles-par-commune\/ecoles-de-la-roquette\/\">la Roquette sur Siagne<\/a>, <a href=\"https:\/\/ecole.ac-nice.fr\/val-siagne\/circo\/ecoles-par-commune\/ecole-de-sperade-speracedes\/\">Sp\u00e9rac\u00e8des<\/a> et<a href=\"http:\/\/ecole.ac-nice.fr\/val-siagne\/circo\/ecoles-par-commune\/ecoles-du-val-de-tignet\/\"> le Tignet<\/a>) qui composent la circonscription du Val de siagne<\/p>\n<p>* la vie des plus de 5900 \u00e9l\u00e8ves qui y sont scolaris\u00e9s<\/p>\n<p>* et<a href=\"http:\/\/ecole.ac-nice.fr\/val-siagne\/circo\/lequipe-de-circonscription\/\"> l&rsquo;Inspection de circonscription<\/a> (adresse, horaires, les \u00e9quipes &#8230;)<\/p>\n<p>&nbsp;<\/p>\n","protected":false},"excerpt":{"rendered":"<p>Bonjour et bienvenue sur le site de la circonscription du Val de Siagne Cet espace est ouvert \u00e0 tout public. Vous y trouverez\u00a0 diff\u00e9rents informations et documents concernant : * les 31 \u00e9coles des 8 communes que nous g\u00e9rons (Auribeau sur Siagne, Mouans-Sartoux, Mougins, P\u00e9gomas, Peymeinade, la Roquette sur Siagne, Sp\u00e9rac\u00e8des et le Tignet) qui &hellip; <a href=\"https:\/\/ecole.ac-nice.fr\/val-siagne\/\" class=\"more-link\">Continuer la lecture de <span class=\"screen-reader-text\">Accueil<\/span> <span class=\"meta-nav\">&rarr;<\/span><\/a><\/p>\n","protected":false},"author":2,"featured_media":0,"parent":0,"menu_order":0,"comment_status":"closed","ping_status":"closed","template":"","meta":{"footnotes":""},"class_list":["post-10","page","type-page","status-publish","hentry"],"_links":{"self":[{"href":"https:\/\/ecole.ac-nice.fr\/val-siagne\/wp-json\/wp\/v2\/pages\/10","targetHints":{"allow":["GET"]}}],"collection":[{"href":"https:\/\/ecole.ac-nice.fr\/val-siagne\/wp-json\/wp\/v2\/pages"}],"about":[{"href":"https:\/\/ecole.ac-nice.fr\/val-siagne\/wp-json\/wp\/v2\/types\/page"}],"author":[{"embeddable":true,"href":"https:\/\/ecole.ac-nice.fr\/val-siagne\/wp-json\/wp\/v2\/users\/2"}],"replies":[{"embeddable":true,"href":"https:\/\/ecole.ac-nice.fr\/val-siagne\/wp-json\/wp\/v2\/comments?post=10"}],"version-history":[{"count":17,"href":"https:\/\/ecole.ac-nice.fr\/val-siagne\/wp-json\/wp\/v2\/pages\/10\/revisions"}],"predecessor-version":[{"id":1062,"href":"https:\/\/ecole.ac-nice.fr\/val-siagne\/wp-json\/wp\/v2\/pages\/10\/revisions\/1062"}],"wp:attachment":[{"href":"https:\/\/ecole.ac-nice.fr\/val-siagne\/wp-json\/wp\/v2\/media?parent=10"}],"curies":[{"name":"wp","href":"https:\/\/api.w.org\/{rel}","templated":true}]}}