{"id":43,"date":"2017-03-28T11:47:41","date_gmt":"2017-03-28T09:47:41","guid":{"rendered":"http:\/\/ecole.ac-nice.fr\/val-siagne\/stmartinmat\/?page_id=43"},"modified":"2018-02-27T15:18:33","modified_gmt":"2018-02-27T14:18:33","slug":"adresse-et-contacts","status":"publish","type":"page","link":"https:\/\/ecole.ac-nice.fr\/val-siagne\/stmartinmat\/les-infos-administratives\/adresse-et-contacts\/","title":{"rendered":"Adresse et contacts"},"content":{"rendered":"<h1>O\u00f9 nous trouvons nous ?<\/h1>\n<p>3 Chemin du Grand Vallon<br \/>\n06250 MOUGINS<\/p>\n<p>C&rsquo;est <a href=\"http:\/\/geolocalisation.onisep.fr\/monecole\/06-alpes-maritimes\/mougins\/etab\/ecole-maternelle-publique-saint-martin-en-foret-mat.html#mes_onglets\"><span style=\"text-decoration: underline\">ICI<\/span><\/a><\/p>\n<p>&nbsp;<\/p>\n<h1>Comment nous joindre ?<\/h1>\n<p>T\u00e9l\u00e9phone de l&rsquo;\u00e9cole : 0492285280<br \/>\nAdresse mail :\u00a0\u00a0<a href=\"mailto:ecole.0061601h@ac-nice.fr\">ecole.0061601h@ac-nice.fr<\/a><\/p>\n","protected":false},"excerpt":{"rendered":"<p>O\u00f9 nous trouvons nous ? 3 Chemin du Grand Vallon 06250 MOUGINS C&rsquo;est ICI &nbsp; Comment nous joindre ? T\u00e9l\u00e9phone de l&rsquo;\u00e9cole : 0492285280 Adresse mail :\u00a0\u00a0ecole.0061601h@ac-nice.fr<\/p>\n","protected":false},"author":2,"featured_media":0,"parent":23,"menu_order":1,"comment_status":"closed","ping_status":"closed","template":"","meta":{"footnotes":""},"class_list":["post-43","page","type-page","status-publish","hentry"],"_links":{"self":[{"href":"https:\/\/ecole.ac-nice.fr\/val-siagne\/stmartinmat\/wp-json\/wp\/v2\/pages\/43","targetHints":{"allow":["GET"]}}],"collection":[{"href":"https:\/\/ecole.ac-nice.fr\/val-siagne\/stmartinmat\/wp-json\/wp\/v2\/pages"}],"about":[{"href":"https:\/\/ecole.ac-nice.fr\/val-siagne\/stmartinmat\/wp-json\/wp\/v2\/types\/page"}],"author":[{"embeddable":true,"href":"https:\/\/ecole.ac-nice.fr\/val-siagne\/stmartinmat\/wp-json\/wp\/v2\/users\/2"}],"replies":[{"embeddable":true,"href":"https:\/\/ecole.ac-nice.fr\/val-siagne\/stmartinmat\/wp-json\/wp\/v2\/comments?post=43"}],"version-history":[{"count":6,"href":"https:\/\/ecole.ac-nice.fr\/val-siagne\/stmartinmat\/wp-json\/wp\/v2\/pages\/43\/revisions"}],"predecessor-version":[{"id":321,"href":"https:\/\/ecole.ac-nice.fr\/val-siagne\/stmartinmat\/wp-json\/wp\/v2\/pages\/43\/revisions\/321"}],"up":[{"embeddable":true,"href":"https:\/\/ecole.ac-nice.fr\/val-siagne\/stmartinmat\/wp-json\/wp\/v2\/pages\/23"}],"wp:attachment":[{"href":"https:\/\/ecole.ac-nice.fr\/val-siagne\/stmartinmat\/wp-json\/wp\/v2\/media?parent=43"}],"curies":[{"name":"wp","href":"https:\/\/api.w.org\/{rel}","templated":true}]}}