{"id":23,"date":"2017-03-26T19:24:49","date_gmt":"2017-03-26T17:24:49","guid":{"rendered":"http:\/\/ecole.ac-nice.fr\/val-siagne\/stmartinmat\/?page_id=23"},"modified":"2018-01-29T15:04:55","modified_gmt":"2018-01-29T14:04:55","slug":"les-infos-administratives","status":"publish","type":"page","link":"https:\/\/ecole.ac-nice.fr\/val-siagne\/stmartinmat\/les-infos-administratives\/","title":{"rendered":"Informations administratives"},"content":{"rendered":"<p>Dans cette rubrique, vous trouverez :<\/p>\n<ul>\n<li><a href=\"http:\/\/ecole.ac-nice.fr\/val-siagne\/stmartinmat\/presentation-de-lecole\/\">l&rsquo;adresse, le plan d&rsquo;acc\u00e8s et les contacts par rapport \u00e0 l&rsquo;\u00e9cole<\/a><\/li>\n<li><a href=\"http:\/\/ecole.ac-nice.fr\/val-siagne\/stmartinmat\/les-infos-administratives\/reglement-de-lecole\/\">le r\u00e8glement interne de l&rsquo;\u00e9cole<\/a><\/li>\n<li><a href=\"http:\/\/ecole.ac-nice.fr\/val-siagne\/stmartinmat\/les-infos-administratives\/vacances-scolaires\/\" target=\"_blank\" rel=\"noopener\">les calendriers des vacances scolaires<\/a><\/li>\n<\/ul>\n","protected":false},"excerpt":{"rendered":"<p>Dans cette rubrique, vous trouverez : l&rsquo;adresse, le plan d&rsquo;acc\u00e8s et les contacts par rapport \u00e0 l&rsquo;\u00e9cole le r\u00e8glement interne de l&rsquo;\u00e9cole les calendriers des vacances scolaires<\/p>\n","protected":false},"author":2,"featured_media":0,"parent":0,"menu_order":0,"comment_status":"closed","ping_status":"closed","template":"","meta":{"footnotes":""},"class_list":["post-23","page","type-page","status-publish","hentry"],"_links":{"self":[{"href":"https:\/\/ecole.ac-nice.fr\/val-siagne\/stmartinmat\/wp-json\/wp\/v2\/pages\/23","targetHints":{"allow":["GET"]}}],"collection":[{"href":"https:\/\/ecole.ac-nice.fr\/val-siagne\/stmartinmat\/wp-json\/wp\/v2\/pages"}],"about":[{"href":"https:\/\/ecole.ac-nice.fr\/val-siagne\/stmartinmat\/wp-json\/wp\/v2\/types\/page"}],"author":[{"embeddable":true,"href":"https:\/\/ecole.ac-nice.fr\/val-siagne\/stmartinmat\/wp-json\/wp\/v2\/users\/2"}],"replies":[{"embeddable":true,"href":"https:\/\/ecole.ac-nice.fr\/val-siagne\/stmartinmat\/wp-json\/wp\/v2\/comments?post=23"}],"version-history":[{"count":5,"href":"https:\/\/ecole.ac-nice.fr\/val-siagne\/stmartinmat\/wp-json\/wp\/v2\/pages\/23\/revisions"}],"predecessor-version":[{"id":73,"href":"https:\/\/ecole.ac-nice.fr\/val-siagne\/stmartinmat\/wp-json\/wp\/v2\/pages\/23\/revisions\/73"}],"wp:attachment":[{"href":"https:\/\/ecole.ac-nice.fr\/val-siagne\/stmartinmat\/wp-json\/wp\/v2\/media?parent=23"}],"curies":[{"name":"wp","href":"https:\/\/api.w.org\/{rel}","templated":true}]}}