{"id":190,"date":"2018-02-07T13:20:30","date_gmt":"2018-02-07T12:20:30","guid":{"rendered":"http:\/\/ecole.ac-nice.fr\/val-siagne\/stmartinmat\/?page_id=190"},"modified":"2019-05-20T14:13:19","modified_gmt":"2019-05-20T12:13:19","slug":"la-cantine","status":"publish","type":"page","link":"https:\/\/ecole.ac-nice.fr\/val-siagne\/stmartinmat\/presentation-de-lecole\/la-cantine\/","title":{"rendered":"La cantine"},"content":{"rendered":"<p><img loading=\"lazy\" decoding=\"async\" class=\"size-medium wp-image-379 alignright\" src=\"http:\/\/ecole.ac-nice.fr\/val-siagne\/stmartinmat\/wp-content\/uploads\/sites\/11\/2019\/05\/DSCN4898-300x225.jpg\" alt=\"\" width=\"300\" height=\"225\" srcset=\"https:\/\/ecole.ac-nice.fr\/val-siagne\/stmartinmat\/wp-content\/uploads\/sites\/11\/2019\/05\/DSCN4898-300x225.jpg 300w, https:\/\/ecole.ac-nice.fr\/val-siagne\/stmartinmat\/wp-content\/uploads\/sites\/11\/2019\/05\/DSCN4898.jpg 400w\" sizes=\"auto, (max-width: 300px) 100vw, 300px\" \/><img loading=\"lazy\" decoding=\"async\" class=\"size-medium wp-image-282 alignleft\" src=\"http:\/\/ecole.ac-nice.fr\/val-siagne\/stmartinmat\/wp-content\/uploads\/sites\/11\/2018\/02\/Visite-guidee0006-300x225.jpg\" alt=\"\" width=\"300\" height=\"225\" srcset=\"https:\/\/ecole.ac-nice.fr\/val-siagne\/stmartinmat\/wp-content\/uploads\/sites\/11\/2018\/02\/Visite-guidee0006-300x225.jpg 300w, https:\/\/ecole.ac-nice.fr\/val-siagne\/stmartinmat\/wp-content\/uploads\/sites\/11\/2018\/02\/Visite-guidee0006.jpg 400w\" sizes=\"auto, (max-width: 300px) 100vw, 300px\" \/><\/p>\n<p>CHRISTINE, notre chef de cantine, nous r\u00e9gale chaque jour avec ses petits plats pr\u00e9par\u00e9s sur place avec amour<\/p>\n","protected":false},"excerpt":{"rendered":"<p>CHRISTINE, notre chef de cantine, nous r\u00e9gale chaque jour avec ses petits plats pr\u00e9par\u00e9s sur place avec amour<\/p>\n","protected":false},"author":86,"featured_media":0,"parent":49,"menu_order":6,"comment_status":"closed","ping_status":"closed","template":"","meta":{"footnotes":""},"class_list":["post-190","page","type-page","status-publish","hentry"],"_links":{"self":[{"href":"https:\/\/ecole.ac-nice.fr\/val-siagne\/stmartinmat\/wp-json\/wp\/v2\/pages\/190","targetHints":{"allow":["GET"]}}],"collection":[{"href":"https:\/\/ecole.ac-nice.fr\/val-siagne\/stmartinmat\/wp-json\/wp\/v2\/pages"}],"about":[{"href":"https:\/\/ecole.ac-nice.fr\/val-siagne\/stmartinmat\/wp-json\/wp\/v2\/types\/page"}],"author":[{"embeddable":true,"href":"https:\/\/ecole.ac-nice.fr\/val-siagne\/stmartinmat\/wp-json\/wp\/v2\/users\/86"}],"replies":[{"embeddable":true,"href":"https:\/\/ecole.ac-nice.fr\/val-siagne\/stmartinmat\/wp-json\/wp\/v2\/comments?post=190"}],"version-history":[{"count":7,"href":"https:\/\/ecole.ac-nice.fr\/val-siagne\/stmartinmat\/wp-json\/wp\/v2\/pages\/190\/revisions"}],"predecessor-version":[{"id":391,"href":"https:\/\/ecole.ac-nice.fr\/val-siagne\/stmartinmat\/wp-json\/wp\/v2\/pages\/190\/revisions\/391"}],"up":[{"embeddable":true,"href":"https:\/\/ecole.ac-nice.fr\/val-siagne\/stmartinmat\/wp-json\/wp\/v2\/pages\/49"}],"wp:attachment":[{"href":"https:\/\/ecole.ac-nice.fr\/val-siagne\/stmartinmat\/wp-json\/wp\/v2\/media?parent=190"}],"curies":[{"name":"wp","href":"https:\/\/api.w.org\/{rel}","templated":true}]}}