{"id":55,"date":"2017-03-28T12:02:56","date_gmt":"2017-03-28T10:02:56","guid":{"rendered":"http:\/\/ecole.ac-nice.fr\/val-siagne\/speracedes\/?page_id=55"},"modified":"2017-11-27T19:00:53","modified_gmt":"2017-11-27T18:00:53","slug":"le-dortoir","status":"publish","type":"page","link":"https:\/\/ecole.ac-nice.fr\/val-siagne\/speracedes\/presentation-de-lecole\/le-dortoir\/","title":{"rendered":"Le dortoir"},"content":{"rendered":"<p>Les jeunes enfants de Maternelle, notamment les \u00ab\u00a0petites sections\u00a0\u00bb<\/p>\n<p>ont besoin de se reposer apr\u00e8s le repas.<\/p>\n<p><img loading=\"lazy\" decoding=\"async\" class=\"size-medium wp-image-78 aligncenter\" src=\"http:\/\/ecole.ac-nice.fr\/val-siagne\/speracedesmat\/wp-content\/uploads\/sites\/3\/2017\/03\/dortoir-300x225.jpg\" alt=\"\" width=\"300\" height=\"225\" \/><\/p>\n<p style=\"text-align: center;\">Voici leur dortoir.<\/p>\n<p style=\"text-align: left;\"><a href=\"http:\/\/ecole.ac-nice.fr\/val-siagne\/speracedes\/presentation-de-lecole\/\">Retour : pr\u00e9sentation de l&rsquo;\u00e9cole<\/a><\/p>\n","protected":false},"excerpt":{"rendered":"<p>Les jeunes enfants de Maternelle, notamment les \u00ab\u00a0petites sections\u00a0\u00bb ont besoin de se reposer apr\u00e8s le repas. Voici leur dortoir. Retour : pr\u00e9sentation de l&rsquo;\u00e9cole<\/p>\n","protected":false},"author":2,"featured_media":0,"parent":49,"menu_order":3,"comment_status":"closed","ping_status":"closed","template":"","meta":{"footnotes":""},"class_list":["post-55","page","type-page","status-publish","hentry"],"_links":{"self":[{"href":"https:\/\/ecole.ac-nice.fr\/val-siagne\/speracedes\/wp-json\/wp\/v2\/pages\/55","targetHints":{"allow":["GET"]}}],"collection":[{"href":"https:\/\/ecole.ac-nice.fr\/val-siagne\/speracedes\/wp-json\/wp\/v2\/pages"}],"about":[{"href":"https:\/\/ecole.ac-nice.fr\/val-siagne\/speracedes\/wp-json\/wp\/v2\/types\/page"}],"author":[{"embeddable":true,"href":"https:\/\/ecole.ac-nice.fr\/val-siagne\/speracedes\/wp-json\/wp\/v2\/users\/2"}],"replies":[{"embeddable":true,"href":"https:\/\/ecole.ac-nice.fr\/val-siagne\/speracedes\/wp-json\/wp\/v2\/comments?post=55"}],"version-history":[{"count":2,"href":"https:\/\/ecole.ac-nice.fr\/val-siagne\/speracedes\/wp-json\/wp\/v2\/pages\/55\/revisions"}],"predecessor-version":[{"id":78,"href":"https:\/\/ecole.ac-nice.fr\/val-siagne\/speracedes\/wp-json\/wp\/v2\/pages\/55\/revisions\/78"}],"up":[{"embeddable":true,"href":"https:\/\/ecole.ac-nice.fr\/val-siagne\/speracedes\/wp-json\/wp\/v2\/pages\/49"}],"wp:attachment":[{"href":"https:\/\/ecole.ac-nice.fr\/val-siagne\/speracedes\/wp-json\/wp\/v2\/media?parent=55"}],"curies":[{"name":"wp","href":"https:\/\/api.w.org\/{rel}","templated":true}]}}