{"id":49,"date":"2017-03-28T12:00:45","date_gmt":"2017-03-28T10:00:45","guid":{"rendered":"http:\/\/ecole.ac-nice.fr\/val-siagne\/speracedes\/?page_id=49"},"modified":"2017-11-27T18:59:08","modified_gmt":"2017-11-27T17:59:08","slug":"presentation-de-lecole","status":"publish","type":"page","link":"https:\/\/ecole.ac-nice.fr\/val-siagne\/speracedes\/presentation-de-lecole\/","title":{"rendered":"Pr\u00e9sentation de l&rsquo;\u00e9cole"},"content":{"rendered":"<p>Dans les pages suivantes, nous vous pr\u00e9sentons par un court texte et quelques photos des lieux de vie de notre \u00e9cole :<\/p>\n<ul>\n<li><a href=\"http:\/\/ecole.ac-nice.fr\/val-siagne\/speracedes\/presentation-de-lecole\/la-cour\/\">La cour<\/a><\/li>\n<li><a href=\"http:\/\/ecole.ac-nice.fr\/val-siagne\/speracedes\/presentation-de-lecole\/la-classe\/\">La classe<\/a><\/li>\n<li><a href=\"http:\/\/ecole.ac-nice.fr\/val-siagne\/speracedes\/presentation-de-lecole\/le-dortoir\/\">Le dortoir<\/a><\/li>\n<li>La cantine<\/li>\n<\/ul>\n","protected":false},"excerpt":{"rendered":"<p>Dans les pages suivantes, nous vous pr\u00e9sentons par un court texte et quelques photos des lieux de vie de notre \u00e9cole : La cour La classe Le dortoir La cantine<\/p>\n","protected":false},"author":2,"featured_media":0,"parent":0,"menu_order":0,"comment_status":"closed","ping_status":"closed","template":"","meta":{"footnotes":""},"class_list":["post-49","page","type-page","status-publish","hentry"],"_links":{"self":[{"href":"https:\/\/ecole.ac-nice.fr\/val-siagne\/speracedes\/wp-json\/wp\/v2\/pages\/49","targetHints":{"allow":["GET"]}}],"collection":[{"href":"https:\/\/ecole.ac-nice.fr\/val-siagne\/speracedes\/wp-json\/wp\/v2\/pages"}],"about":[{"href":"https:\/\/ecole.ac-nice.fr\/val-siagne\/speracedes\/wp-json\/wp\/v2\/types\/page"}],"author":[{"embeddable":true,"href":"https:\/\/ecole.ac-nice.fr\/val-siagne\/speracedes\/wp-json\/wp\/v2\/users\/2"}],"replies":[{"embeddable":true,"href":"https:\/\/ecole.ac-nice.fr\/val-siagne\/speracedes\/wp-json\/wp\/v2\/comments?post=49"}],"version-history":[{"count":3,"href":"https:\/\/ecole.ac-nice.fr\/val-siagne\/speracedes\/wp-json\/wp\/v2\/pages\/49\/revisions"}],"predecessor-version":[{"id":60,"href":"https:\/\/ecole.ac-nice.fr\/val-siagne\/speracedes\/wp-json\/wp\/v2\/pages\/49\/revisions\/60"}],"wp:attachment":[{"href":"https:\/\/ecole.ac-nice.fr\/val-siagne\/speracedes\/wp-json\/wp\/v2\/media?parent=49"}],"curies":[{"name":"wp","href":"https:\/\/api.w.org\/{rel}","templated":true}]}}