{"id":51,"date":"2017-03-28T12:01:24","date_gmt":"2017-03-28T10:01:24","guid":{"rendered":"http:\/\/ecole.ac-nice.fr\/val-siagne\/rostand\/?page_id=51"},"modified":"2017-12-14T19:18:05","modified_gmt":"2017-12-14T18:18:05","slug":"la-cour","status":"publish","type":"page","link":"https:\/\/ecole.ac-nice.fr\/val-siagne\/rostand\/la-cour\/","title":{"rendered":"Notre \u00e9cole et ses classes"},"content":{"rendered":"<p>Notre \u00e9cole est une \u00e9cole primaire.<\/p>\n<p>C&rsquo;est \u00e0 dire que nous avons des classes maternelles et des classes \u00e9l\u00e9mentaires.<\/p>\n<p>Vous trouverez des informations sur les classes qui y correspondent dans les pages suivantes<\/p>\n","protected":false},"excerpt":{"rendered":"<p>Notre \u00e9cole est une \u00e9cole primaire. C&rsquo;est \u00e0 dire que nous avons des classes maternelles et des classes \u00e9l\u00e9mentaires. Vous trouverez des informations sur les classes qui y correspondent dans les pages suivantes<\/p>\n","protected":false},"author":2,"featured_media":0,"parent":0,"menu_order":1,"comment_status":"closed","ping_status":"closed","template":"","meta":{"footnotes":""},"class_list":["post-51","page","type-page","status-publish","hentry"],"_links":{"self":[{"href":"https:\/\/ecole.ac-nice.fr\/val-siagne\/rostand\/wp-json\/wp\/v2\/pages\/51","targetHints":{"allow":["GET"]}}],"collection":[{"href":"https:\/\/ecole.ac-nice.fr\/val-siagne\/rostand\/wp-json\/wp\/v2\/pages"}],"about":[{"href":"https:\/\/ecole.ac-nice.fr\/val-siagne\/rostand\/wp-json\/wp\/v2\/types\/page"}],"author":[{"embeddable":true,"href":"https:\/\/ecole.ac-nice.fr\/val-siagne\/rostand\/wp-json\/wp\/v2\/users\/2"}],"replies":[{"embeddable":true,"href":"https:\/\/ecole.ac-nice.fr\/val-siagne\/rostand\/wp-json\/wp\/v2\/comments?post=51"}],"version-history":[{"count":6,"href":"https:\/\/ecole.ac-nice.fr\/val-siagne\/rostand\/wp-json\/wp\/v2\/pages\/51\/revisions"}],"predecessor-version":[{"id":239,"href":"https:\/\/ecole.ac-nice.fr\/val-siagne\/rostand\/wp-json\/wp\/v2\/pages\/51\/revisions\/239"}],"wp:attachment":[{"href":"https:\/\/ecole.ac-nice.fr\/val-siagne\/rostand\/wp-json\/wp\/v2\/media?parent=51"}],"curies":[{"name":"wp","href":"https:\/\/api.w.org\/{rel}","templated":true}]}}