{"id":45,"date":"2017-03-28T11:48:59","date_gmt":"2017-03-28T09:48:59","guid":{"rendered":"http:\/\/ecole.ac-nice.fr\/val-siagne\/rostand\/?page_id=45"},"modified":"2017-03-28T11:48:59","modified_gmt":"2017-03-28T09:48:59","slug":"reglement-de-lecole","status":"publish","type":"page","link":"https:\/\/ecole.ac-nice.fr\/val-siagne\/rostand\/les-infos-administratives\/reglement-de-lecole\/","title":{"rendered":"R\u00e8glement de l&rsquo;\u00e9cole"},"content":{"rendered":"<p>En cliquant sur le lien suivant, vous acc\u00e8derez au r\u00e8glement de l&rsquo;\u00e9cole<\/p>\n<p>Lien vers le r\u00e8glement<\/p>\n","protected":false},"excerpt":{"rendered":"<p>En cliquant sur le lien suivant, vous acc\u00e8derez au r\u00e8glement de l&rsquo;\u00e9cole Lien vers le r\u00e8glement<\/p>\n","protected":false},"author":2,"featured_media":0,"parent":23,"menu_order":4,"comment_status":"closed","ping_status":"closed","template":"","meta":{"footnotes":""},"class_list":["post-45","page","type-page","status-publish","hentry"],"_links":{"self":[{"href":"https:\/\/ecole.ac-nice.fr\/val-siagne\/rostand\/wp-json\/wp\/v2\/pages\/45","targetHints":{"allow":["GET"]}}],"collection":[{"href":"https:\/\/ecole.ac-nice.fr\/val-siagne\/rostand\/wp-json\/wp\/v2\/pages"}],"about":[{"href":"https:\/\/ecole.ac-nice.fr\/val-siagne\/rostand\/wp-json\/wp\/v2\/types\/page"}],"author":[{"embeddable":true,"href":"https:\/\/ecole.ac-nice.fr\/val-siagne\/rostand\/wp-json\/wp\/v2\/users\/2"}],"replies":[{"embeddable":true,"href":"https:\/\/ecole.ac-nice.fr\/val-siagne\/rostand\/wp-json\/wp\/v2\/comments?post=45"}],"version-history":[{"count":1,"href":"https:\/\/ecole.ac-nice.fr\/val-siagne\/rostand\/wp-json\/wp\/v2\/pages\/45\/revisions"}],"predecessor-version":[{"id":46,"href":"https:\/\/ecole.ac-nice.fr\/val-siagne\/rostand\/wp-json\/wp\/v2\/pages\/45\/revisions\/46"}],"up":[{"embeddable":true,"href":"https:\/\/ecole.ac-nice.fr\/val-siagne\/rostand\/wp-json\/wp\/v2\/pages\/23"}],"wp:attachment":[{"href":"https:\/\/ecole.ac-nice.fr\/val-siagne\/rostand\/wp-json\/wp\/v2\/media?parent=45"}],"curies":[{"name":"wp","href":"https:\/\/api.w.org\/{rel}","templated":true}]}}