{"id":254,"date":"2017-12-18T17:51:52","date_gmt":"2017-12-18T16:51:52","guid":{"rendered":"http:\/\/ecole.ac-nice.fr\/val-siagne\/rostand\/?page_id=254"},"modified":"2018-10-16T20:52:43","modified_gmt":"2018-10-16T18:52:43","slug":"la-classe-de-cm1a","status":"publish","type":"page","link":"https:\/\/ecole.ac-nice.fr\/val-siagne\/rostand\/la-cour\/la-classe-de-cm1a\/","title":{"rendered":"La classe de CM1A"},"content":{"rendered":"<p><span style=\"font-size: 12pt\">En cette ann\u00e9e scolaire 2018-2019, la classe de CM1A accueille <\/span><\/p>\n<p><span style=\"font-size: 12pt\">22 \u00e9l\u00e8ves,\u00a08 filles et 14 gar\u00e7ons.<\/span><\/p>\n<p><span style=\"font-size: 12pt\">Leur ma\u00eetresse\u00a0est Madame Christine RICHARD.\u00a0\u00a0\u00a0\u00a0 <img loading=\"lazy\" decoding=\"async\" class=\" wp-image-257 alignright\" src=\"http:\/\/ecole.ac-nice.fr\/val-siagne\/rostand\/wp-content\/uploads\/sites\/7\/2017\/12\/DSC03213-bis-300x225.jpg\" alt=\"\" width=\"167\" height=\"125\" srcset=\"https:\/\/ecole.ac-nice.fr\/val-siagne\/rostand\/wp-content\/uploads\/sites\/7\/2017\/12\/DSC03213-bis-300x225.jpg 300w, https:\/\/ecole.ac-nice.fr\/val-siagne\/rostand\/wp-content\/uploads\/sites\/7\/2017\/12\/DSC03213-bis.jpg 448w\" sizes=\"auto, (max-width: 167px) 100vw, 167px\" \/><\/span><\/p>\n<p>La classe se situe au 1er \u00e9tage du b\u00e2timent central, au fond du couloir.<\/p>\n<p><img loading=\"lazy\" decoding=\"async\" class=\" wp-image-256 aligncenter\" src=\"http:\/\/ecole.ac-nice.fr\/val-siagne\/rostand\/wp-content\/uploads\/sites\/7\/2017\/12\/DSC03209-bis-300x225.jpg\" alt=\"\" width=\"187\" height=\"140\" srcset=\"https:\/\/ecole.ac-nice.fr\/val-siagne\/rostand\/wp-content\/uploads\/sites\/7\/2017\/12\/DSC03209-bis-300x225.jpg 300w, https:\/\/ecole.ac-nice.fr\/val-siagne\/rostand\/wp-content\/uploads\/sites\/7\/2017\/12\/DSC03209-bis.jpg 448w\" sizes=\"auto, (max-width: 187px) 100vw, 187px\" \/><\/p>\n<p>&nbsp;<\/p>\n","protected":false},"excerpt":{"rendered":"<p>En cette ann\u00e9e scolaire 2018-2019, la classe de CM1A accueille 22 \u00e9l\u00e8ves,\u00a08 filles et 14 gar\u00e7ons. Leur ma\u00eetresse\u00a0est Madame Christine RICHARD.\u00a0\u00a0\u00a0\u00a0 La classe se situe au 1er \u00e9tage du b\u00e2timent central, au fond du couloir. &nbsp;<\/p>\n","protected":false},"author":30,"featured_media":0,"parent":51,"menu_order":3,"comment_status":"closed","ping_status":"closed","template":"","meta":{"footnotes":""},"class_list":["post-254","page","type-page","status-publish","hentry"],"_links":{"self":[{"href":"https:\/\/ecole.ac-nice.fr\/val-siagne\/rostand\/wp-json\/wp\/v2\/pages\/254","targetHints":{"allow":["GET"]}}],"collection":[{"href":"https:\/\/ecole.ac-nice.fr\/val-siagne\/rostand\/wp-json\/wp\/v2\/pages"}],"about":[{"href":"https:\/\/ecole.ac-nice.fr\/val-siagne\/rostand\/wp-json\/wp\/v2\/types\/page"}],"author":[{"embeddable":true,"href":"https:\/\/ecole.ac-nice.fr\/val-siagne\/rostand\/wp-json\/wp\/v2\/users\/30"}],"replies":[{"embeddable":true,"href":"https:\/\/ecole.ac-nice.fr\/val-siagne\/rostand\/wp-json\/wp\/v2\/comments?post=254"}],"version-history":[{"count":6,"href":"https:\/\/ecole.ac-nice.fr\/val-siagne\/rostand\/wp-json\/wp\/v2\/pages\/254\/revisions"}],"predecessor-version":[{"id":894,"href":"https:\/\/ecole.ac-nice.fr\/val-siagne\/rostand\/wp-json\/wp\/v2\/pages\/254\/revisions\/894"}],"up":[{"embeddable":true,"href":"https:\/\/ecole.ac-nice.fr\/val-siagne\/rostand\/wp-json\/wp\/v2\/pages\/51"}],"wp:attachment":[{"href":"https:\/\/ecole.ac-nice.fr\/val-siagne\/rostand\/wp-json\/wp\/v2\/media?parent=254"}],"curies":[{"name":"wp","href":"https:\/\/api.w.org\/{rel}","templated":true}]}}