{"id":25,"date":"2017-03-26T19:25:43","date_gmt":"2017-03-26T17:25:43","guid":{"rendered":"http:\/\/ecole.ac-nice.fr\/val-siagne\/rostand\/?page_id=25"},"modified":"2018-10-16T20:56:09","modified_gmt":"2018-10-16T18:56:09","slug":"les-horaires","status":"publish","type":"page","link":"https:\/\/ecole.ac-nice.fr\/val-siagne\/rostand\/les-infos-administratives\/les-horaires\/","title":{"rendered":"Les horaires"},"content":{"rendered":"<p>&nbsp;<\/p>\n<p><span style=\"font-family: comic sans ms,sans-serif;font-size: 14pt\">Voici les horaires de notre \u00e9cole:<\/span><\/p>\n<p><span style=\"font-family: comic sans ms,sans-serif;font-size: 14pt\">Lundi, mardi, jeudi, vendredi :<\/span><\/p>\n<p style=\"text-align: center\"><span style=\"font-family: comic sans ms,sans-serif;font-size: 14pt\">Le matin de <span style=\"color: #ff0000\">8 h30 \u00e0 11h30<\/span><\/span><\/p>\n<p style=\"text-align: center\"><span style=\"font-family: comic sans ms,sans-serif;font-size: 14pt\">L&rsquo;apr\u00e8s-midi de <span style=\"color: #ff0000\">13h30 \u00e0 16h30<\/span><\/span><\/p>\n<p><span style=\"font-family: comic sans ms,sans-serif;font-size: 14pt\"><span style=\"color: #008000\">Ouverture du portail<\/span> 10 minutes avant le d\u00e9but de la classe. <\/span><\/p>\n<p style=\"text-align: center\">\n<p>&nbsp;<\/p>\n<p>&nbsp;<\/p>\n<p>&nbsp;<\/p>\n","protected":false},"excerpt":{"rendered":"<p>&nbsp; Voici les horaires de notre \u00e9cole: Lundi, mardi, jeudi, vendredi : Le matin de 8 h30 \u00e0 11h30 L&rsquo;apr\u00e8s-midi de 13h30 \u00e0 16h30 Ouverture du portail 10 minutes avant le d\u00e9but de la classe. &nbsp; &nbsp; &nbsp;<\/p>\n","protected":false},"author":2,"featured_media":0,"parent":23,"menu_order":1,"comment_status":"closed","ping_status":"closed","template":"page-templates\/full-width.php","meta":{"footnotes":""},"class_list":["post-25","page","type-page","status-publish","hentry"],"_links":{"self":[{"href":"https:\/\/ecole.ac-nice.fr\/val-siagne\/rostand\/wp-json\/wp\/v2\/pages\/25","targetHints":{"allow":["GET"]}}],"collection":[{"href":"https:\/\/ecole.ac-nice.fr\/val-siagne\/rostand\/wp-json\/wp\/v2\/pages"}],"about":[{"href":"https:\/\/ecole.ac-nice.fr\/val-siagne\/rostand\/wp-json\/wp\/v2\/types\/page"}],"author":[{"embeddable":true,"href":"https:\/\/ecole.ac-nice.fr\/val-siagne\/rostand\/wp-json\/wp\/v2\/users\/2"}],"replies":[{"embeddable":true,"href":"https:\/\/ecole.ac-nice.fr\/val-siagne\/rostand\/wp-json\/wp\/v2\/comments?post=25"}],"version-history":[{"count":7,"href":"https:\/\/ecole.ac-nice.fr\/val-siagne\/rostand\/wp-json\/wp\/v2\/pages\/25\/revisions"}],"predecessor-version":[{"id":895,"href":"https:\/\/ecole.ac-nice.fr\/val-siagne\/rostand\/wp-json\/wp\/v2\/pages\/25\/revisions\/895"}],"up":[{"embeddable":true,"href":"https:\/\/ecole.ac-nice.fr\/val-siagne\/rostand\/wp-json\/wp\/v2\/pages\/23"}],"wp:attachment":[{"href":"https:\/\/ecole.ac-nice.fr\/val-siagne\/rostand\/wp-json\/wp\/v2\/media?parent=25"}],"curies":[{"name":"wp","href":"https:\/\/api.w.org\/{rel}","templated":true}]}}