{"id":231,"date":"2017-12-13T18:28:29","date_gmt":"2017-12-13T17:28:29","guid":{"rendered":"http:\/\/ecole.ac-nice.fr\/val-siagne\/rostand\/?page_id=231"},"modified":"2017-12-13T18:53:07","modified_gmt":"2017-12-13T17:53:07","slug":"la-classe-de-cm2b","status":"publish","type":"page","link":"https:\/\/ecole.ac-nice.fr\/val-siagne\/rostand\/la-cour\/la-classe-de-cm2b\/","title":{"rendered":"La classe de CM2B"},"content":{"rendered":"<p style=\"text-align: center\">La classe de <strong>CM2B<\/strong> est constitu\u00e9e de<strong> 25 \u00e9l\u00e8ves<\/strong>, <em>12 filles<\/em> et <em>13 gar\u00e7ons<\/em>.<\/p>\n<p style=\"text-align: center\">Leur ma\u00eetresse est<strong> Madame Patricia Hubert.<\/strong><\/p>\n<p style=\"text-align: center\">Elle est situ\u00e9e au<strong> deuxi\u00e8me \u00e9tage<\/strong> du b\u00e2timent, <strong>classe 3<\/strong><img loading=\"lazy\" decoding=\"async\" class=\"size-medium wp-image-232 alignnone aligncenter\" src=\"http:\/\/ecole.ac-nice.fr\/val-siagne\/rostand\/wp-content\/uploads\/sites\/7\/2017\/12\/IMG_20171127_141632-225x300.jpg\" alt=\"\" width=\"225\" height=\"300\" srcset=\"https:\/\/ecole.ac-nice.fr\/val-siagne\/rostand\/wp-content\/uploads\/sites\/7\/2017\/12\/IMG_20171127_141632-225x300.jpg 225w, https:\/\/ecole.ac-nice.fr\/val-siagne\/rostand\/wp-content\/uploads\/sites\/7\/2017\/12\/IMG_20171127_141632.jpg 567w\" sizes=\"auto, (max-width: 225px) 100vw, 225px\" \/><\/p>\n<p>&nbsp;<\/p>\n<p>&nbsp;<\/p>\n","protected":false},"excerpt":{"rendered":"<p>La classe de CM2B est constitu\u00e9e de 25 \u00e9l\u00e8ves, 12 filles et 13 gar\u00e7ons. Leur ma\u00eetresse est Madame Patricia Hubert. Elle est situ\u00e9e au deuxi\u00e8me \u00e9tage du b\u00e2timent, classe 3 &nbsp; &nbsp;<\/p>\n","protected":false},"author":26,"featured_media":0,"parent":51,"menu_order":2,"comment_status":"closed","ping_status":"closed","template":"","meta":{"footnotes":""},"class_list":["post-231","page","type-page","status-publish","hentry"],"_links":{"self":[{"href":"https:\/\/ecole.ac-nice.fr\/val-siagne\/rostand\/wp-json\/wp\/v2\/pages\/231","targetHints":{"allow":["GET"]}}],"collection":[{"href":"https:\/\/ecole.ac-nice.fr\/val-siagne\/rostand\/wp-json\/wp\/v2\/pages"}],"about":[{"href":"https:\/\/ecole.ac-nice.fr\/val-siagne\/rostand\/wp-json\/wp\/v2\/types\/page"}],"author":[{"embeddable":true,"href":"https:\/\/ecole.ac-nice.fr\/val-siagne\/rostand\/wp-json\/wp\/v2\/users\/26"}],"replies":[{"embeddable":true,"href":"https:\/\/ecole.ac-nice.fr\/val-siagne\/rostand\/wp-json\/wp\/v2\/comments?post=231"}],"version-history":[{"count":1,"href":"https:\/\/ecole.ac-nice.fr\/val-siagne\/rostand\/wp-json\/wp\/v2\/pages\/231\/revisions"}],"predecessor-version":[{"id":233,"href":"https:\/\/ecole.ac-nice.fr\/val-siagne\/rostand\/wp-json\/wp\/v2\/pages\/231\/revisions\/233"}],"up":[{"embeddable":true,"href":"https:\/\/ecole.ac-nice.fr\/val-siagne\/rostand\/wp-json\/wp\/v2\/pages\/51"}],"wp:attachment":[{"href":"https:\/\/ecole.ac-nice.fr\/val-siagne\/rostand\/wp-json\/wp\/v2\/media?parent=231"}],"curies":[{"name":"wp","href":"https:\/\/api.w.org\/{rel}","templated":true}]}}