{"id":21,"date":"2017-03-26T19:23:05","date_gmt":"2017-03-26T17:23:05","guid":{"rendered":"http:\/\/ecole.ac-nice.fr\/val-siagne\/rostand\/?page_id=21"},"modified":"2019-12-14T11:48:30","modified_gmt":"2019-12-14T10:48:30","slug":"accueil","status":"publish","type":"page","link":"https:\/\/ecole.ac-nice.fr\/val-siagne\/rostand\/","title":{"rendered":"Accueil"},"content":{"rendered":"<p style=\"text-align: center\">\n<h1>Bonjour et bienvenue<\/h1>\n<p>Voici le nouveau site de l&rsquo;\u00e9cole primaire Jean Rostand.<\/p>\n<p>Vous y trouverez :<\/p>\n<ul>\n<li>diff\u00e9rentes informations administratives<\/li>\n<li>des contacts<\/li>\n<li>des \u00e9l\u00e9ments de notre vie \u00e0 l&rsquo;\u00e9cole<\/li>\n<li>&#8230;.<\/li>\n<\/ul>\n","protected":false},"excerpt":{"rendered":"<p>Bonjour et bienvenue Voici le nouveau site de l&rsquo;\u00e9cole primaire Jean Rostand. Vous y trouverez : diff\u00e9rentes informations administratives des contacts des \u00e9l\u00e9ments de notre vie \u00e0 l&rsquo;\u00e9cole &#8230;.<\/p>\n","protected":false},"author":2,"featured_media":0,"parent":0,"menu_order":0,"comment_status":"closed","ping_status":"closed","template":"","meta":{"footnotes":""},"class_list":["post-21","page","type-page","status-publish","hentry"],"_links":{"self":[{"href":"https:\/\/ecole.ac-nice.fr\/val-siagne\/rostand\/wp-json\/wp\/v2\/pages\/21","targetHints":{"allow":["GET"]}}],"collection":[{"href":"https:\/\/ecole.ac-nice.fr\/val-siagne\/rostand\/wp-json\/wp\/v2\/pages"}],"about":[{"href":"https:\/\/ecole.ac-nice.fr\/val-siagne\/rostand\/wp-json\/wp\/v2\/types\/page"}],"author":[{"embeddable":true,"href":"https:\/\/ecole.ac-nice.fr\/val-siagne\/rostand\/wp-json\/wp\/v2\/users\/2"}],"replies":[{"embeddable":true,"href":"https:\/\/ecole.ac-nice.fr\/val-siagne\/rostand\/wp-json\/wp\/v2\/comments?post=21"}],"version-history":[{"count":5,"href":"https:\/\/ecole.ac-nice.fr\/val-siagne\/rostand\/wp-json\/wp\/v2\/pages\/21\/revisions"}],"predecessor-version":[{"id":1092,"href":"https:\/\/ecole.ac-nice.fr\/val-siagne\/rostand\/wp-json\/wp\/v2\/pages\/21\/revisions\/1092"}],"wp:attachment":[{"href":"https:\/\/ecole.ac-nice.fr\/val-siagne\/rostand\/wp-json\/wp\/v2\/media?parent=21"}],"curies":[{"name":"wp","href":"https:\/\/api.w.org\/{rel}","templated":true}]}}