{"id":80,"date":"2017-03-27T21:50:44","date_gmt":"2017-03-27T19:50:44","guid":{"rendered":"http:\/\/ecole.ac-nice.fr\/val-siagne\/rebuffelmat\/?page_id=80"},"modified":"2017-04-01T16:32:26","modified_gmt":"2017-04-01T14:32:26","slug":"la-classe","status":"publish","type":"page","link":"https:\/\/ecole.ac-nice.fr\/val-siagne\/rebuffelmat\/presentation-de-lecole\/la-classe\/","title":{"rendered":"Les classes"},"content":{"rendered":"<p>A l&rsquo;\u00e9cole Maternelle, en plus de la socialisation, les enfants commencent \u00e0 se scolariser, notamment \u00e0 travers des jeux, dans divers lieux dont la classe<\/p>\n<p>&nbsp;<\/p>\n<p><img loading=\"lazy\" decoding=\"async\" class=\"alignnone size-medium wp-image-81\" src=\"http:\/\/ecole.ac-nice.fr\/val-siagne\/rebuffelmat\/wp-content\/uploads\/sites\/3\/2017\/03\/classe-300x225.jpg\" alt=\"\" width=\"300\" height=\"225\" srcset=\"https:\/\/ecole.ac-nice.fr\/val-siagne\/rebuffelmat\/wp-content\/uploads\/sites\/3\/2017\/03\/classe-300x225.jpg 300w, https:\/\/ecole.ac-nice.fr\/val-siagne\/rebuffelmat\/wp-content\/uploads\/sites\/3\/2017\/03\/classe.jpg 640w\" sizes=\"auto, (max-width: 300px) 100vw, 300px\" \/><\/p>\n<p>&nbsp;<\/p>\n<p><a href=\"http:\/\/ecole.ac-nice.fr\/val-siagne\/rebuffelmat\/presentation-de-lecole\/\">Retour : pr\u00e9sentation de l&rsquo;\u00e9cole<\/a><\/p>\n","protected":false},"excerpt":{"rendered":"<p>A l&rsquo;\u00e9cole Maternelle, en plus de la socialisation, les enfants commencent \u00e0 se scolariser, notamment \u00e0 travers des jeux, dans divers lieux dont la classe &nbsp; &nbsp; Retour : pr\u00e9sentation de l&rsquo;\u00e9cole<\/p>\n","protected":false},"author":2,"featured_media":0,"parent":70,"menu_order":2,"comment_status":"closed","ping_status":"closed","template":"","meta":{"footnotes":""},"class_list":["post-80","page","type-page","status-publish","hentry"],"_links":{"self":[{"href":"https:\/\/ecole.ac-nice.fr\/val-siagne\/rebuffelmat\/wp-json\/wp\/v2\/pages\/80","targetHints":{"allow":["GET"]}}],"collection":[{"href":"https:\/\/ecole.ac-nice.fr\/val-siagne\/rebuffelmat\/wp-json\/wp\/v2\/pages"}],"about":[{"href":"https:\/\/ecole.ac-nice.fr\/val-siagne\/rebuffelmat\/wp-json\/wp\/v2\/types\/page"}],"author":[{"embeddable":true,"href":"https:\/\/ecole.ac-nice.fr\/val-siagne\/rebuffelmat\/wp-json\/wp\/v2\/users\/2"}],"replies":[{"embeddable":true,"href":"https:\/\/ecole.ac-nice.fr\/val-siagne\/rebuffelmat\/wp-json\/wp\/v2\/comments?post=80"}],"version-history":[{"count":3,"href":"https:\/\/ecole.ac-nice.fr\/val-siagne\/rebuffelmat\/wp-json\/wp\/v2\/pages\/80\/revisions"}],"predecessor-version":[{"id":260,"href":"https:\/\/ecole.ac-nice.fr\/val-siagne\/rebuffelmat\/wp-json\/wp\/v2\/pages\/80\/revisions\/260"}],"up":[{"embeddable":true,"href":"https:\/\/ecole.ac-nice.fr\/val-siagne\/rebuffelmat\/wp-json\/wp\/v2\/pages\/70"}],"wp:attachment":[{"href":"https:\/\/ecole.ac-nice.fr\/val-siagne\/rebuffelmat\/wp-json\/wp\/v2\/media?parent=80"}],"curies":[{"name":"wp","href":"https:\/\/api.w.org\/{rel}","templated":true}]}}