{"id":77,"date":"2017-03-27T21:48:53","date_gmt":"2017-03-27T19:48:53","guid":{"rendered":"http:\/\/ecole.ac-nice.fr\/val-siagne\/rebuffelmat\/?page_id=77"},"modified":"2023-01-17T15:15:19","modified_gmt":"2023-01-17T14:15:19","slug":"le-dortoir","status":"publish","type":"page","link":"https:\/\/ecole.ac-nice.fr\/val-siagne\/rebuffelmat\/presentation-de-lecole\/le-dortoir\/","title":{"rendered":"Le dortoir"},"content":{"rendered":"<p>Les jeunes enfants de Maternelle, notamment les \u00ab\u00a0petites sections\u00a0\u00bb<\/p>\n<p>ont besoin de se reposer apr\u00e8s le repas.<\/p>\n<p><img loading=\"lazy\" decoding=\"async\" class=\" wp-image-1088 aligncenter\" src=\"http:\/\/ecole.ac-nice.fr\/val-siagne\/rebuffelmat\/wp-content\/uploads\/sites\/3\/2023\/01\/IMG_1389.jpg\" alt=\"\" width=\"425\" height=\"319\" \/><\/p>\n<p>Voici leur dortoir.<\/p>\n<p style=\"text-align: left\"><a href=\"http:\/\/ecole.ac-nice.fr\/val-siagne\/rebuffelmat\/presentation-de-lecole\/\">Retour : pr\u00e9sentation de l&rsquo;\u00e9cole<\/a><\/p>\n","protected":false},"excerpt":{"rendered":"<p>Les jeunes enfants de Maternelle, notamment les \u00ab\u00a0petites sections\u00a0\u00bb ont besoin de se reposer apr\u00e8s le repas. Voici leur dortoir. Retour : pr\u00e9sentation de l&rsquo;\u00e9cole<\/p>\n","protected":false},"author":2,"featured_media":0,"parent":70,"menu_order":3,"comment_status":"closed","ping_status":"closed","template":"","meta":{"footnotes":""},"class_list":["post-77","page","type-page","status-publish","hentry"],"_links":{"self":[{"href":"https:\/\/ecole.ac-nice.fr\/val-siagne\/rebuffelmat\/wp-json\/wp\/v2\/pages\/77","targetHints":{"allow":["GET"]}}],"collection":[{"href":"https:\/\/ecole.ac-nice.fr\/val-siagne\/rebuffelmat\/wp-json\/wp\/v2\/pages"}],"about":[{"href":"https:\/\/ecole.ac-nice.fr\/val-siagne\/rebuffelmat\/wp-json\/wp\/v2\/types\/page"}],"author":[{"embeddable":true,"href":"https:\/\/ecole.ac-nice.fr\/val-siagne\/rebuffelmat\/wp-json\/wp\/v2\/users\/2"}],"replies":[{"embeddable":true,"href":"https:\/\/ecole.ac-nice.fr\/val-siagne\/rebuffelmat\/wp-json\/wp\/v2\/comments?post=77"}],"version-history":[{"count":7,"href":"https:\/\/ecole.ac-nice.fr\/val-siagne\/rebuffelmat\/wp-json\/wp\/v2\/pages\/77\/revisions"}],"predecessor-version":[{"id":1091,"href":"https:\/\/ecole.ac-nice.fr\/val-siagne\/rebuffelmat\/wp-json\/wp\/v2\/pages\/77\/revisions\/1091"}],"up":[{"embeddable":true,"href":"https:\/\/ecole.ac-nice.fr\/val-siagne\/rebuffelmat\/wp-json\/wp\/v2\/pages\/70"}],"wp:attachment":[{"href":"https:\/\/ecole.ac-nice.fr\/val-siagne\/rebuffelmat\/wp-json\/wp\/v2\/media?parent=77"}],"curies":[{"name":"wp","href":"https:\/\/api.w.org\/{rel}","templated":true}]}}