{"id":70,"date":"2017-03-27T21:38:37","date_gmt":"2017-03-27T19:38:37","guid":{"rendered":"http:\/\/ecole.ac-nice.fr\/val-siagne\/rebuffelmat\/?page_id=70"},"modified":"2021-04-30T20:00:15","modified_gmt":"2021-04-30T18:00:15","slug":"presentation-de-lecole","status":"publish","type":"page","link":"https:\/\/ecole.ac-nice.fr\/val-siagne\/rebuffelmat\/presentation-de-lecole\/","title":{"rendered":"Pr\u00e9sentation de l&rsquo;\u00e9cole"},"content":{"rendered":"<p>Dans les pages suivantes, nous vous pr\u00e9sentons par un court texte et quelques photos des lieux de vie de notre \u00e9cole :<\/p>\n<ul>\n<li><a href=\"http:\/\/ecole.ac-nice.fr\/val-siagne\/rebuffelmat\/la-cour\/\">La cour<\/a><\/li>\n<li><a href=\"http:\/\/ecole.ac-nice.fr\/val-siagne\/rebuffelmat\/la-classe\/\">La classe<\/a><\/li>\n<li><a href=\"http:\/\/ecole.ac-nice.fr\/val-siagne\/rebuffelmat\/le-dortoir\/\">Le dortoir<\/a><\/li>\n<li><a href=\"http:\/\/ecole.ac-nice.fr\/val-siagne\/rebuffelmat\/la-cantine\">La cantine<\/a><\/li>\n<li><a href=\"http:\/\/ecole.ac-nice.fr\/val-siagne\/rebuffelmat\/la-bcd\">La BCD<\/a><\/li>\n<li><a href=\"http:\/\/ecole.ac-nice.fr\/val-siagne\/rebuffelmat\/la-salle-de-motricit\u00e9\">La salle de motricit\u00e9<\/a><\/li>\n<\/ul>\n<p>Vous pourrez ensuite acc\u00e9der \u00e0 deux visites virtuelles de l&rsquo;\u00e9cole, l&rsquo;une en cliquant <span style=\"font-size: 18pt\"><em><strong><a href=\"https:\/\/www.dropbox.com\/s\/6xlow2lc1co56jk\/Visite%20Maternelle%20Rebuffel.mp4?dl=0\" target=\"_blank\" rel=\"noopener noreferrer\">ici<\/a><\/strong><\/em><\/span>, et l&rsquo;autre en cliquant <span style=\"font-size: 18pt\"><a href=\"https:\/\/tour.previsite.com\/2F326A45-1423-3780-65E8-35DBA3EE3A22\" target=\"_blank\" rel=\"noopener\">l\u00e0.<\/a><\/span><\/p>\n<p>&nbsp;<\/p>\n","protected":false},"excerpt":{"rendered":"<p>Dans les pages suivantes, nous vous pr\u00e9sentons par un court texte et quelques photos des lieux de vie de notre \u00e9cole : La cour La classe Le dortoir La cantine La BCD La salle de motricit\u00e9 Vous pourrez ensuite acc\u00e9der \u00e0 deux visites virtuelles de l&rsquo;\u00e9cole, l&rsquo;une en cliquant ici, et l&rsquo;autre en cliquant l\u00e0. &hellip; <a href=\"https:\/\/ecole.ac-nice.fr\/val-siagne\/rebuffelmat\/presentation-de-lecole\/\" class=\"more-link\">Continuer la lecture de <span class=\"screen-reader-text\">Pr\u00e9sentation de l&rsquo;\u00e9cole<\/span>  <span class=\"meta-nav\">&rarr;<\/span><\/a><\/p>\n","protected":false},"author":2,"featured_media":0,"parent":0,"menu_order":0,"comment_status":"closed","ping_status":"closed","template":"","meta":{"footnotes":""},"class_list":["post-70","page","type-page","status-publish","hentry"],"_links":{"self":[{"href":"https:\/\/ecole.ac-nice.fr\/val-siagne\/rebuffelmat\/wp-json\/wp\/v2\/pages\/70","targetHints":{"allow":["GET"]}}],"collection":[{"href":"https:\/\/ecole.ac-nice.fr\/val-siagne\/rebuffelmat\/wp-json\/wp\/v2\/pages"}],"about":[{"href":"https:\/\/ecole.ac-nice.fr\/val-siagne\/rebuffelmat\/wp-json\/wp\/v2\/types\/page"}],"author":[{"embeddable":true,"href":"https:\/\/ecole.ac-nice.fr\/val-siagne\/rebuffelmat\/wp-json\/wp\/v2\/users\/2"}],"replies":[{"embeddable":true,"href":"https:\/\/ecole.ac-nice.fr\/val-siagne\/rebuffelmat\/wp-json\/wp\/v2\/comments?post=70"}],"version-history":[{"count":12,"href":"https:\/\/ecole.ac-nice.fr\/val-siagne\/rebuffelmat\/wp-json\/wp\/v2\/pages\/70\/revisions"}],"predecessor-version":[{"id":1005,"href":"https:\/\/ecole.ac-nice.fr\/val-siagne\/rebuffelmat\/wp-json\/wp\/v2\/pages\/70\/revisions\/1005"}],"wp:attachment":[{"href":"https:\/\/ecole.ac-nice.fr\/val-siagne\/rebuffelmat\/wp-json\/wp\/v2\/media?parent=70"}],"curies":[{"name":"wp","href":"https:\/\/api.w.org\/{rel}","templated":true}]}}