{"id":68,"date":"2017-03-27T21:35:32","date_gmt":"2017-03-27T19:35:32","guid":{"rendered":"http:\/\/ecole.ac-nice.fr\/val-siagne\/rebuffelmat\/?page_id=68"},"modified":"2018-04-18T14:07:58","modified_gmt":"2018-04-18T12:07:58","slug":"informations-administratives","status":"publish","type":"page","link":"https:\/\/ecole.ac-nice.fr\/val-siagne\/rebuffelmat\/informations-administratives\/","title":{"rendered":"Informations administratives"},"content":{"rendered":"<p>Dans cette rubrique, vous trouverez :<\/p>\n<ul>\n<li><a href=\"https:\/\/www.google.fr\/maps\/place\/Ecole+maternelle+Cl%C3%A9ment+Rebuffel\/@43.602607,6.9926348,17z\/data=!3m1!4b1!4m5!3m4!1s0x12cc2991c7be5927:0xc75655089a14bda1!8m2!3d43.602607!4d6.9948235\">l&rsquo;adresse, le plan d&rsquo;acc\u00e8s et les contacts par rapport \u00e0 l&rsquo;\u00e9cole<\/a><\/li>\n<li><a href=\"http:\/\/ecole.ac-nice.fr\/val-siagne\/rebuffelmat\/informations-administratives\/horaires-de-lecole\/\">les horaires de l&rsquo;\u00e9cole<\/a><\/li>\n<li><a href=\"http:\/\/ecole.ac-nice.fr\/val-siagne\/rebuffelmat\/reglement-de-lecole\/\">le r\u00e8glement interne de l&rsquo;\u00e9cole<\/a><\/li>\n<li><a href=\"http:\/\/ecole.ac-nice.fr\/val-siagne\/rebuffelmat\/vacances-scolaires\/\">le calendrier des vacances scolaires<\/a><\/li>\n<\/ul>\n","protected":false},"excerpt":{"rendered":"<p>Dans cette rubrique, vous trouverez : l&rsquo;adresse, le plan d&rsquo;acc\u00e8s et les contacts par rapport \u00e0 l&rsquo;\u00e9cole les horaires de l&rsquo;\u00e9cole le r\u00e8glement interne de l&rsquo;\u00e9cole le calendrier des vacances scolaires<\/p>\n","protected":false},"author":2,"featured_media":0,"parent":0,"menu_order":0,"comment_status":"closed","ping_status":"closed","template":"","meta":{"footnotes":""},"class_list":["post-68","page","type-page","status-publish","hentry"],"_links":{"self":[{"href":"https:\/\/ecole.ac-nice.fr\/val-siagne\/rebuffelmat\/wp-json\/wp\/v2\/pages\/68","targetHints":{"allow":["GET"]}}],"collection":[{"href":"https:\/\/ecole.ac-nice.fr\/val-siagne\/rebuffelmat\/wp-json\/wp\/v2\/pages"}],"about":[{"href":"https:\/\/ecole.ac-nice.fr\/val-siagne\/rebuffelmat\/wp-json\/wp\/v2\/types\/page"}],"author":[{"embeddable":true,"href":"https:\/\/ecole.ac-nice.fr\/val-siagne\/rebuffelmat\/wp-json\/wp\/v2\/users\/2"}],"replies":[{"embeddable":true,"href":"https:\/\/ecole.ac-nice.fr\/val-siagne\/rebuffelmat\/wp-json\/wp\/v2\/comments?post=68"}],"version-history":[{"count":5,"href":"https:\/\/ecole.ac-nice.fr\/val-siagne\/rebuffelmat\/wp-json\/wp\/v2\/pages\/68\/revisions"}],"predecessor-version":[{"id":663,"href":"https:\/\/ecole.ac-nice.fr\/val-siagne\/rebuffelmat\/wp-json\/wp\/v2\/pages\/68\/revisions\/663"}],"wp:attachment":[{"href":"https:\/\/ecole.ac-nice.fr\/val-siagne\/rebuffelmat\/wp-json\/wp\/v2\/media?parent=68"}],"curies":[{"name":"wp","href":"https:\/\/api.w.org\/{rel}","templated":true}]}}