{"id":64,"date":"2017-03-27T21:26:05","date_gmt":"2017-03-27T19:26:05","guid":{"rendered":"http:\/\/ecole.ac-nice.fr\/val-siagne\/rebuffelmat\/?page_id=64"},"modified":"2022-10-04T10:13:05","modified_gmt":"2022-10-04T08:13:05","slug":"reglement-de-lecole","status":"publish","type":"page","link":"https:\/\/ecole.ac-nice.fr\/val-siagne\/rebuffelmat\/informations-administratives\/reglement-de-lecole\/","title":{"rendered":"R\u00e8glement de l&rsquo;\u00e9cole"},"content":{"rendered":"<p>En cliquant sur le lien suivant, vous acc\u00e8derez au r\u00e8glement de l&rsquo;\u00e9cole<\/p>\n<p><a href=\"http:\/\/ecole.ac-nice.fr\/val-siagne\/rebuffelmat\/wp-content\/uploads\/sites\/3\/2022\/10\/Reglement-Maternelle-Rebuffel-2022-2023.pdf\" target=\"_blank\" rel=\"noopener\">R\u00e8glement Maternelle Rebuffel 2022-2023<\/a><\/p>\n<p><a href=\"http:\/\/ecole.ac-nice.fr\/val-siagne\/rebuffelmat\/accueil\">Retour Accueil<\/a><\/p>\n","protected":false},"excerpt":{"rendered":"<p>En cliquant sur le lien suivant, vous acc\u00e8derez au r\u00e8glement de l&rsquo;\u00e9cole R\u00e8glement Maternelle Rebuffel 2022-2023 Retour Accueil<\/p>\n","protected":false},"author":2,"featured_media":0,"parent":68,"menu_order":2,"comment_status":"closed","ping_status":"closed","template":"","meta":{"footnotes":""},"class_list":["post-64","page","type-page","status-publish","hentry"],"_links":{"self":[{"href":"https:\/\/ecole.ac-nice.fr\/val-siagne\/rebuffelmat\/wp-json\/wp\/v2\/pages\/64","targetHints":{"allow":["GET"]}}],"collection":[{"href":"https:\/\/ecole.ac-nice.fr\/val-siagne\/rebuffelmat\/wp-json\/wp\/v2\/pages"}],"about":[{"href":"https:\/\/ecole.ac-nice.fr\/val-siagne\/rebuffelmat\/wp-json\/wp\/v2\/types\/page"}],"author":[{"embeddable":true,"href":"https:\/\/ecole.ac-nice.fr\/val-siagne\/rebuffelmat\/wp-json\/wp\/v2\/users\/2"}],"replies":[{"embeddable":true,"href":"https:\/\/ecole.ac-nice.fr\/val-siagne\/rebuffelmat\/wp-json\/wp\/v2\/comments?post=64"}],"version-history":[{"count":6,"href":"https:\/\/ecole.ac-nice.fr\/val-siagne\/rebuffelmat\/wp-json\/wp\/v2\/pages\/64\/revisions"}],"predecessor-version":[{"id":1048,"href":"https:\/\/ecole.ac-nice.fr\/val-siagne\/rebuffelmat\/wp-json\/wp\/v2\/pages\/64\/revisions\/1048"}],"up":[{"embeddable":true,"href":"https:\/\/ecole.ac-nice.fr\/val-siagne\/rebuffelmat\/wp-json\/wp\/v2\/pages\/68"}],"wp:attachment":[{"href":"https:\/\/ecole.ac-nice.fr\/val-siagne\/rebuffelmat\/wp-json\/wp\/v2\/media?parent=64"}],"curies":[{"name":"wp","href":"https:\/\/api.w.org\/{rel}","templated":true}]}}