{"id":552,"date":"2018-02-09T15:23:54","date_gmt":"2018-02-09T14:23:54","guid":{"rendered":"http:\/\/ecole.ac-nice.fr\/val-siagne\/rebuffelmat\/?page_id=552"},"modified":"2026-01-30T09:28:25","modified_gmt":"2026-01-30T08:28:25","slug":"inscriptions-en-ps","status":"publish","type":"page","link":"https:\/\/ecole.ac-nice.fr\/val-siagne\/rebuffelmat\/inscriptions-en-ps\/","title":{"rendered":"INSCRIPTIONS"},"content":{"rendered":"<p><span style=\"font-size: 14pt\"><strong>Rentr\u00e9e Septembre 2026<\/strong><\/span><\/p>\n<p>Pour les enfants n\u00e9s en 2021 &#8211; 2022 &#8211; 2023<\/p>\n<p>(uniquement les enfants qui ne sont pas actuellement inscrits)<\/p>\n<p>Lors du rendez-vous, se munir des documents suivants :<\/p>\n<p>&#8211; un certificat de vaccination d\u00e9livr\u00e9 par le m\u00e9decin attestant la mise \u00e0 jour des vaccins ou la photocopie des vaccinations obligatoires<\/p>\n<p>&#8211; le certificat d&rsquo;inscription d\u00e9livr\u00e9 par la Mairie<\/p>\n<p>&#8211; la photocopie du jugement en cas de s\u00e9paration<\/p>\n<p>&#8211; le certificat de radiation si l&rsquo;enfant a d\u00e9j\u00e0 \u00e9t\u00e9 scolaris\u00e9<\/p>\n<p>&#8211; le num\u00e9ro de s\u00e9curit\u00e9 sociale du papa et de la maman<\/p>\n<p>&#8211; une pi\u00e8ce d&rsquo;identit\u00e9<\/p>\n<p>La pr\u00e9sence de l&rsquo;enfant est obligatoire lors de l&rsquo;inscription \u00e0 l&rsquo;\u00e9cole<\/p>\n<p><strong>Apr\u00e8s \u00eatre pass\u00e9 au Guichet Unique, merci\u00a0 de prendre rendez-vous\u00a0 en cliquant sur le lien ci-dessous<br \/>\n<\/strong><\/p>\n<p><a href=\"https:\/\/www.timify.com\/fr-fr\/profile\/ecole-maternelle-rebuffel\" target=\"_blank\" rel=\"noopener noreferrer\">Prise de rendez-vous en ligne<\/a><\/p>\n<p>Apr\u00e8s avoir cliqu\u00e9 sur \u00ab\u00a0Prise de rendez-vous en ligne\u00a0\u00bb, cliquez sur \u00ab\u00a0R\u00e9servation en ligne\u00a0\u00bb puis sur \u00ab\u00a0Inscriptions\u00a0\u00bb. Choisissez ensuite la date et l&rsquo;horaire puis cliquez sur \u00ab\u00a0Connexion en tant qu&rsquo;invit\u00e9\u00a0\u00bb. Lorsque vous aurez tout valid\u00e9, vous recevrez un mail de confirmation.<\/p>\n<p><span style=\"color: #ff0000\">\u00a0<\/span><\/p>\n","protected":false},"excerpt":{"rendered":"<p>Rentr\u00e9e Septembre 2026 Pour les enfants n\u00e9s en 2021 &#8211; 2022 &#8211; 2023 (uniquement les enfants qui ne sont pas actuellement inscrits) Lors du rendez-vous, se munir des documents suivants : &#8211; un certificat de vaccination d\u00e9livr\u00e9 par le m\u00e9decin attestant la mise \u00e0 jour des vaccins ou la photocopie des vaccinations obligatoires &#8211; le &hellip; <a href=\"https:\/\/ecole.ac-nice.fr\/val-siagne\/rebuffelmat\/inscriptions-en-ps\/\" class=\"more-link\">Continuer la lecture de <span class=\"screen-reader-text\">INSCRIPTIONS<\/span>  <span class=\"meta-nav\">&rarr;<\/span><\/a><\/p>\n","protected":false},"author":5,"featured_media":0,"parent":0,"menu_order":0,"comment_status":"closed","ping_status":"closed","template":"","meta":{"footnotes":""},"class_list":["post-552","page","type-page","status-publish","hentry"],"_links":{"self":[{"href":"https:\/\/ecole.ac-nice.fr\/val-siagne\/rebuffelmat\/wp-json\/wp\/v2\/pages\/552","targetHints":{"allow":["GET"]}}],"collection":[{"href":"https:\/\/ecole.ac-nice.fr\/val-siagne\/rebuffelmat\/wp-json\/wp\/v2\/pages"}],"about":[{"href":"https:\/\/ecole.ac-nice.fr\/val-siagne\/rebuffelmat\/wp-json\/wp\/v2\/types\/page"}],"author":[{"embeddable":true,"href":"https:\/\/ecole.ac-nice.fr\/val-siagne\/rebuffelmat\/wp-json\/wp\/v2\/users\/5"}],"replies":[{"embeddable":true,"href":"https:\/\/ecole.ac-nice.fr\/val-siagne\/rebuffelmat\/wp-json\/wp\/v2\/comments?post=552"}],"version-history":[{"count":27,"href":"https:\/\/ecole.ac-nice.fr\/val-siagne\/rebuffelmat\/wp-json\/wp\/v2\/pages\/552\/revisions"}],"predecessor-version":[{"id":1249,"href":"https:\/\/ecole.ac-nice.fr\/val-siagne\/rebuffelmat\/wp-json\/wp\/v2\/pages\/552\/revisions\/1249"}],"wp:attachment":[{"href":"https:\/\/ecole.ac-nice.fr\/val-siagne\/rebuffelmat\/wp-json\/wp\/v2\/media?parent=552"}],"curies":[{"name":"wp","href":"https:\/\/api.w.org\/{rel}","templated":true}]}}