{"id":535,"date":"2018-02-01T20:45:41","date_gmt":"2018-02-01T19:45:41","guid":{"rendered":"http:\/\/ecole.ac-nice.fr\/val-siagne\/rebuffelmat\/?page_id=535"},"modified":"2023-01-17T15:21:45","modified_gmt":"2023-01-17T14:21:45","slug":"classe-des-petits-moyens-de-nathalie-et-cathy","status":"publish","type":"page","link":"https:\/\/ecole.ac-nice.fr\/val-siagne\/rebuffelmat\/presentation-de-lecole\/la-classe\/classe-des-petits-moyens-de-nathalie-et-cathy\/","title":{"rendered":"Classe des Moyens"},"content":{"rendered":"<p>Dans la classe, il y a 27 \u00e9l\u00e8ves de MS.<\/p>\n<p>La ma\u00eetresse s&rsquo;appelle Nathalie et est aid\u00e9e de St\u00e9phanie, son Atsem.<\/p>\n<p style=\"text-align: center\"><img loading=\"lazy\" decoding=\"async\" class=\"alignnone size-full wp-image-752\" src=\"http:\/\/ecole.ac-nice.fr\/val-siagne\/rebuffelmat\/wp-content\/uploads\/sites\/3\/2018\/11\/PB050067.jpg\" alt=\"\" width=\"200\" height=\"150\" \/>\u00a0 <img loading=\"lazy\" decoding=\"async\" class=\"alignnone size-full wp-image-750\" src=\"http:\/\/ecole.ac-nice.fr\/val-siagne\/rebuffelmat\/wp-content\/uploads\/sites\/3\/2018\/11\/PB050065.jpg\" alt=\"\" width=\"200\" height=\"150\" \/> <img loading=\"lazy\" decoding=\"async\" class=\"alignnone size-full wp-image-749\" src=\"http:\/\/ecole.ac-nice.fr\/val-siagne\/rebuffelmat\/wp-content\/uploads\/sites\/3\/2018\/11\/PB050064.jpg\" alt=\"\" width=\"200\" height=\"150\" \/><img loading=\"lazy\" decoding=\"async\" class=\"alignnone size-full wp-image-1098\" src=\"http:\/\/ecole.ac-nice.fr\/val-siagne\/rebuffelmat\/wp-content\/uploads\/sites\/3\/2023\/01\/IMG_1399-rotated.jpg\" alt=\"\" width=\"113\" height=\"150\" \/><\/p>\n","protected":false},"excerpt":{"rendered":"<p>Dans la classe, il y a 27 \u00e9l\u00e8ves de MS. La ma\u00eetresse s&rsquo;appelle Nathalie et est aid\u00e9e de St\u00e9phanie, son Atsem. \u00a0<\/p>\n","protected":false},"author":5,"featured_media":0,"parent":80,"menu_order":0,"comment_status":"closed","ping_status":"closed","template":"","meta":{"footnotes":""},"class_list":["post-535","page","type-page","status-publish","hentry"],"_links":{"self":[{"href":"https:\/\/ecole.ac-nice.fr\/val-siagne\/rebuffelmat\/wp-json\/wp\/v2\/pages\/535","targetHints":{"allow":["GET"]}}],"collection":[{"href":"https:\/\/ecole.ac-nice.fr\/val-siagne\/rebuffelmat\/wp-json\/wp\/v2\/pages"}],"about":[{"href":"https:\/\/ecole.ac-nice.fr\/val-siagne\/rebuffelmat\/wp-json\/wp\/v2\/types\/page"}],"author":[{"embeddable":true,"href":"https:\/\/ecole.ac-nice.fr\/val-siagne\/rebuffelmat\/wp-json\/wp\/v2\/users\/5"}],"replies":[{"embeddable":true,"href":"https:\/\/ecole.ac-nice.fr\/val-siagne\/rebuffelmat\/wp-json\/wp\/v2\/comments?post=535"}],"version-history":[{"count":9,"href":"https:\/\/ecole.ac-nice.fr\/val-siagne\/rebuffelmat\/wp-json\/wp\/v2\/pages\/535\/revisions"}],"predecessor-version":[{"id":1102,"href":"https:\/\/ecole.ac-nice.fr\/val-siagne\/rebuffelmat\/wp-json\/wp\/v2\/pages\/535\/revisions\/1102"}],"up":[{"embeddable":true,"href":"https:\/\/ecole.ac-nice.fr\/val-siagne\/rebuffelmat\/wp-json\/wp\/v2\/pages\/80"}],"wp:attachment":[{"href":"https:\/\/ecole.ac-nice.fr\/val-siagne\/rebuffelmat\/wp-json\/wp\/v2\/media?parent=535"}],"curies":[{"name":"wp","href":"https:\/\/api.w.org\/{rel}","templated":true}]}}