{"id":283,"date":"2018-01-31T08:50:00","date_gmt":"2018-01-31T07:50:00","guid":{"rendered":"http:\/\/ecole.ac-nice.fr\/val-siagne\/rebuffelmat\/?page_id=283"},"modified":"2018-01-31T21:31:39","modified_gmt":"2018-01-31T20:31:39","slug":"la-cantine","status":"publish","type":"page","link":"https:\/\/ecole.ac-nice.fr\/val-siagne\/rebuffelmat\/presentation-de-lecole\/la-cantine\/","title":{"rendered":"La cantine"},"content":{"rendered":"<p>Les enfants ont la chance de d\u00e9jeuner dans un lieu espac\u00e9 et clair.<\/p>\n<p>Notre chef, Philippe, et son \u00e9quipe pr\u00e9parent quotidiennement les repas sur place.<\/p>\n<p><img loading=\"lazy\" decoding=\"async\" class=\"size-medium wp-image-303\" src=\"http:\/\/ecole.ac-nice.fr\/val-siagne\/rebuffelmat\/wp-content\/uploads\/sites\/3\/2017\/06\/Cantine-300x225.jpg\" alt=\"\" width=\"300\" height=\"225\" srcset=\"https:\/\/ecole.ac-nice.fr\/val-siagne\/rebuffelmat\/wp-content\/uploads\/sites\/3\/2017\/06\/Cantine-300x225.jpg 300w, https:\/\/ecole.ac-nice.fr\/val-siagne\/rebuffelmat\/wp-content\/uploads\/sites\/3\/2017\/06\/Cantine-768x576.jpg 768w, https:\/\/ecole.ac-nice.fr\/val-siagne\/rebuffelmat\/wp-content\/uploads\/sites\/3\/2017\/06\/Cantine-1024x768.jpg 1024w\" sizes=\"auto, (max-width: 300px) 100vw, 300px\" \/><\/p>\n<p><a href=\"http:\/\/ecole.ac-nice.fr\/val-siagne\/rebuffelmat\/pr\u00e9sentation-de-l-\u00e9cole\">Retour : Pr\u00e9sentation de l&rsquo;\u00e9cole<\/a><\/p>\n","protected":false},"excerpt":{"rendered":"<p>Les enfants ont la chance de d\u00e9jeuner dans un lieu espac\u00e9 et clair. Notre chef, Philippe, et son \u00e9quipe pr\u00e9parent quotidiennement les repas sur place. Retour : Pr\u00e9sentation de l&rsquo;\u00e9cole<\/p>\n","protected":false},"author":11,"featured_media":0,"parent":70,"menu_order":5,"comment_status":"closed","ping_status":"closed","template":"","meta":{"footnotes":""},"class_list":["post-283","page","type-page","status-publish","hentry"],"_links":{"self":[{"href":"https:\/\/ecole.ac-nice.fr\/val-siagne\/rebuffelmat\/wp-json\/wp\/v2\/pages\/283","targetHints":{"allow":["GET"]}}],"collection":[{"href":"https:\/\/ecole.ac-nice.fr\/val-siagne\/rebuffelmat\/wp-json\/wp\/v2\/pages"}],"about":[{"href":"https:\/\/ecole.ac-nice.fr\/val-siagne\/rebuffelmat\/wp-json\/wp\/v2\/types\/page"}],"author":[{"embeddable":true,"href":"https:\/\/ecole.ac-nice.fr\/val-siagne\/rebuffelmat\/wp-json\/wp\/v2\/users\/11"}],"replies":[{"embeddable":true,"href":"https:\/\/ecole.ac-nice.fr\/val-siagne\/rebuffelmat\/wp-json\/wp\/v2\/comments?post=283"}],"version-history":[{"count":2,"href":"https:\/\/ecole.ac-nice.fr\/val-siagne\/rebuffelmat\/wp-json\/wp\/v2\/pages\/283\/revisions"}],"predecessor-version":[{"id":515,"href":"https:\/\/ecole.ac-nice.fr\/val-siagne\/rebuffelmat\/wp-json\/wp\/v2\/pages\/283\/revisions\/515"}],"up":[{"embeddable":true,"href":"https:\/\/ecole.ac-nice.fr\/val-siagne\/rebuffelmat\/wp-json\/wp\/v2\/pages\/70"}],"wp:attachment":[{"href":"https:\/\/ecole.ac-nice.fr\/val-siagne\/rebuffelmat\/wp-json\/wp\/v2\/media?parent=283"}],"curies":[{"name":"wp","href":"https:\/\/api.w.org\/{rel}","templated":true}]}}