{"id":261,"date":"2017-04-01T16:35:01","date_gmt":"2017-04-01T14:35:01","guid":{"rendered":"http:\/\/ecole.ac-nice.fr\/val-siagne\/rebuffelmat\/?page_id=261"},"modified":"2023-01-17T15:17:43","modified_gmt":"2023-01-17T14:17:43","slug":"bcd","status":"publish","type":"page","link":"https:\/\/ecole.ac-nice.fr\/val-siagne\/rebuffelmat\/presentation-de-lecole\/bcd\/","title":{"rendered":"BCD"},"content":{"rendered":"<p>Les enfants b\u00e9n\u00e9ficient d&rsquo;une belle salle de lecture o\u00f9 ils peuvent consulter des livres.<\/p>\n<p><img loading=\"lazy\" decoding=\"async\" class=\"alignnone wp-image-1090 aligncenter\" src=\"http:\/\/ecole.ac-nice.fr\/val-siagne\/rebuffelmat\/wp-content\/uploads\/sites\/3\/2023\/01\/IMG_1395.jpg\" alt=\"\" width=\"248\" height=\"186\" \/><\/p>\n<p><img loading=\"lazy\" decoding=\"async\" class=\" wp-image-493 aligncenter\" src=\"http:\/\/ecole.ac-nice.fr\/val-siagne\/rebuffelmat\/wp-content\/uploads\/sites\/3\/2018\/01\/P5220299.jpg\" alt=\"\" width=\"248\" height=\"186\" \/><\/p>\n<p><a href=\"http:\/\/ecole.ac-nice.fr\/val-siagne\/rebuffelmat\/presentation-de-lecole\">Retour : Pr\u00e9sentation \u00e9cole<\/a><\/p>\n<p>&nbsp;<\/p>\n<p>&nbsp;<\/p>\n","protected":false},"excerpt":{"rendered":"<p>Les enfants b\u00e9n\u00e9ficient d&rsquo;une belle salle de lecture o\u00f9 ils peuvent consulter des livres. Retour : Pr\u00e9sentation \u00e9cole &nbsp; &nbsp;<\/p>\n","protected":false},"author":5,"featured_media":0,"parent":70,"menu_order":4,"comment_status":"closed","ping_status":"closed","template":"","meta":{"footnotes":""},"class_list":["post-261","page","type-page","status-publish","hentry"],"_links":{"self":[{"href":"https:\/\/ecole.ac-nice.fr\/val-siagne\/rebuffelmat\/wp-json\/wp\/v2\/pages\/261","targetHints":{"allow":["GET"]}}],"collection":[{"href":"https:\/\/ecole.ac-nice.fr\/val-siagne\/rebuffelmat\/wp-json\/wp\/v2\/pages"}],"about":[{"href":"https:\/\/ecole.ac-nice.fr\/val-siagne\/rebuffelmat\/wp-json\/wp\/v2\/types\/page"}],"author":[{"embeddable":true,"href":"https:\/\/ecole.ac-nice.fr\/val-siagne\/rebuffelmat\/wp-json\/wp\/v2\/users\/5"}],"replies":[{"embeddable":true,"href":"https:\/\/ecole.ac-nice.fr\/val-siagne\/rebuffelmat\/wp-json\/wp\/v2\/comments?post=261"}],"version-history":[{"count":5,"href":"https:\/\/ecole.ac-nice.fr\/val-siagne\/rebuffelmat\/wp-json\/wp\/v2\/pages\/261\/revisions"}],"predecessor-version":[{"id":1093,"href":"https:\/\/ecole.ac-nice.fr\/val-siagne\/rebuffelmat\/wp-json\/wp\/v2\/pages\/261\/revisions\/1093"}],"up":[{"embeddable":true,"href":"https:\/\/ecole.ac-nice.fr\/val-siagne\/rebuffelmat\/wp-json\/wp\/v2\/pages\/70"}],"wp:attachment":[{"href":"https:\/\/ecole.ac-nice.fr\/val-siagne\/rebuffelmat\/wp-json\/wp\/v2\/media?parent=261"}],"curies":[{"name":"wp","href":"https:\/\/api.w.org\/{rel}","templated":true}]}}