{"id":12,"date":"2017-03-26T19:52:20","date_gmt":"2017-03-26T17:52:20","guid":{"rendered":"http:\/\/ecole.ac-nice.fr\/val-siagne\/rebuffelmat\/?page_id=12"},"modified":"2025-09-08T09:16:45","modified_gmt":"2025-09-08T07:16:45","slug":"accueil","status":"publish","type":"page","link":"https:\/\/ecole.ac-nice.fr\/val-siagne\/rebuffelmat\/","title":{"rendered":"Accueil"},"content":{"rendered":"<h1>Bonjour et bienvenue<\/h1>\n<p><img loading=\"lazy\" decoding=\"async\" class=\"alignnone wp-image-1081 aligncenter\" src=\"http:\/\/ecole.ac-nice.fr\/val-siagne\/rebuffelmat\/wp-content\/uploads\/sites\/3\/2023\/01\/IMG_1417-1-rotated.jpg\" alt=\"\" width=\"189\" height=\"142\" \/><\/p>\n<p>Voici le nouveau site de l&rsquo;\u00e9cole maternelle Cl\u00e9ment REBUFFEL.<\/p>\n<p>Vous y trouverez :<\/p>\n<ul>\n<li>diff\u00e9rentes informations administratives<\/li>\n<li>des contacts<\/li>\n<li>des \u00e9l\u00e9ments de notre vie \u00e0 l&rsquo;\u00e9cole<\/li>\n<li>&#8230;.<\/li>\n<\/ul>\n<p>Accueil t\u00e9l\u00e9phonique : 04.92.28.05.70<\/p>\n<ul>\n<li>lundi de 8h30 \u00e0 11h45 et de 13h45 \u00e0 16h30<\/li>\n<li>mardi, jeudi et vendredi de 10h15 \u00e0 10h45 et de 15h15 \u00e0 15h45<\/li>\n<\/ul>\n<p>Jour de d\u00e9charge de la directrice : LUNDI<\/p>\n","protected":false},"excerpt":{"rendered":"<p>Bonjour et bienvenue Voici le nouveau site de l&rsquo;\u00e9cole maternelle Cl\u00e9ment REBUFFEL. Vous y trouverez : diff\u00e9rentes informations administratives des contacts des \u00e9l\u00e9ments de notre vie \u00e0 l&rsquo;\u00e9cole &#8230;. Accueil t\u00e9l\u00e9phonique : 04.92.28.05.70 lundi de 8h30 \u00e0 11h45 et de 13h45 \u00e0 16h30 mardi, jeudi et vendredi de 10h15 \u00e0 10h45 et de 15h15 \u00e0 &hellip; <a href=\"https:\/\/ecole.ac-nice.fr\/val-siagne\/rebuffelmat\/\" class=\"more-link\">Continuer la lecture de <span class=\"screen-reader-text\">Accueil<\/span>  <span class=\"meta-nav\">&rarr;<\/span><\/a><\/p>\n","protected":false},"author":2,"featured_media":0,"parent":0,"menu_order":0,"comment_status":"closed","ping_status":"closed","template":"","meta":{"footnotes":""},"class_list":["post-12","page","type-page","status-publish","hentry"],"_links":{"self":[{"href":"https:\/\/ecole.ac-nice.fr\/val-siagne\/rebuffelmat\/wp-json\/wp\/v2\/pages\/12","targetHints":{"allow":["GET"]}}],"collection":[{"href":"https:\/\/ecole.ac-nice.fr\/val-siagne\/rebuffelmat\/wp-json\/wp\/v2\/pages"}],"about":[{"href":"https:\/\/ecole.ac-nice.fr\/val-siagne\/rebuffelmat\/wp-json\/wp\/v2\/types\/page"}],"author":[{"embeddable":true,"href":"https:\/\/ecole.ac-nice.fr\/val-siagne\/rebuffelmat\/wp-json\/wp\/v2\/users\/2"}],"replies":[{"embeddable":true,"href":"https:\/\/ecole.ac-nice.fr\/val-siagne\/rebuffelmat\/wp-json\/wp\/v2\/comments?post=12"}],"version-history":[{"count":11,"href":"https:\/\/ecole.ac-nice.fr\/val-siagne\/rebuffelmat\/wp-json\/wp\/v2\/pages\/12\/revisions"}],"predecessor-version":[{"id":1227,"href":"https:\/\/ecole.ac-nice.fr\/val-siagne\/rebuffelmat\/wp-json\/wp\/v2\/pages\/12\/revisions\/1227"}],"wp:attachment":[{"href":"https:\/\/ecole.ac-nice.fr\/val-siagne\/rebuffelmat\/wp-json\/wp\/v2\/media?parent=12"}],"curies":[{"name":"wp","href":"https:\/\/api.w.org\/{rel}","templated":true}]}}