{"id":43,"date":"2017-03-28T11:47:41","date_gmt":"2017-03-28T09:47:41","guid":{"rendered":"http:\/\/ecole.ac-nice.fr\/val-siagne\/rebuffel\/?page_id=43"},"modified":"2018-04-27T15:23:50","modified_gmt":"2018-04-27T13:23:50","slug":"adresse-et-contacts","status":"publish","type":"page","link":"https:\/\/ecole.ac-nice.fr\/val-siagne\/rebuffel\/les-infos-administratives\/adresse-et-contacts\/","title":{"rendered":"Adresse et contacts"},"content":{"rendered":"<h1>O\u00f9 nous trouvons nous ?<\/h1>\n<p>241 avenue Paul Robert, 06250 Mougins<\/p>\n<h1>Comment nous joindre ?<\/h1>\n<p><strong>Pour tout contact, adresse mail \u00e0 privil\u00e9gier : \u00a0<\/strong><\/p>\n<p><span style=\"text-decoration: underline\"><strong> <img loading=\"lazy\" decoding=\"async\" class=\"alignnone wp-image-212\" src=\"http:\/\/ecole.ac-nice.fr\/val-siagne\/rebuffel\/wp-content\/uploads\/sites\/8\/2018\/02\/enveloppe.jpg\" alt=\"\" width=\"78\" height=\"74\" \/><\/strong><\/span><strong>\u00a0 <\/strong><a href=\"mailto:ecole.0061537N@ac-nice.fr\"><span style=\"text-decoration: underline\"><strong>ecole.0061537N@ac-nice.fr<\/strong><\/span><\/a><\/p>\n<h1><img loading=\"lazy\" decoding=\"async\" class=\"wp-image-209 alignleft\" src=\"http:\/\/ecole.ac-nice.fr\/val-siagne\/rebuffel\/wp-content\/uploads\/sites\/8\/2018\/02\/image-telephone-300x300.png\" alt=\"\" width=\"79\" height=\"79\" srcset=\"https:\/\/ecole.ac-nice.fr\/val-siagne\/rebuffel\/wp-content\/uploads\/sites\/8\/2018\/02\/image-telephone-300x300.png 300w, https:\/\/ecole.ac-nice.fr\/val-siagne\/rebuffel\/wp-content\/uploads\/sites\/8\/2018\/02\/image-telephone-150x150.png 150w, https:\/\/ecole.ac-nice.fr\/val-siagne\/rebuffel\/wp-content\/uploads\/sites\/8\/2018\/02\/image-telephone.png 718w\" sizes=\"auto, (max-width: 79px) 100vw, 79px\" \/><\/h1>\n<p>&nbsp;<\/p>\n<p><strong><span style=\"text-decoration: underline\">Par t\u00e9l\u00e9phone <\/span>:\u00a0 04 93 75 59 44<\/strong><\/p>\n<p>le <span style=\"text-decoration: underline\">lundi<\/span> de 8h \u00e0 12h<\/p>\n<p>le <span style=\"text-decoration: underline\">jeudi<\/span> de 8h \u00e0 12h et de\u00a0 13h45 \u00e0 15h<\/p>\n","protected":false},"excerpt":{"rendered":"<p>O\u00f9 nous trouvons nous ? 241 avenue Paul Robert, 06250 Mougins Comment nous joindre ? Pour tout contact, adresse mail \u00e0 privil\u00e9gier : \u00a0 \u00a0 ecole.0061537N@ac-nice.fr &nbsp; Par t\u00e9l\u00e9phone :\u00a0 04 93 75 59 44 le lundi de 8h \u00e0 12h le jeudi de 8h \u00e0 12h et de\u00a0 13h45 \u00e0 15h<\/p>\n","protected":false},"author":2,"featured_media":0,"parent":23,"menu_order":1,"comment_status":"closed","ping_status":"closed","template":"","meta":{"footnotes":""},"class_list":["post-43","page","type-page","status-publish","hentry"],"_links":{"self":[{"href":"https:\/\/ecole.ac-nice.fr\/val-siagne\/rebuffel\/wp-json\/wp\/v2\/pages\/43","targetHints":{"allow":["GET"]}}],"collection":[{"href":"https:\/\/ecole.ac-nice.fr\/val-siagne\/rebuffel\/wp-json\/wp\/v2\/pages"}],"about":[{"href":"https:\/\/ecole.ac-nice.fr\/val-siagne\/rebuffel\/wp-json\/wp\/v2\/types\/page"}],"author":[{"embeddable":true,"href":"https:\/\/ecole.ac-nice.fr\/val-siagne\/rebuffel\/wp-json\/wp\/v2\/users\/2"}],"replies":[{"embeddable":true,"href":"https:\/\/ecole.ac-nice.fr\/val-siagne\/rebuffel\/wp-json\/wp\/v2\/comments?post=43"}],"version-history":[{"count":10,"href":"https:\/\/ecole.ac-nice.fr\/val-siagne\/rebuffel\/wp-json\/wp\/v2\/pages\/43\/revisions"}],"predecessor-version":[{"id":282,"href":"https:\/\/ecole.ac-nice.fr\/val-siagne\/rebuffel\/wp-json\/wp\/v2\/pages\/43\/revisions\/282"}],"up":[{"embeddable":true,"href":"https:\/\/ecole.ac-nice.fr\/val-siagne\/rebuffel\/wp-json\/wp\/v2\/pages\/23"}],"wp:attachment":[{"href":"https:\/\/ecole.ac-nice.fr\/val-siagne\/rebuffel\/wp-json\/wp\/v2\/media?parent=43"}],"curies":[{"name":"wp","href":"https:\/\/api.w.org\/{rel}","templated":true}]}}