{"id":260,"date":"2018-04-27T14:27:07","date_gmt":"2018-04-27T12:27:07","guid":{"rendered":"http:\/\/ecole.ac-nice.fr\/val-siagne\/rebuffel\/?page_id=260"},"modified":"2018-05-03T09:03:37","modified_gmt":"2018-05-03T07:03:37","slug":"classe-de-cm2-mme-desbuisson","status":"publish","type":"page","link":"https:\/\/ecole.ac-nice.fr\/val-siagne\/rebuffel\/classe-de-cm2-mme-desbuisson\/","title":{"rendered":"Classe de CM2 &#8211; Mme Desbuisson"},"content":{"rendered":"<p>Situ\u00e9e au 2e \u00e9tage, cette classe de CM2 accueille 28 \u00e9l\u00e8ves.<\/p>\n<p><img loading=\"lazy\" decoding=\"async\" class=\" wp-image-318 aligncenter\" src=\"http:\/\/ecole.ac-nice.fr\/val-siagne\/rebuffel\/wp-content\/uploads\/sites\/8\/2018\/05\/P1000402-300x225.jpg\" alt=\"\" width=\"349\" height=\"262\" srcset=\"https:\/\/ecole.ac-nice.fr\/val-siagne\/rebuffel\/wp-content\/uploads\/sites\/8\/2018\/05\/P1000402-300x225.jpg 300w, https:\/\/ecole.ac-nice.fr\/val-siagne\/rebuffel\/wp-content\/uploads\/sites\/8\/2018\/05\/P1000402-768x576.jpg 768w, https:\/\/ecole.ac-nice.fr\/val-siagne\/rebuffel\/wp-content\/uploads\/sites\/8\/2018\/05\/P1000402.jpg 1024w\" sizes=\"auto, (max-width: 349px) 100vw, 349px\" \/><\/p>\n<p>Pour recevoir les livrets des \u00e9l\u00e8ves, pensez \u00e0 nous envoyer votre adresse mail \u00e0 <a href=\"mailto:rebuffelsandra@gmail.com\">rebuffelsandra@gmail.com<\/a><\/p>\n","protected":false},"excerpt":{"rendered":"<p>Situ\u00e9e au 2e \u00e9tage, cette classe de CM2 accueille 28 \u00e9l\u00e8ves. Pour recevoir les livrets des \u00e9l\u00e8ves, pensez \u00e0 nous envoyer votre adresse mail \u00e0 rebuffelsandra@gmail.com<\/p>\n","protected":false},"author":57,"featured_media":0,"parent":0,"menu_order":0,"comment_status":"closed","ping_status":"closed","template":"","meta":{"footnotes":""},"class_list":["post-260","page","type-page","status-publish","hentry"],"_links":{"self":[{"href":"https:\/\/ecole.ac-nice.fr\/val-siagne\/rebuffel\/wp-json\/wp\/v2\/pages\/260","targetHints":{"allow":["GET"]}}],"collection":[{"href":"https:\/\/ecole.ac-nice.fr\/val-siagne\/rebuffel\/wp-json\/wp\/v2\/pages"}],"about":[{"href":"https:\/\/ecole.ac-nice.fr\/val-siagne\/rebuffel\/wp-json\/wp\/v2\/types\/page"}],"author":[{"embeddable":true,"href":"https:\/\/ecole.ac-nice.fr\/val-siagne\/rebuffel\/wp-json\/wp\/v2\/users\/57"}],"replies":[{"embeddable":true,"href":"https:\/\/ecole.ac-nice.fr\/val-siagne\/rebuffel\/wp-json\/wp\/v2\/comments?post=260"}],"version-history":[{"count":5,"href":"https:\/\/ecole.ac-nice.fr\/val-siagne\/rebuffel\/wp-json\/wp\/v2\/pages\/260\/revisions"}],"predecessor-version":[{"id":321,"href":"https:\/\/ecole.ac-nice.fr\/val-siagne\/rebuffel\/wp-json\/wp\/v2\/pages\/260\/revisions\/321"}],"wp:attachment":[{"href":"https:\/\/ecole.ac-nice.fr\/val-siagne\/rebuffel\/wp-json\/wp\/v2\/media?parent=260"}],"curies":[{"name":"wp","href":"https:\/\/api.w.org\/{rel}","templated":true}]}}